{"id":2341,"date":"2025-01-30T15:46:44","date_gmt":"2025-01-30T14:46:44","guid":{"rendered":"https:\/\/www.arabat.eus\/arabat\/"},"modified":"2025-07-22T11:17:49","modified_gmt":"2025-07-22T09:17:49","slug":"arabat","status":"publish","type":"page","link":"https:\/\/www.arabat.eus\/en\/arabat\/","title":{"rendered":"Arabat"},"content":{"rendered":"\n<div class=\"wp-block-cover is-light full-width inner-header\" style=\"min-height:30rem;aspect-ratio:unset;aspect-ratio:unset;\"><span aria-hidden=\"true\" class=\"wp-block-cover__background has-background-dim-0 has-background-dim has-background-gradient\" style=\"background:linear-gradient(135deg,rgba(242,245,247,0) 32%,rgba(243,245,247,0.5) 47%,rgba(242,245,247,0) 100%)\"><\/span><img loading=\"lazy\" decoding=\"async\" width=\"1024\" height=\"314\" class=\"wp-block-cover__image-background wp-image-1640\" alt=\"Arabat\" src=\"https:\/\/www.arabat.eus\/wp-content\/uploads\/2025\/06\/arabat-inner-header-bg-10-1024x314.jpg\" data-object-fit=\"cover\" srcset=\"https:\/\/www.arabat.eus\/wp-content\/uploads\/2025\/06\/arabat-inner-header-bg-10-1024x314.jpg 1024w, https:\/\/www.arabat.eus\/wp-content\/uploads\/2025\/06\/arabat-inner-header-bg-10-300x92.jpg 300w, https:\/\/www.arabat.eus\/wp-content\/uploads\/2025\/06\/arabat-inner-header-bg-10-768x236.jpg 768w, https:\/\/www.arabat.eus\/wp-content\/uploads\/2025\/06\/arabat-inner-header-bg-10-1536x471.jpg 1536w, https:\/\/www.arabat.eus\/wp-content\/uploads\/2025\/06\/arabat-inner-header-bg-10-2048x629.jpg 2048w\" sizes=\"auto, (max-width: 1024px) 100vw, 1024px\" \/><div class=\"wp-block-cover__inner-container is-layout-flow wp-block-cover-is-layout-flow\">\n<h1 class=\"wp-block-heading has-text-align-center display-5\">About Arabat<\/h1>\n\n\n\n<p class=\"has-text-align-center mw-45 mx-auto lead\">We manage the AP-1 in Alava, the subsidies for residents in this area and the AP-68, and we publish our tenders in the Contractor&#8217;s Profile.<\/p>\n\n\n\n<div class=\"wp-block-group mt-4 is-content-justification-center is-nowrap is-layout-flex wp-container-core-group-is-layout-1 wp-block-group-is-layout-flex\">\n<div class=\"wp-block-buttons is-layout-flex wp-block-buttons-is-layout-flex\">\n<div class=\"wp-block-button has-custom-font-size has-medium-font-size\"><a class=\"wp-block-button__link has-black-background-color has-background wp-element-button\" href=\"https:\/\/www.contratacion.euskadi.eus\/webkpe00-kpeperfi\/es\/ac70cPublicidadWar\/busquedaAnuncios?locale=es\" style=\"border-radius:8px\" target=\"_blank\" rel=\"noreferrer noopener\">Contractor&#8217;s profile<\/a><\/div>\n\n\n\n<div class=\"wp-block-button has-custom-font-size is-style-fill pe-0 has-medium-font-size\"><a class=\"wp-block-button__link has-primary-dark-background-color has-background wp-element-button\" href=\"https:\/\/www.arabat.eus\/en\/contact\/\" style=\"border-radius:8px\">Contact<i class=\"bi bi-envelope-arrow-up ms-2\"><\/i><\/a><\/div>\n<\/div>\n<\/div>\n<\/div><\/div>\n\n<div id=\"transportes_especiales\" class=\"wp-block-group mt-4 flex-column flex-md-row is-nowrap is-layout-flex wp-container-core-group-is-layout-4 wp-block-group-is-layout-flex\">\n<div class=\"wp-block-group p-md-5 wp-container-content-1\"><div class=\"wp-block-group__inner-container is-layout-constrained wp-block-group-is-layout-constrained\">\n<h2 class=\"wp-block-heading h3 small-border\">Your Mobility in Alava<\/h2>\n\n\n\n<p class=\"d-block d-mg-flex lead\">We are Arabat (Arabako Bideak-V\u00edas de \u00c1lava, S.A.), the public company of the Provincial Council of \u00c1lava dedicated to planning, building, preserving and managing high-capacity roads and other key infrastructures in the territory.<\/p>\n\n\n\n<p>Our journey began in 2003 with the major project of the AP-1 highway (Vitoria-Gasteiz-Eibar section), which was opened to traffic in 2009. Since then, our commitment has been to offer you the best service, guarantee your safety, enhance the connectivity of Alava and facilitate the assistance for those who frequently use our roads. <br\/><br\/><\/p>\n<\/div><\/div>\n\n\n\n<div class=\"wp-block-group wp-container-content-2\"><div class=\"wp-block-group__inner-container is-layout-constrained wp-block-group-is-layout-constrained\">\n<figure class=\"wp-block-image size-full\"><img loading=\"lazy\" decoding=\"async\" width=\"933\" height=\"622\" src=\"https:\/\/www.arabat.eus\/wp-content\/uploads\/2025\/06\/sobre-arabat-01-02-2x.jpg\" alt=\"\" class=\"wp-image-1524\" srcset=\"https:\/\/www.arabat.eus\/wp-content\/uploads\/2025\/06\/sobre-arabat-01-02-2x.jpg 933w, https:\/\/www.arabat.eus\/wp-content\/uploads\/2025\/06\/sobre-arabat-01-02-2x-300x200.jpg 300w, https:\/\/www.arabat.eus\/wp-content\/uploads\/2025\/06\/sobre-arabat-01-02-2x-768x512.jpg 768w\" sizes=\"auto, (max-width: 933px) 100vw, 933px\" \/><\/figure>\n<\/div><\/div>\n<\/div>\n\n<div id=\"transportes_especiales\" class=\"wp-block-group mt-4 flex-column flex-md-row is-nowrap is-layout-flex wp-container-core-group-is-layout-7 wp-block-group-is-layout-flex\">\n<div class=\"wp-block-group wp-container-content-3\"><div class=\"wp-block-group__inner-container is-layout-constrained wp-block-group-is-layout-constrained\">\n<figure class=\"wp-block-image size-full\"><img loading=\"lazy\" decoding=\"async\" width=\"933\" height=\"622\" src=\"https:\/\/www.arabat.eus\/wp-content\/uploads\/2025\/06\/sobre-arabat-02-02-2x.jpg\" alt=\"\" class=\"wp-image-1527\" srcset=\"https:\/\/www.arabat.eus\/wp-content\/uploads\/2025\/06\/sobre-arabat-02-02-2x.jpg 933w, https:\/\/www.arabat.eus\/wp-content\/uploads\/2025\/06\/sobre-arabat-02-02-2x-300x200.jpg 300w, https:\/\/www.arabat.eus\/wp-content\/uploads\/2025\/06\/sobre-arabat-02-02-2x-768x512.jpg 768w\" sizes=\"auto, (max-width: 933px) 100vw, 933px\" \/><\/figure>\n<\/div><\/div>\n\n\n\n<div class=\"wp-block-group p-md-5 wp-container-content-4\"><div class=\"wp-block-group__inner-container is-layout-constrained wp-block-group-is-layout-constrained\">\n<h2 class=\"wp-block-heading h3 small-border\">New Challenges, Same Commitment<\/h2>\n\n\n\n<p class=\"d-block d-mg-flex\">With 20 years of experience in the AP-1, we look to the future. Today, our focus is expanding to meet the challenges of economic, social and environmental sustainability of roads in Alava. This means that we will expand our responsibilities to continue improving mobility in our territory.  <\/p>\n\n\n\n<ul class=\"wp-block-list lista-con-icono lista-check\">\n<li><a href=\"https:\/\/www.contratacion.euskadi.eus\/webkpe00-kpeperfi\/es\/ac70cPublicidadWar\/busquedaAnuncios?locale=es\" target=\"_blank\" rel=\"noreferrer noopener\">Current tenders and contracts &#8220;Perfil del Contratante&#8221;.<\/a><\/li>\n\n\n\n<li><a href=\"https:\/\/www.euskadi.eus\/registro-contratos-arabat-vias-alava-s-del-2022\/web01-sede\/es\/\" data-type=\"link\" data-id=\"https:\/\/www.euskadi.eus\/registro-contratos-arabat-vias-alava-s-del-2022\/web01-sede\/es\/\" target=\"_blank\" rel=\"noreferrer noopener\">Arabat Public Information &#8220;Transparency Portal&#8221;.<\/a><\/li>\n\n\n\n<li><a href=\"https:\/\/www.arabat.eus\/wp-content\/uploads\/2025\/04\/declaracion-dominio-del-set.pdf\" data-type=\"link\" data-id=\"https:\/\/www.arabat.eus\/wp-content\/uploads\/2025\/04\/declaracion-dominio-del-set.pdf\" target=\"_blank\" rel=\"noreferrer noopener\">European Electronic Toll Collection System (ETCS) Domain Declaration &#8220;EETS Declaration&#8221;.<\/a><\/li>\n\n\n\n<li><a href=\"https:\/\/www.arabat.eus\/en\/formalities\/\" data-type=\"page\" data-id=\"801\">Online procedures &#8220;Procedures<\/a><\/li>\n<\/ul>\n<\/div><\/div>\n<\/div>\n\n<div style=\"height:100px\" aria-hidden=\"true\" class=\"wp-block-spacer\"><\/div>\n\n<h2 class=\"wp-block-heading has-text-align-center h4\">Collaborating companies:<\/h2>\n\n<div class=\"wp-block-columns mt-4 mw-50 mx-auto align-items-strech is-layout-flex wp-container-core-columns-is-layout-1 wp-block-columns-is-layout-flex\">\n<div class=\"wp-block-column is-vertically-aligned-stretch bg-light is-layout-flow wp-block-column-is-layout-flow\"><div class=\"wp-block-image d-flex justify-content-center align-items-center h-100\">\n<figure class=\"aligncenter size-full\"><img loading=\"lazy\" decoding=\"async\" width=\"152\" height=\"100\" src=\"https:\/\/www.arabat.eus\/wp-content\/uploads\/2025\/06\/logo-bidegi.png\" alt=\"\" class=\"wp-image-1722\" srcset=\"https:\/\/www.arabat.eus\/wp-content\/uploads\/2025\/06\/logo-bidegi.png 152w, https:\/\/www.arabat.eus\/wp-content\/uploads\/2025\/06\/logo-bidegi-150x100.png 150w\" sizes=\"auto, (max-width: 152px) 100vw, 152px\" \/><\/figure><\/div><\/div>\n\n\n\n<div class=\"wp-block-column is-vertically-aligned-stretch bg-light is-layout-flow wp-block-column-is-layout-flow\"><div class=\"wp-block-image is-style-default d-flex justify-content-center align-items-center h-100\">\n<figure class=\"aligncenter size-full is-resized\"><img loading=\"lazy\" decoding=\"async\" width=\"306\" height=\"232\" src=\"https:\/\/www.arabat.eus\/wp-content\/uploads\/2025\/06\/logo-interbiak.png\" alt=\"\" class=\"wp-image-1724\" style=\"width:200px\" srcset=\"https:\/\/www.arabat.eus\/wp-content\/uploads\/2025\/06\/logo-interbiak.png 306w, https:\/\/www.arabat.eus\/wp-content\/uploads\/2025\/06\/logo-interbiak-300x227.png 300w\" sizes=\"auto, (max-width: 306px) 100vw, 306px\" \/><\/figure><\/div><\/div>\n\n\n\n<div class=\"wp-block-column is-vertically-aligned-stretch bg-light is-layout-flow wp-block-column-is-layout-flow\"><div class=\"wp-block-image d-flex justify-content-center align-items-center h-100\">\n<figure class=\"aligncenter size-full is-resized\"><img loading=\"lazy\" decoding=\"async\" width=\"170\" height=\"67\" src=\"https:\/\/www.arabat.eus\/wp-content\/uploads\/2025\/01\/Logo.svg\" alt=\"Arabat\" class=\"wp-image-32\" style=\"width:138px\"\/><\/figure><\/div><\/div>\n<\/div>\n\n<p><\/p>\n","protected":false},"excerpt":{"rendered":"<p>Your Mobility in Alava We are Arabat (Arabako Bideak-V\u00edas de \u00c1lava, S.A.), the public company of the Provincial Council of [&hellip;]<\/p>\n","protected":false},"author":2,"featured_media":0,"parent":0,"menu_order":0,"comment_status":"closed","ping_status":"closed","template":"","meta":{"footnotes":""},"class_list":["post-2341","page","type-page","status-publish","hentry"],"_links":{"self":[{"href":"https:\/\/www.arabat.eus\/en\/wp-json\/wp\/v2\/pages\/2341","targetHints":{"allow":["GET"]}}],"collection":[{"href":"https:\/\/www.arabat.eus\/en\/wp-json\/wp\/v2\/pages"}],"about":[{"href":"https:\/\/www.arabat.eus\/en\/wp-json\/wp\/v2\/types\/page"}],"author":[{"embeddable":true,"href":"https:\/\/www.arabat.eus\/en\/wp-json\/wp\/v2\/users\/2"}],"replies":[{"embeddable":true,"href":"https:\/\/www.arabat.eus\/en\/wp-json\/wp\/v2\/comments?post=2341"}],"version-history":[{"count":2,"href":"https:\/\/www.arabat.eus\/en\/wp-json\/wp\/v2\/pages\/2341\/revisions"}],"predecessor-version":[{"id":2413,"href":"https:\/\/www.arabat.eus\/en\/wp-json\/wp\/v2\/pages\/2341\/revisions\/2413"}],"wp:attachment":[{"href":"https:\/\/www.arabat.eus\/en\/wp-json\/wp\/v2\/media?parent=2341"}],"curies":[{"name":"wp","href":"https:\/\/api.w.org\/{rel}","templated":true}]}}