{"id":1071,"date":"2025-04-01T16:08:58","date_gmt":"2025-04-01T14:08:58","guid":{"rendered":"https:\/\/www.arabat.eus\/?page_id=1071"},"modified":"2025-11-07T14:08:01","modified_gmt":"2025-11-07T13:08:01","slug":"informacion-sobre-bonificaciones","status":"publish","type":"page","link":"https:\/\/www.arabat.eus\/es\/tramites\/informacion-sobre-bonificaciones\/","title":{"rendered":"Informaci\u00f3n sobre Bonificaciones"},"content":{"rendered":"\n<div class=\"wp-block-group\"><div class=\"wp-block-group__inner-container is-layout-constrained wp-block-group-is-layout-constrained\">\n<p class=\"has-text-align-center lead text-muted mb-0 mw-50 mx-auto\">Si eres residente en \u00c1lava y usas estas autopistas, puedes beneficiarte de las subvenciones de la Diputaci\u00f3n Foral de \u00c1lava.<\/p>\n<\/div><\/div>\n\n\n\n<section class=\"wp-block-group section-small\" style=\"margin-bottom:3rem\"><div class=\"wp-block-group__inner-container is-layout-constrained wp-block-group-is-layout-constrained\">\n<div style=\"height:16px\" aria-hidden=\"true\" class=\"wp-block-spacer\"><\/div>\n\n\n\n<h2 class=\"wp-block-heading has-text-align-center fw-bold h3 small-border center\">\u00bfCumples los requisitos?<\/h2>\n\n\n\n<p class=\"has-text-align-center\">Para poder solicitar la ayuda, es imprescindible que cumplas las siguientes condiciones:<\/p>\n\n\n\n<div style=\"height:16px\" aria-hidden=\"true\" class=\"wp-block-spacer\"><\/div>\n\n\n\n<div class=\"wp-block-columns mt-4 is-layout-flex wp-container-core-columns-is-layout-1 wp-block-columns-is-layout-flex\">\n<div class=\"wp-block-column is-layout-flow wp-block-column-is-layout-flow\">\n<div class=\"wp-block-group card px-3 h-100 requirement-card flex-row bg-white is-content-justification-left is-nowrap is-layout-flex wp-container-core-group-is-layout-4 wp-block-group-is-layout-flex\">\n<div class=\"wp-block-group\"><div class=\"wp-block-group__inner-container is-layout-constrained wp-block-group-is-layout-constrained\">\n<p class=\"text-success mb-0\"><i class=\"bi bi-person-check-fill\"><\/i><\/p>\n<\/div><\/div>\n\n\n\n<div class=\"wp-block-group\"><div class=\"wp-block-group__inner-container is-layout-constrained wp-block-group-is-layout-constrained\">\n<p style=\"font-size:18px\"><strong>Residir en \u00c1lava<\/strong><\/p>\n<\/div><\/div>\n<\/div>\n<\/div>\n\n\n\n<div class=\"wp-block-column is-layout-flow wp-block-column-is-layout-flow\">\n<div class=\"wp-block-group card px-3 h-100 requirement-card flex-row bg-white is-content-justification-flex-start is-nowrap is-layout-flex wp-container-core-group-is-layout-6 wp-block-group-is-layout-flex\">\n<p class=\"mb-0  text-success\"><i class=\"bi bi-credit-card-2-front-fill\"><\/i><\/p>\n\n\n\n<div class=\"wp-block-group\"><div class=\"wp-block-group__inner-container is-layout-constrained wp-block-group-is-layout-constrained\">\n<p class=\"mb-0\" style=\"font-size:18px\"><strong>Dispositivo VIA-T<\/strong><\/p>\n\n\n\n<p class=\"mb-0\" style=\"font-size:16px\">Es el requisito m\u00e1s importante.<\/p>\n<\/div><\/div>\n<\/div>\n<\/div>\n\n\n\n<div class=\"wp-block-column is-layout-flow wp-block-column-is-layout-flow\">\n<div class=\"wp-block-group card px-3 h-100 requirement-card flex-row bg-white is-content-justification-flex-start is-nowrap is-layout-flex wp-container-core-group-is-layout-8 wp-block-group-is-layout-flex\">\n<p class=\"mb-0 text-success\"><i class=\"bi bi-car-front-fill\"><\/i><\/p>\n\n\n\n<div class=\"wp-block-group\"><div class=\"wp-block-group__inner-container is-layout-constrained wp-block-group-is-layout-constrained\">\n<p class=\"mb-0\" style=\"font-size:18px\"><strong>Asociar tu VIA-T<\/strong><\/p>\n\n\n\n<p> a 1 o 2 matr\u00edculas<\/p>\n<\/div><\/div>\n<\/div>\n<\/div>\n<\/div>\n\n\n\n<div class=\"wp-block-columns is-layout-flex wp-container-core-columns-is-layout-2 wp-block-columns-is-layout-flex\">\n<div class=\"wp-block-column is-layout-flow wp-block-column-is-layout-flow\">\n<div class=\"wp-block-group card px-3 h-100 requirement-card flex-row bg-white is-content-justification-flex-start is-nowrap is-layout-flex wp-container-core-group-is-layout-9 wp-block-group-is-layout-flex\">\n<p class=\"mb-0 text-success\"><i class=\"bi bi-file-earmark-text-fill\"><\/i><\/p>\n\n\n\n<p style=\"font-size:16px\"><strong>Permiso de circulaci\u00f3n en vigor de cada veh\u00edculo <\/strong><\/p>\n<\/div>\n<\/div>\n\n\n\n<div class=\"wp-block-column is-layout-flow wp-block-column-is-layout-flow\">\n<div class=\"wp-block-group card px-3 h-100 requirement-card flex-row bg-white is-content-justification-flex-start is-nowrap is-layout-flex wp-container-core-group-is-layout-11 wp-block-group-is-layout-flex\">\n<p class=\"mb-0 text-success\"><i class=\"bi bi-file-earmark-check-fill\"><\/i><\/p>\n\n\n\n<div class=\"wp-block-group\"><div class=\"wp-block-group__inner-container is-layout-constrained wp-block-group-is-layout-constrained\">\n<p class=\"mb-0\" style=\"font-size:18px\"><strong>Estar al corriente con la Hacienda Foral de \u00c1lava<\/strong><\/p>\n\n\n\n<p class=\"mb-0\" style=\"font-size:16px\"><small class=\"text-muted\">Puedes solicitar el certificado autom\u00e1ticamente llamando al <a href=\"tel:945181555\">945 18 15 55<\/a>.<br>Tambi\u00e9n se puede obtener online <a href=\"https:\/\/web.araba.eus\/es\/hacienda\/solicitud-de-certificados-tributarios\" target=\"_blank\" rel=\"noreferrer noopener\">aqu\u00ed.<\/a><\/small><\/p>\n<\/div><\/div>\n<\/div>\n<\/div>\n<\/div>\n<\/div><\/section>\n\n\n\n<section class=\"wp-block-group p-4 rounded\" style=\"margin-bottom:3rem\"><div class=\"wp-block-group__inner-container is-layout-flow wp-block-group-is-layout-flow\">\n<h2 class=\"wp-block-heading has-text-align-center fw-bold h3 small-border center\">Pasos para solicitar tu subvenci\u00f3n<\/h2>\n\n\n\n<div style=\"height:24px\" aria-hidden=\"true\" class=\"wp-block-spacer\"><\/div>\n\n\n\n<div class=\"wp-block-columns timeline-pasos-subvencion is-layout-flex wp-container-core-columns-is-layout-3 wp-block-columns-is-layout-flex\">\n<div class=\"wp-block-column timeline-pasos-subvencion-step is-layout-flow wp-block-column-is-layout-flow\">\n<div class=\"wp-block-group timeline-pasos-subvencion-content\"><div class=\"wp-block-group__inner-container is-layout-flow wp-block-group-is-layout-flow\">\n<p class=\"has-text-align-center timeline-pasos-subvencion-icon\"><i class=\"bi bi-1-circle-fill\"><\/i><\/p>\n\n\n\n<div class=\"wp-block-group d-block\"><div class=\"wp-block-group__inner-container is-layout-constrained wp-block-group-is-layout-constrained\">\n<h5 class=\"wp-block-heading has-text-align-center\">Prepara la documentaci\u00f3n<\/h5>\n\n\n\n<p class=\"has-text-align-center\">Ten a mano tu VIA-T y el permiso de circulaci\u00f3n de cada veh\u00edculo.<\/p>\n<\/div><\/div>\n<\/div><\/div>\n<\/div>\n\n\n\n<div class=\"wp-block-column timeline-pasos-subvencion-step is-layout-flow wp-block-column-is-layout-flow\">\n<div class=\"wp-block-group timeline-pasos-subvencion-content\"><div class=\"wp-block-group__inner-container is-layout-flow wp-block-group-is-layout-flow\">\n<p class=\"has-text-align-center timeline-pasos-subvencion-icon\"><i class=\"bi bi-2-circle-fill\"><\/i><\/p>\n\n\n\n<div class=\"wp-block-group d-block\"><div class=\"wp-block-group__inner-container is-layout-constrained wp-block-group-is-layout-constrained\">\n<h5 class=\"wp-block-heading has-text-align-center\">Rellena la solicitud<\/h5>\n\n\n\n<p class=\"has-text-align-center\">Puedes hacerlo online o descargar el formulario.<\/p>\n<\/div><\/div>\n<\/div><\/div>\n<\/div>\n\n\n\n<div class=\"wp-block-column timeline-pasos-subvencion-step is-layout-flow wp-block-column-is-layout-flow\">\n<div class=\"wp-block-group timeline-pasos-subvencion-content\"><div class=\"wp-block-group__inner-container is-layout-flow wp-block-group-is-layout-flow\">\n<p class=\"has-text-align-center timeline-pasos-subvencion-icon\"><i class=\"bi bi-3-circle-fill\"><\/i><\/p>\n\n\n\n<div class=\"wp-block-group d-block\"><div class=\"wp-block-group__inner-container is-layout-constrained wp-block-group-is-layout-constrained\">\n<h5 class=\"wp-block-heading has-text-align-center\">Env\u00eda tu solicitud<\/h5>\n\n\n\n<p class=\"has-text-align-center\">No olvides padr\u00f3n, DNI, certificado titularidad de la cuenta bancaria y del dispositivo Via-T, certificado de estar al corriente con la Hacienda Foral Alavesa.<\/p>\n<\/div><\/div>\n<\/div><\/div>\n<\/div>\n<\/div>\n\n\n\n<div class=\"wp-block-buttons is-content-justification-center is-layout-flex wp-container-core-buttons-is-layout-1 wp-block-buttons-is-layout-flex\">\n<div class=\"wp-block-button btn  btn-lg btn-arabat\"><a class=\"wp-block-button__link has-medium-font-size has-custom-font-size wp-element-button\" href=\"https:\/\/www.arabat.eus\/tramites\/bonificaciones\/solicitud-de-bonificacion\/\" style=\"border-radius:8px\"><i class=\"bi bi-send-fill me-2\"><\/i>Solicitar alta online<\/a><\/div>\n<\/div>\n<\/div><\/section>\n\n\n\n<div style=\"height:120px\" aria-hidden=\"true\" class=\"wp-block-spacer\"><\/div>\n\n\n\n<section class=\"wp-block-group\" style=\"margin-bottom:3rem\"><div class=\"wp-block-group__inner-container is-layout-flow wp-block-group-is-layout-flow\">\n<h2 class=\"wp-block-heading fw-bold h3 small-border\">Gestiona tu subvenci\u00f3n y otros tr\u00e1mites<\/h2>\n\n\n\n<p>Una vez dado de alta, puedes modificar tus datos, solicitar la baja o realizar otras gestiones de forma r\u00e1pida.<\/p>\n\n\n\n<div class=\"table-responsive mt-4\">\n        <table class=\"table table-hover align-middle text-center\">\n            <thead class=\"table\">\n                <tr>\n                    <th class=\"text-start\">Tr\u00e1mite<\/th>\n                    <th>Online<\/th>\n                    <th>Descargar PDF<\/th>\n                <\/tr>\n            <\/thead>\n            <tbody>\n                <tr>\n                    <td class=\"text-start fw-bold\">Solicitud de Alta<\/td>\n                    <td><a href=\"https:\/\/www.arabat.eus\/tramites\/bonificaciones\/solicitud-de-bonificacion\/\" class=\"btn btn-primary-dark w-100\">Realizar online<\/a><\/td>\n                    <td><a href=\"https:\/\/www.arabat.eus\/wp-content\/uploads\/2025\/06\/modelo_solicitud-bonif.pdf\" class=\"btn btn-outline-primary-dark w-100\">Descargar<\/a><\/td>\n                <\/tr>\n                <tr>\n                    <td class=\"text-start fw-bold\">Modificaci\u00f3n de Datos<\/td>\n                    <td><a href=\"https:\/\/www.arabat.eus\/tramites\/bonificaciones\/modificacion-de-bonificacion\/\" class=\"btn btn-primary-dark w-100\">Realizar online<\/a><\/td>\n                    <td><a href=\"https:\/\/www.arabat.eus\/wp-content\/uploads\/2025\/06\/modelo_modif-bonif.pdf\" class=\"btn btn-outline-primary-dark w-100\">Descargar<\/a><\/td>\n                <\/tr>\n                <tr>\n                    <td class=\"text-start fw-bold\">Solicitud de Baja<\/td>\n                    <td><a href=\"https:\/\/www.arabat.eus\/tramites\/bonificaciones\/baja-bonificacion\/\" class=\"btn btn-primary-dark w-100\">Realizar online<\/a><\/td>\n                    <td><a href=\"https:\/\/www.arabat.eus\/wp-content\/uploads\/2025\/06\/baja-bonif.pdf\" class=\"btn btn-outline-primary-dark w-100\">Descargar<\/a><\/td>\n                <\/tr>\n                <!--<tr>\n                    <td class=\"text-start fw-bold\">Hoja de Reclamaciones<\/td>\n                    <td><a href=\"#link-reclamacion\" class=\"btn btn-primary-dark w-100\">Realizar online<\/a><\/td>\n                    <td><a href=\"#pdf-reclamacion\" class=\"btn btn-outline-primary-dark w-100\">Descargar<\/a><\/td>\n                <\/tr>-->\n            <\/tbody>\n        <\/table>\n    <\/div>\n<\/div><\/section>\n\n\n\n<section class=\"wp-block-group section-small\" style=\"margin-bottom:3rem\"><div class=\"wp-block-group__inner-container is-layout-flow wp-block-group-is-layout-flow\">\n<div style=\"height:48px\" aria-hidden=\"true\" class=\"wp-block-spacer\"><\/div>\n\n\n\n<h2 class=\"wp-block-heading fw-bold h3 small-border\">\u00bfC\u00f3mo y cu\u00e1ndo recibir\u00e1s el abono?<\/h2>\n\n\n\n<div class=\"wp-block-columns mt-4 is-layout-flex wp-container-core-columns-is-layout-4 wp-block-columns-is-layout-flex\">\n<div class=\"wp-block-column is-layout-flow wp-block-column-is-layout-flow\">\n<h5 class=\"wp-block-heading\">C\u00e1lculo de la ayuda<\/h5>\n\n\n\n<p>La cuant\u00eda de la subvenci\u00f3n var\u00eda seg\u00fan la autopista:<\/p>\n\n\n\n<ul class=\"wp-block-list list-unstyled\">\n<li><i class=\"bi bi-check-circle-fill me-2 text-success\"><\/i><strong>AP-68:<\/strong> Se calcula en funci\u00f3n del n\u00famero de trayectos que realices.<\/li>\n\n\n\n<li><i class=\"bi bi-check-circle-fill me-2 text-success\"><\/i><strong>AP-1:<\/strong> Depende del importe de tu gasto mensual.<\/li>\n<\/ul>\n<\/div>\n\n\n\n<div class=\"wp-block-column is-layout-flow wp-block-column-is-layout-flow\">\n<h5 class=\"wp-block-heading\">Fecha del abono<\/h5>\n\n\n\n<p>Recibir\u00e1s el abono directamente en tu dispositivo VIA-T durante el mes siguiente a la finalizaci\u00f3n de cada trimestre natural.<\/p>\n\n\n\n<div class=\"wp-block-group alert alert-info\"><div class=\"wp-block-group__inner-container is-layout-flow wp-block-group-is-layout-flow\">\n<p><i class=\"bi bi-info-circle-fill me-2\"><\/i><strong>Ejemplo:<\/strong> Los trayectos realizados en enero, febrero y marzo se abonar\u00e1n a finales de abril.<\/p>\n<\/div><\/div>\n<\/div>\n<\/div>\n<\/div><\/section>\n\n\n\n<section class=\"wp-block-group mt-5\"><div class=\"wp-block-group__inner-container is-layout-constrained wp-block-group-is-layout-constrained\">\n<p class=\"has-text-align-center text-muted\">Para m\u00e1s detalles, puedes consultar la normativa oficial que regula estas ayudas.<\/p>\n\n\n\n<div class=\"wp-block-buttons is-content-justification-center is-layout-flex wp-container-core-buttons-is-layout-2 wp-block-buttons-is-layout-flex\">\n<div class=\"wp-block-button btn  btn-lg btn-arabat\"><a class=\"wp-block-button__link has-white-color has-secondary-background-color has-text-color has-background has-medium-font-size has-custom-font-size wp-element-button\" href=\"http:\/www.arabat.eus\/wp-content\/uploads\/2025\/04\/bases_subv_peaje_AP-1_AP-68.pdf\" style=\"border-radius:8px\"><i class=\"bi bi-file-earmark-pdf-fill me-2\"><\/i>Consultar bases reguladoras (Decreto Foral 39\/2021)<\/a><\/div>\n<\/div>\n\n\n\n<div style=\"height:100px\" aria-hidden=\"true\" class=\"wp-block-spacer\"><\/div>\n<\/div><\/section>\n\n\n\n<p><\/p>\n","protected":false},"excerpt":{"rendered":"<p>Si eres residente en \u00c1lava y usas estas autopistas, puedes beneficiarte de las subvenciones de la Diputaci\u00f3n Foral de \u00c1lava. [&hellip;]<\/p>\n","protected":false},"author":2,"featured_media":0,"parent":801,"menu_order":0,"comment_status":"closed","ping_status":"closed","template":"page-tramites-sidebar.php","meta":{"footnotes":""},"class_list":["post-1071","page","type-page","status-publish","hentry"],"_links":{"self":[{"href":"https:\/\/www.arabat.eus\/es\/wp-json\/wp\/v2\/pages\/1071","targetHints":{"allow":["GET"]}}],"collection":[{"href":"https:\/\/www.arabat.eus\/es\/wp-json\/wp\/v2\/pages"}],"about":[{"href":"https:\/\/www.arabat.eus\/es\/wp-json\/wp\/v2\/types\/page"}],"author":[{"embeddable":true,"href":"https:\/\/www.arabat.eus\/es\/wp-json\/wp\/v2\/users\/2"}],"replies":[{"embeddable":true,"href":"https:\/\/www.arabat.eus\/es\/wp-json\/wp\/v2\/comments?post=1071"}],"version-history":[{"count":143,"href":"https:\/\/www.arabat.eus\/es\/wp-json\/wp\/v2\/pages\/1071\/revisions"}],"predecessor-version":[{"id":2970,"href":"https:\/\/www.arabat.eus\/es\/wp-json\/wp\/v2\/pages\/1071\/revisions\/2970"}],"up":[{"embeddable":true,"href":"https:\/\/www.arabat.eus\/es\/wp-json\/wp\/v2\/pages\/801"}],"wp:attachment":[{"href":"https:\/\/www.arabat.eus\/es\/wp-json\/wp\/v2\/media?parent=1071"}],"curies":[{"name":"wp","href":"https:\/\/api.w.org\/{rel}","templated":true}]}}