{"id":15,"date":"2024-11-12T10:50:50","date_gmt":"2024-11-12T09:50:50","guid":{"rendered":"http:\/\/localhost:8212\/www8212\/dswpbase\/?page_id=12"},"modified":"2026-03-03T13:45:49","modified_gmt":"2026-03-03T12:45:49","slug":"inicio","status":"publish","type":"page","link":"https:\/\/www.arabat.eus\/es\/","title":{"rendered":"Inicio"},"content":{"rendered":"\n<div class=\"wp-block-group arabat-hero-home container justify-content-between d-block d-md-flex mt-md-5 aos-fade-down aos-delay-200 is-content-justification-center is-nowrap is-layout-flex wp-container-core-group-is-layout-3 wp-block-group-is-layout-flex\">\n<div class=\"wp-block-group arabat-hero-home-content pe-md-5\"><div class=\"wp-block-group__inner-container is-layout-constrained wp-block-group-is-layout-constrained\">\n<h1 class=\"wp-block-heading display-5 text-bold arabat-hero-home_title mt-4\">Gesti\u00f3n y Bonificaciones de Autopistas en \u00c1lava<\/h1>\n\n\n\n<p class=\"arabat-hero-home_description\">Arabat gestiona el tramo alav\u00e9s de la AP-1 y administra bonificaciones para residentes de \u00c1lava que usan la AP-1 y AP-68.<\/p>\n\n\n\n<div class=\"wp-block-group is-nowrap is-layout-flex wp-container-core-group-is-layout-1 wp-block-group-is-layout-flex\">\n<div class=\"wp-block-buttons is-layout-flex wp-block-buttons-is-layout-flex\">\n<div class=\"wp-block-button is-style-fill pe-0\"><a class=\"wp-block-button__link has-primary-dark-background-color has-background has-medium-font-size has-custom-font-size wp-element-button\" href=\"https:\/\/www.arabat.eus\/tramites\/informacion-sobre-bonificaciones\/\" style=\"border-radius:8px\">Bonificaciones<\/a><\/div>\n\n\n\n<div class=\"wp-block-button\"><a class=\"wp-block-button__link has-black-background-color has-background has-medium-font-size has-custom-font-size wp-element-button\" href=\"https:\/\/www.arabat.eus\/arabat\/\" style=\"border-radius:8px\">Sobre Arabat<\/a><\/div>\n<\/div>\n<\/div>\n<\/div><\/div>\n\n\n\n<figure class=\"wp-block-image size-full img-hero text-right\"><img loading=\"lazy\" decoding=\"async\" width=\"615\" height=\"1023\" src=\"https:\/\/www.arabat.eus\/wp-content\/uploads\/2025\/05\/arabat-home-hero-recto-bg-615px-lite1.png\" alt=\"\" class=\"wp-image-1400\" srcset=\"https:\/\/www.arabat.eus\/wp-content\/uploads\/2025\/05\/arabat-home-hero-recto-bg-615px-lite1.png 615w, https:\/\/www.arabat.eus\/wp-content\/uploads\/2025\/05\/arabat-home-hero-recto-bg-615px-lite1-180x300.png 180w\" sizes=\"auto, (max-width: 615px) 100vw, 615px\" \/><\/figure>\n<\/div>\n\n\n\n<div class=\"wp-block-group section aos-fade-up aos-delay-200\"><div class=\"wp-block-group__inner-container is-layout-constrained wp-block-group-is-layout-constrained\">\n<div class=\"wp-block-group container mb-4 is-vertical is-content-justification-center is-layout-flex wp-container-core-group-is-layout-4 wp-block-group-is-layout-flex\">\n<h2 class=\"wp-block-heading has-text-align-center mb-2\">Infraestructuras<\/h2>\n\n\n\n<p class=\"has-text-align-center mw-50 mx-auto mb-3\">Ofrecemos bonificaciones interesantes para estas Autopistas y, en breve, ampliaremos nuestros servicios para beneficiar a los usuarios y mejorar la experiencia de viaje.<\/p>\n<\/div>\n\n\n\n<div class=\"wp-block-columns mt-4 container d-block d-xl-flex is-layout-flex wp-container-core-columns-is-layout-1 wp-block-columns-is-layout-flex\">\n<div class=\"wp-block-column bg-white is-layout-flow wp-block-column-is-layout-flow\">\n<div class=\"wp-block-group card-img-right d-block d-md-flex align-items-stretch is-content-justification-center is-nowrap is-layout-flex wp-container-core-group-is-layout-7 wp-block-group-is-layout-flex\">\n<figure class=\"wp-block-image size-large col-md-6\"><img loading=\"lazy\" decoding=\"async\" width=\"1024\" height=\"682\" src=\"https:\/\/www.arabat.eus\/wp-content\/uploads\/2025\/02\/ap1-1920-1024x682.jpg\" alt=\"AP-!\" class=\"wp-image-833\" srcset=\"https:\/\/www.arabat.eus\/wp-content\/uploads\/2025\/02\/ap1-1920-1024x682.jpg 1024w, https:\/\/www.arabat.eus\/wp-content\/uploads\/2025\/02\/ap1-1920-300x200.jpg 300w, https:\/\/www.arabat.eus\/wp-content\/uploads\/2025\/02\/ap1-1920-768x512.jpg 768w, https:\/\/www.arabat.eus\/wp-content\/uploads\/2025\/02\/ap1-1920-1536x1023.jpg 1536w, https:\/\/www.arabat.eus\/wp-content\/uploads\/2025\/02\/ap1-1920.jpg 1920w\" sizes=\"auto, (max-width: 1024px) 100vw, 1024px\" \/><\/figure>\n\n\n\n<div class=\"wp-block-group col-md-6 p-4 pt-lg-5 d-flex flex-column wp-container-content-1 is-vertical is-layout-flex wp-container-core-group-is-layout-6 wp-block-group-is-layout-flex\">\n<div class=\"wp-block-group flex-grow-1\"><div class=\"wp-block-group__inner-container is-layout-constrained wp-block-group-is-layout-constrained\">\n<h2 class=\"wp-block-heading\">AP-1<\/h2>\n\n\n\n<p>Arabat utiliza modernas t\u00e9cnicas de gesti\u00f3n para mejorar la seguridad y comodidad de la autopista Vitoria-Gasteiz-Eibar a sus 14,2 km de su paso por \u00c1lava.<\/p>\n<\/div><\/div>\n\n\n\n<ul class=\"wp-block-list list-00\">\n<li class=\"bi-arrow-right link-mas has-medium-font-size\"><a href=\"https:\/\/www.arabat.eus\/ap-1\/\" data-type=\"page\" data-id=\"638\">M\u00e1s<\/a><\/li>\n<\/ul>\n<\/div>\n<\/div>\n<\/div>\n\n\n\n<div class=\"wp-block-column is-layout-flow wp-block-column-is-layout-flow\">\n<div class=\"wp-block-group align-items-stretch h-100 mt-4 mt-xl-0 d-block d-sm-flex is-content-justification-space-between is-nowrap is-layout-flex wp-container-core-group-is-layout-12 wp-block-group-is-layout-flex\">\n<div class=\"wp-block-group bg-white is-vertical is-layout-flex wp-container-core-group-is-layout-9 wp-block-group-is-layout-flex\">\n<figure class=\"wp-block-image size-large\"><img decoding=\"async\" src=\"https:\/\/www.arabat.eus\/wp-content\/uploads\/2025\/05\/otras-vias-667.jpg\" alt=\"\" style=\"aspect-ratio:3\/2;object-fit:cover\"\/><\/figure>\n\n\n\n<div class=\"wp-block-group p-4 flex-grow-1 is-vertical is-layout-flex wp-container-core-group-is-layout-8 wp-block-group-is-layout-flex\">\n<h3 class=\"wp-block-heading\">AP-68<\/h3>\n\n\n\n<p class=\"wp-container-content-2\">Ofrecemos bonificaciones para esta Autopista y pronto ampliamos nuestros servicios para mejorar la experiencia de viaje.<\/p>\n\n\n\n<ul class=\"wp-block-list list-00\">\n<li class=\"bi-arrow-right link-mas has-medium-font-size\"><a href=\"ap-68\">M\u00e1s<\/a><\/li>\n<\/ul>\n<\/div>\n<\/div>\n\n\n\n<div class=\"wp-block-group mt-3 mt-sm-0 is-vertical is-layout-flex wp-container-core-group-is-layout-11 wp-block-group-is-layout-flex\">\n<div class=\"wp-block-group p-4 flex-grow-1 is-vertical is-layout-flex wp-container-core-group-is-layout-10 wp-block-group-is-layout-flex\">\n<h3 class=\"wp-block-heading\">Otras V\u00edas<\/h3>\n\n\n\n<p class=\"wp-container-content-3\">El Territorio Hist\u00f3rico de \u00c1lava est\u00e1 inmerso en un proceso de reflexi\u00f3n sobre la sostenibilidad y modernizaci\u00f3n de las v\u00edas de alta capacidad.<\/p>\n<\/div>\n\n\n\n<figure class=\"wp-block-image size-large\"><img decoding=\"async\" src=\"https:\/\/www.arabat.eus\/wp-content\/uploads\/2025\/05\/para-ap68-667px.jpg\" alt=\"\" style=\"aspect-ratio:3\/2;object-fit:cover\"\/><\/figure>\n<\/div>\n<\/div>\n<\/div>\n<\/div>\n<\/div><\/div>\n\n\n\n<div class=\"wp-block-group section pt-0\"><div class=\"wp-block-group__inner-container is-layout-constrained wp-block-group-is-layout-constrained\">\n<div class=\"wp-block-group container mb-5 pt-0 aos-fade-up aos-delay-200\"><div class=\"wp-block-group__inner-container is-layout-constrained wp-block-group-is-layout-constrained\">\n<div class=\"wp-block-group mw-60 mx-auto mb-5 is-vertical is-content-justification-center is-layout-flex wp-container-core-group-is-layout-17 wp-block-group-is-layout-flex\"><div class=\"wp-block-image\">\n<figure class=\"aligncenter size-full\"><a href=\"https:\/\/www.arabat.eus\/tramites\/informacion-sobre-bonificaciones\/\"><img loading=\"lazy\" decoding=\"async\" width=\"96\" height=\"96\" src=\"https:\/\/www.arabat.eus\/wp-content\/uploads\/2025\/01\/majesticons_coins-line.svg\" alt=\"\" class=\"wp-image-294\"\/><\/a><\/figure><\/div>\n\n\n<h2 class=\"wp-block-heading has-text-align-left mt-4 mb-3 text-center\">Ahorra en cada viaje por la AP-1 y AP-68<\/h2>\n\n\n\n<p class=\"has-text-align-center mb-0\">Si vives en \u00c1lava y tienes un dispositivo VIA-T, puedes recibir ayudas econ\u00f3micas en tus peajes.<br>Consulta los requisitos y solicita tu subvenci\u00f3n f\u00e1cilmente online.<\/p>\n\n\n\n<div class=\"wp-block-columns is-layout-flex wp-container-core-columns-is-layout-2 wp-block-columns-is-layout-flex\">\n<div class=\"wp-block-column is-layout-flow wp-block-column-is-layout-flow\" style=\"flex-basis:100%\">\n<div class=\"wp-block-group\"><div class=\"wp-block-group__inner-container is-layout-constrained wp-block-group-is-layout-constrained\"><div class=\"dsbs5-icon-block text-start \"><div class=\"dsbs5-icon-content reverse justify-start\"><span class=\"dsbs5-icon-text dsbs5-text-medium\"> Sencillo con tu VIA-T<\/span><i class=\"bi bi-check-circle dsbs5-icon-medium\"><\/i><\/div><\/div><\/div><\/div>\n<\/div>\n\n\n\n<div class=\"wp-block-column is-layout-flow wp-block-column-is-layout-flow\" style=\"flex-basis:100%\">\n<div class=\"wp-block-group\"><div class=\"wp-block-group__inner-container is-layout-constrained wp-block-group-is-layout-constrained\"><div class=\"dsbs5-icon-block text-start \"><div class=\"dsbs5-icon-content reverse justify-start\"><span class=\"dsbs5-icon-text dsbs5-text-medium\">Tr\u00e1mite online r\u00e1pido<\/span><i class=\"bi bi-check-circle dsbs5-icon-medium\"><\/i><\/div><\/div><\/div><\/div>\n<\/div>\n\n\n\n<div class=\"wp-block-column is-layout-flow wp-block-column-is-layout-flow\" style=\"flex-basis:100%\">\n<div class=\"wp-block-group\"><div class=\"wp-block-group__inner-container is-layout-constrained wp-block-group-is-layout-constrained\"><div class=\"dsbs5-icon-block text-start \"><div class=\"dsbs5-icon-content reverse justify-start\"><span class=\"dsbs5-icon-text dsbs5-text-medium\">Abonos trimestrales<\/span><i class=\"bi bi-check-circle dsbs5-icon-medium\"><\/i><\/div><\/div><\/div><\/div>\n<\/div>\n<\/div>\n\n\n\n<div class=\"wp-block-buttons mt-4 is-layout-flex wp-block-buttons-is-layout-flex\">\n<div class=\"wp-block-button has-custom-width wp-block-button__width-100\"><a class=\"wp-block-button__link has-light-color has-black-background-color has-text-color has-background has-link-color has-medium-font-size has-custom-font-size wp-element-button\" href=\"https:\/\/www.arabat.eus\/tramites\/informacion-sobre-bonificaciones\/\" style=\"border-radius:8px\">Saber m\u00e1s y solicitar la ayuda<\/a><\/div>\n<\/div>\n<\/div>\n<\/div><\/div>\n\n\n\n<div style=\"height:32px\" aria-hidden=\"true\" class=\"wp-block-spacer\"><\/div>\n\n\n\n<div class=\"wp-block-group container pt-4 aos-fade-up is-layout-grid wp-container-core-group-is-layout-22 wp-block-group-is-layout-grid\">\n<div class=\"wp-block-group wp-container-content-4\"><div class=\"wp-block-group__inner-container is-layout-constrained wp-block-group-is-layout-constrained\"><div class=\"wp-block-image\">\n<figure class=\"aligncenter size-full\"><a href=\"https:\/\/www.arabat.eus\/tramites\/facturas\/\"><img loading=\"lazy\" decoding=\"async\" width=\"96\" height=\"96\" src=\"https:\/\/www.arabat.eus\/wp-content\/uploads\/2025\/01\/iconamoon_invoice.svg\" alt=\"\" class=\"wp-image-295\"\/><\/a><\/figure><\/div>\n\n\n<h4 class=\"wp-block-heading has-text-align-center\" style=\"text-decoration:none\"><a href=\"https:\/\/www.arabat.eus\/tramites\/facturas\/\" data-type=\"page\" data-id=\"905\">Facturas AP-1<\/a><\/h4>\n\n\n\n<p class=\"has-text-align-center\">Consulta y solicita tus facturas de forma eficiente.<\/p>\n<\/div><\/div>\n\n\n\n<div class=\"wp-block-group wp-container-content-5\"><div class=\"wp-block-group__inner-container is-layout-constrained wp-block-group-is-layout-constrained\"><div class=\"wp-block-image\">\n<figure class=\"aligncenter size-full\"><a href=\"https:\/\/www.arabat.eus\/tramites\/transporte-especial\/\"><img loading=\"lazy\" decoding=\"async\" width=\"96\" height=\"96\" src=\"https:\/\/www.arabat.eus\/wp-content\/uploads\/2025\/01\/mdi_truck-outline.svg\" alt=\"\" class=\"wp-image-296\"\/><\/a><\/figure><\/div>\n\n\n<h4 class=\"wp-block-heading has-text-align-center\" style=\"text-decoration:none\"><a href=\"https:\/\/www.arabat.eus\/tramites\/transporte-especial\/\" data-type=\"page\" data-id=\"937\">Permisos Transportes Especiales AP-1<\/a><\/h4>\n\n\n\n<p class=\"has-text-align-center\">Gestiona presupuestos y autorizaciones para transportes especiales f\u00e1cilmente.<\/p>\n<\/div><\/div>\n\n\n\n<div class=\"wp-block-group wp-container-content-6\"><div class=\"wp-block-group__inner-container is-layout-constrained wp-block-group-is-layout-constrained\"><div class=\"wp-block-image\">\n<figure class=\"aligncenter size-full\"><a href=\"https:\/\/www.arabat.eus\/tramites\/abono-viajes\/\"><img loading=\"lazy\" decoding=\"async\" width=\"96\" height=\"96\" src=\"https:\/\/www.arabat.eus\/wp-content\/uploads\/2025\/01\/mdi_creditcard-outline.svg\" alt=\"\" class=\"wp-image-297\"\/><\/a><\/figure><\/div>\n\n\n<h4 class=\"wp-block-heading has-text-align-center\" style=\"text-decoration:none\"><a href=\"https:\/\/www.arabat.eus\/tramites\/abono-viajes\/\" data-type=\"page\" data-id=\"913\">Abono de viajes AP-1<\/a><\/h4>\n\n\n\n<p class=\"has-text-align-center\">Consulta c\u00f3mo realizar el abono de viajes pendientes de pago.<\/p>\n<\/div><\/div>\n<\/div>\n\n\n\n<div class=\"wp-block-buttons mt-4 is-content-justification-center is-layout-flex wp-container-core-buttons-is-layout-3 wp-block-buttons-is-layout-flex\">\n<div class=\"wp-block-button mt-4\"><a class=\"wp-block-button__link has-light-color has-black-background-color has-text-color has-background has-link-color has-medium-font-size has-custom-font-size wp-element-button\" href=\"https:\/\/www.arabat.eus\/tramites\/\" style=\"border-radius:8px\">Todos los Tr\u00e1mites<\/a><\/div>\n<\/div>\n<\/div><\/div>\n\n\n\n<div class=\"wp-block-group section guia-section pb-0 d-none\"><div class=\"wp-block-group__inner-container is-layout-constrained wp-block-group-is-layout-constrained\">\n<div class=\"wp-block-group container d-block d-md-flex guia-section_header is-content-justification-space-between is-nowrap is-layout-flex wp-container-core-group-is-layout-24 wp-block-group-is-layout-flex\">\n<h2 class=\"wp-block-heading mw-40 align-self-start wp-container-content-7\">Gu\u00eda completa para realizar tr\u00e1mites online de manera sencilla y r\u00e1pida<\/h2>\n\n\n\n<figure class=\"wp-block-image size-large img-rotate-25 text-right mt-4 mt-lg-0\"><img loading=\"lazy\" decoding=\"async\" width=\"558\" height=\"1024\" src=\"https:\/\/www.arabat.eus\/wp-content\/uploads\/2025\/01\/arabat-guia-hero-recto-bg-3x-tiny-02-558x1024.png\" alt=\"\" class=\"wp-image-460\" srcset=\"https:\/\/www.arabat.eus\/wp-content\/uploads\/2025\/01\/arabat-guia-hero-recto-bg-3x-tiny-02-558x1024.png 558w, https:\/\/www.arabat.eus\/wp-content\/uploads\/2025\/01\/arabat-guia-hero-recto-bg-3x-tiny-02-163x300.png 163w, https:\/\/www.arabat.eus\/wp-content\/uploads\/2025\/01\/arabat-guia-hero-recto-bg-3x-tiny-02-768x1410.png 768w, https:\/\/www.arabat.eus\/wp-content\/uploads\/2025\/01\/arabat-guia-hero-recto-bg-3x-tiny-02-837x1536.png 837w, https:\/\/www.arabat.eus\/wp-content\/uploads\/2025\/01\/arabat-guia-hero-recto-bg-3x-tiny-02-1116x2048.png 1116w, https:\/\/www.arabat.eus\/wp-content\/uploads\/2025\/01\/arabat-guia-hero-recto-bg-3x-tiny-02.png 1312w\" sizes=\"auto, (max-width: 558px) 100vw, 558px\" \/><\/figure>\n<\/div>\n\n\n\n<div class=\"wp-block-group bg-light bg-gradient\"><div class=\"wp-block-group__inner-container is-layout-constrained wp-block-group-is-layout-constrained\">\n<div class=\"wp-block-group py-6 container\"><div class=\"wp-block-group__inner-container is-layout-constrained wp-block-group-is-layout-constrained\">\n<div class=\"wp-block-group row gap-0 is-content-justification-center is-layout-flex wp-container-core-group-is-layout-28 wp-block-group-is-layout-flex\">\n<div class=\"wp-block-group col-lg-4 mb-4 mb-lg-0 is-vertical is-layout-flex wp-container-core-group-is-layout-25 wp-block-group-is-layout-flex\">\n<h3 class=\"wp-block-heading h4\">Pasos para completar tu solicitud de bonificaci\u00f3n f\u00e1cilmente<\/h3>\n\n\n\n<p class=\"flex-grow-1 mb-4\">Sigue estos simples pasos para obtener tu bonificaci\u00f3n.<\/p>\n\n\n\n<p class=\"bi-chevron-right\"><a href=\"#\"><strong>Iniciar<\/strong><\/a><\/p>\n<\/div>\n\n\n\n<div class=\"wp-block-group col-lg-4 mb-4 mb-lg-0 is-vertical is-layout-flex wp-container-core-group-is-layout-26 wp-block-group-is-layout-flex\">\n<h3 class=\"wp-block-heading h4\">Consulta y solicita tu factura de manera r\u00e1pida<\/h3>\n\n\n\n<p class=\"flex-grow-1 mb-4\">Accede a tu historial de facturas y solicita las que necesites.<\/p>\n\n\n\n<p class=\"bi-chevron-right\"><a href=\"#\"><strong>Iniciar<\/strong><\/a><\/p>\n<\/div>\n\n\n\n<div class=\"wp-block-group col-lg-4 is-vertical is-layout-flex wp-container-core-group-is-layout-27 wp-block-group-is-layout-flex\">\n<h3 class=\"wp-block-heading h4 flex-grow-1\">Solicita autorizaci\u00f3n para transportes especiales de forma sencilla<\/h3>\n\n\n\n<p class=\"flex-grow-1\"><\/p>\n\n\n\n<p class=\"bi-chevron-right\"><a href=\"#\"><strong>Iniciar<\/strong><\/a><\/p>\n<\/div>\n<\/div>\n<\/div><\/div>\n<\/div><\/div>\n<\/div><\/div>\n\n\n\n<div class=\"wp-block-group section bg-light bg-gradient d-none\"><div class=\"wp-block-group__inner-container is-layout-constrained wp-block-group-is-layout-constrained\">\n<div class=\"wp-block-group container d-block d-lg-flex is-content-justification-center is-nowrap is-layout-flex wp-container-core-group-is-layout-36 wp-block-group-is-layout-flex\">\n<figure class=\"wp-block-image size-large\"><img loading=\"lazy\" decoding=\"async\" width=\"1024\" height=\"1006\" src=\"https:\/\/www.arabat.eus\/wp-content\/uploads\/2025\/01\/foto-estadisticas-1024x1006.jpg\" alt=\"\" class=\"wp-image-407\" srcset=\"https:\/\/www.arabat.eus\/wp-content\/uploads\/2025\/01\/foto-estadisticas-1024x1006.jpg 1024w, https:\/\/www.arabat.eus\/wp-content\/uploads\/2025\/01\/foto-estadisticas-300x295.jpg 300w, https:\/\/www.arabat.eus\/wp-content\/uploads\/2025\/01\/foto-estadisticas-768x755.jpg 768w, https:\/\/www.arabat.eus\/wp-content\/uploads\/2025\/01\/foto-estadisticas.jpg 1280w\" sizes=\"auto, (max-width: 1024px) 100vw, 1024px\" \/><\/figure>\n\n\n\n<div class=\"wp-block-group p-lg-5\"><div class=\"wp-block-group__inner-container is-layout-constrained wp-block-group-is-layout-constrained\">\n<h2 class=\"wp-block-heading mt-4 mt-lg-0 mb-4\">Uso de Nuestras Autopistas y Bonificaciones<\/h2>\n\n\n\n<p class=\"lead mw-60ch\">Las autopistas AP-1 y AP-68 son vitales para la movilidad en \u00c1lava. Gracias a las bonificaciones, los usuarios pueden disfrutar de tarifas reducidas y beneficios adicionales.<\/p>\n\n\n\n<div class=\"wp-block-group is-nowrap is-layout-flex wp-container-core-group-is-layout-34 wp-block-group-is-layout-flex\">\n<div class=\"wp-block-group\"><div class=\"wp-block-group__inner-container is-layout-constrained wp-block-group-is-layout-constrained\">\n<p class=\"mb-0 has-primary-dark-color has-text-color has-link-color wp-elements-93faae7426cf905a885aa28332f10f39\" style=\"font-size:62px;font-style:normal;font-weight:700;letter-spacing:-0.02em\">80%<\/p>\n\n\n\n<p class=\"mw-15\">de los usuarios aprovechan las bonificaciones disponibles.<\/p>\n<\/div><\/div>\n\n\n\n<div class=\"wp-block-group\"><div class=\"wp-block-group__inner-container is-layout-constrained wp-block-group-is-layout-constrained\">\n<p class=\"mb-0 has-primary-color has-text-color has-link-color wp-elements-315d1d64c90dbc95548cc53d15a14802\" style=\"font-size:62px;font-style:normal;font-weight:700;letter-spacing:-0.02em\">65%<\/p>\n\n\n\n<p class=\"mw-15\">de los viajes son realizados con descuentos aplicados.<\/p>\n<\/div><\/div>\n<\/div>\n<\/div><\/div>\n<\/div>\n<\/div><\/div>\n\n\n\n<div class=\"wp-block-group section section-blog aos-fade-up\"><div class=\"wp-block-group__inner-container is-layout-constrained wp-block-group-is-layout-constrained\">\n<div class=\"wp-block-group container\"><div class=\"wp-block-group__inner-container is-layout-constrained wp-block-group-is-layout-constrained\">\n<h2 class=\"wp-block-heading has-text-align-center mb-5\">Actualidad<\/h2>\n\n\n<?xml encoding=\"utf-8\" ?><html><body><ul class=\"wp-block-latest-posts__list is-grid columns-3 has-dates wp-block-latest-posts\"><li><div class=\"wp-block-latest-posts__featured-image\"><a href=\"https:\/\/www.arabat.eus\/es\/licitacion-pago-por-uso-ap-68\/\" aria-label=\"Arabat licita el contrato para implantar el sistema de pago por uso en la AP-68\"><img loading=\"lazy\" decoding=\"async\" width=\"800\" height=\"534\" src=\"https:\/\/www.arabat.eus\/wp-content\/uploads\/2026\/02\/AP1-Arabat-0M3A0141-QUINTAS-1024x683.jpg\" class=\"attachment-large size-large wp-post-image\" alt=\"\" style=\"\" srcset=\"https:\/\/www.arabat.eus\/wp-content\/uploads\/2026\/02\/AP1-Arabat-0M3A0141-QUINTAS-1024x683.jpg 1024w, https:\/\/www.arabat.eus\/wp-content\/uploads\/2026\/02\/AP1-Arabat-0M3A0141-QUINTAS-300x200.jpg 300w, https:\/\/www.arabat.eus\/wp-content\/uploads\/2026\/02\/AP1-Arabat-0M3A0141-QUINTAS-768x512.jpg 768w, https:\/\/www.arabat.eus\/wp-content\/uploads\/2026\/02\/AP1-Arabat-0M3A0141-QUINTAS-1536x1024.jpg 1536w, https:\/\/www.arabat.eus\/wp-content\/uploads\/2026\/02\/AP1-Arabat-0M3A0141-QUINTAS-2048x1365.jpg 2048w\" sizes=\"auto, (max-width: 800px) 100vw, 800px\"><\/a><\/div><h3><a class=\"wp-block-latest-posts__post-title\" href=\"https:\/\/www.arabat.eus\/es\/licitacion-pago-por-uso-ap-68\/\">Arabat licita el contrato para implantar el sistema de pago por uso en la AP-68<\/a><\/h3><time datetime=\"2025-12-26T13:42:00+01:00\" class=\"fecha-noticia-sidebar\">26 de diciembre de 2025<\/time><div class=\"wp-block-latest-posts__post-excerpt\">Adem&aacute;s del proyecto y las obras, incluye la gesti&oacute;n de la operaci&oacute;n durante los primeros cinco a&ntilde;os de funcionamiento Vitoria-Gasteiz, 26 de diciembre de&#8230; <a class=\"wp-block-latest-posts__read-more\" href=\"https:\/\/www.arabat.eus\/es\/licitacion-pago-por-uso-ap-68\/\" rel=\"noopener noreferrer\">Lee m&aacute;s<span class=\"screen-reader-text\">: Arabat licita el contrato para implantar el sistema de pago por uso en la AP-68<\/span><\/a><\/div><\/li>\n<li><div class=\"wp-block-latest-posts__featured-image\"><a href=\"https:\/\/www.arabat.eus\/es\/la-diputacion-foral-licita-la-asistencia-juridica-para-implantar-el-sistema-de-pago-por-uso-en-las-vias-de-alta-capacidad\/\" aria-label=\"La Diputaci&oacute;n Foral licita la asistencia jur&iacute;dica para implantar el sistema de pago por uso en las v&iacute;as de alta capacidad\"><img loading=\"lazy\" decoding=\"async\" width=\"800\" height=\"534\" src=\"https:\/\/www.arabat.eus\/wp-content\/uploads\/2026\/02\/AP1-Arabat-0M3A0056-QUINTAS-1024x683.jpg\" class=\"attachment-large size-large wp-post-image\" alt=\"\" style=\"\" srcset=\"https:\/\/www.arabat.eus\/wp-content\/uploads\/2026\/02\/AP1-Arabat-0M3A0056-QUINTAS-1024x683.jpg 1024w, https:\/\/www.arabat.eus\/wp-content\/uploads\/2026\/02\/AP1-Arabat-0M3A0056-QUINTAS-300x200.jpg 300w, https:\/\/www.arabat.eus\/wp-content\/uploads\/2026\/02\/AP1-Arabat-0M3A0056-QUINTAS-768x512.jpg 768w, https:\/\/www.arabat.eus\/wp-content\/uploads\/2026\/02\/AP1-Arabat-0M3A0056-QUINTAS-1536x1024.jpg 1536w, https:\/\/www.arabat.eus\/wp-content\/uploads\/2026\/02\/AP1-Arabat-0M3A0056-QUINTAS-2048x1365.jpg 2048w\" sizes=\"auto, (max-width: 800px) 100vw, 800px\"><\/a><\/div><h3><a class=\"wp-block-latest-posts__post-title\" href=\"https:\/\/www.arabat.eus\/es\/la-diputacion-foral-licita-la-asistencia-juridica-para-implantar-el-sistema-de-pago-por-uso-en-las-vias-de-alta-capacidad\/\">La Diputaci&oacute;n Foral licita la asistencia jur&iacute;dica para implantar el sistema de pago por uso en las v&iacute;as de alta capacidad<\/a><\/h3><time datetime=\"2025-12-23T15:23:04+01:00\" class=\"fecha-noticia-sidebar\">23 de diciembre de 2025<\/time><div class=\"wp-block-latest-posts__post-excerpt\">El Consejo de Gobierno Foral ha aprobado hoy la licitaci&oacute;n del servicio de asistencia t&eacute;cnica integralpara el dise&ntilde;o y acompa&ntilde;amiento a la Diputaci&oacute;n Foral&#8230; <a class=\"wp-block-latest-posts__read-more\" href=\"https:\/\/www.arabat.eus\/es\/la-diputacion-foral-licita-la-asistencia-juridica-para-implantar-el-sistema-de-pago-por-uso-en-las-vias-de-alta-capacidad\/\" rel=\"noopener noreferrer\">Lee m&aacute;s<span class=\"screen-reader-text\">: La Diputaci&oacute;n Foral licita la asistencia jur&iacute;dica para implantar el sistema de pago por uso en las v&iacute;as de alta capacidad<\/span><\/a><\/div><\/li>\n<\/ul><\/body><\/html>\n\n\n\n<div class=\"wp-block-buttons is-content-justification-center is-layout-flex wp-container-core-buttons-is-layout-4 wp-block-buttons-is-layout-flex\">\n<div class=\"wp-block-button\"><a class=\"wp-block-button__link has-black-background-color has-background has-medium-font-size has-custom-font-size wp-element-button\" href=\"https:\/\/www.arabat.eus\/blog\/\" style=\"border-radius:8px\">Ver todo<\/a><\/div>\n<\/div>\n<\/div><\/div>\n<\/div><\/div>\n\n\n\n<p><\/p>\n\n\n\n<p><\/p>\n","protected":false},"excerpt":{"rendered":"<p>Gesti\u00f3n y Bonificaciones de Autopistas en \u00c1lava Arabat gestiona el tramo alav\u00e9s de la AP-1 y administra bonificaciones para residentes [&hellip;]<\/p>\n","protected":false},"author":2,"featured_media":0,"parent":0,"menu_order":0,"comment_status":"closed","ping_status":"closed","template":"","meta":{"footnotes":""},"class_list":["post-15","page","type-page","status-publish","hentry"],"_links":{"self":[{"href":"https:\/\/www.arabat.eus\/es\/wp-json\/wp\/v2\/pages\/15","targetHints":{"allow":["GET"]}}],"collection":[{"href":"https:\/\/www.arabat.eus\/es\/wp-json\/wp\/v2\/pages"}],"about":[{"href":"https:\/\/www.arabat.eus\/es\/wp-json\/wp\/v2\/types\/page"}],"author":[{"embeddable":true,"href":"https:\/\/www.arabat.eus\/es\/wp-json\/wp\/v2\/users\/2"}],"replies":[{"embeddable":true,"href":"https:\/\/www.arabat.eus\/es\/wp-json\/wp\/v2\/comments?post=15"}],"version-history":[{"count":525,"href":"https:\/\/www.arabat.eus\/es\/wp-json\/wp\/v2\/pages\/15\/revisions"}],"predecessor-version":[{"id":3090,"href":"https:\/\/www.arabat.eus\/es\/wp-json\/wp\/v2\/pages\/15\/revisions\/3090"}],"wp:attachment":[{"href":"https:\/\/www.arabat.eus\/es\/wp-json\/wp\/v2\/media?parent=15"}],"curies":[{"name":"wp","href":"https:\/\/api.w.org\/{rel}","templated":true}]}}