{"id":1991,"date":"2025-06-19T12:06:28","date_gmt":"2025-06-19T10:06:28","guid":{"rendered":"https:\/\/www.arabat.eus\/?page_id=1991"},"modified":"2025-06-19T12:12:23","modified_gmt":"2025-06-19T10:12:23","slug":"aviso-legal","status":"publish","type":"page","link":"https:\/\/www.arabat.eus\/es\/aviso-legal\/","title":{"rendered":"Aviso Legal"},"content":{"rendered":"\n<h1 class=\"wp-block-heading\">Aviso Legal<\/h1>\n\n\n\n<p>El presente Sitio Web, es titularidad de ARABAT-V\u00cdAS DE \u00c1LAVA, S.A., con domicilio social en C\/Vicente Goicoechea Kalea, 1, CP 01008 Vitoria-Gasteiz, Araba; y CIF A-01361237 y direcci\u00f3n de e-mail info@arabat.org, inscrita en el Registro Mercantil de \u00c1lava, Inscripci\u00f3n 1\u00aa, Tomo 1121, Folio 106, Hoja n\u00ba VI-9741 Al usar este sitio web, as\u00ed como cualesquiera subdominios, microsites y\/o subapartados contenidos en este, se entender\u00e1 que usted ha le\u00eddo, entendido y aceptado, sin limitaci\u00f3n ni reserva alguna, las condiciones de uso recogidas en este Aviso Legal as\u00ed como la Pol\u00edtica de Privacidad que est\u00e1 a su disposici\u00f3n en este mismo sitio web y cuya lectura le recomendamos expresamente, constituyendo el uso del mismo la expresa y plena aceptaci\u00f3n tanto del Aviso Legal como Pol\u00edtica de Privacidad en la versi\u00f3n que se encuentre publicada en el momento de acceso, sin perjuicio de las condiciones o t\u00e9rminos de uso espec\u00edficos que pudieran aplicarse respecto algunos servicios concretos del sitio web, cuya aceptaci\u00f3n previa, ser\u00e1 requisito indispensable para acceder a dichos servicios.<\/p>\n\n\n\n<p>Si no est\u00e1 conforme con los t\u00e9rminos de este Aviso Legal, rogamos no haga uso del sitio web, porque el uso del mismo, reiteramos, implicar\u00e1 la aceptaci\u00f3n de los t\u00e9rminos legales recogidos tanto en el Aviso Legal como en la Pol\u00edtica de Privacidad.<\/p>\n\n\n\n<p>ARABAT-V\u00cdAS DE \u00c1LAVA, S.A. se reserva el derecho de modificar los t\u00e9rminos y condiciones que aparecen en este sitio web, as\u00ed como ampliar contenidos, informaciones, etc., en cualquier momento y sin previo aviso y, por tanto, aconseja su consulta con una periodicidad razonable por si se producen cambios en los mismos.<\/p>\n","protected":false},"excerpt":{"rendered":"<p>Aviso Legal El presente Sitio Web, es titularidad de ARABAT-V\u00cdAS DE \u00c1LAVA, S.A., con domicilio social en C\/Vicente Goicoechea Kalea, [&hellip;]<\/p>\n","protected":false},"author":2,"featured_media":0,"parent":0,"menu_order":0,"comment_status":"closed","ping_status":"closed","template":"","meta":{"footnotes":""},"class_list":["post-1991","page","type-page","status-publish","hentry"],"_links":{"self":[{"href":"https:\/\/www.arabat.eus\/es\/wp-json\/wp\/v2\/pages\/1991","targetHints":{"allow":["GET"]}}],"collection":[{"href":"https:\/\/www.arabat.eus\/es\/wp-json\/wp\/v2\/pages"}],"about":[{"href":"https:\/\/www.arabat.eus\/es\/wp-json\/wp\/v2\/types\/page"}],"author":[{"embeddable":true,"href":"https:\/\/www.arabat.eus\/es\/wp-json\/wp\/v2\/users\/2"}],"replies":[{"embeddable":true,"href":"https:\/\/www.arabat.eus\/es\/wp-json\/wp\/v2\/comments?post=1991"}],"version-history":[{"count":2,"href":"https:\/\/www.arabat.eus\/es\/wp-json\/wp\/v2\/pages\/1991\/revisions"}],"predecessor-version":[{"id":1996,"href":"https:\/\/www.arabat.eus\/es\/wp-json\/wp\/v2\/pages\/1991\/revisions\/1996"}],"wp:attachment":[{"href":"https:\/\/www.arabat.eus\/es\/wp-json\/wp\/v2\/media?parent=1991"}],"curies":[{"name":"wp","href":"https:\/\/api.w.org\/{rel}","templated":true}]}}