{"id":241,"date":"2025-01-28T13:27:47","date_gmt":"2025-01-28T12:27:47","guid":{"rendered":"https:\/\/www.arabat.eus\/?page_id=241"},"modified":"2025-06-19T12:19:50","modified_gmt":"2025-06-19T10:19:50","slug":"cookies","status":"publish","type":"page","link":"https:\/\/www.arabat.eus\/es\/cookies\/","title":{"rendered":"Cookies"},"content":{"rendered":"\n<h1 class=\"wp-block-heading\">Cookies<\/h1>\n\n\n\n<h2 class=\"wp-block-heading h3\">Uso de cookies: \u00bfqu\u00e9 es una cookie y para qu\u00e9 sirve?<\/h2>\n\n\n\n<p>Informamos que esta p\u00e1gina web utiliza cookies. Una cookie es un fichero de texto que se env\u00eda al navegador web de tu ordenador, m\u00f3vil o cualquier otro dispositivo, y que sirve para almacenar y recuperar informaci\u00f3n sobre la navegaci\u00f3n realizada. Las cookies permiten que la p\u00e1gina web reconozca a la persona usuaria, por lo que, generalmente se utilizan para recordad las opciones de navegaci\u00f3n que el usuario hab\u00eda elegido (por ejemplo: recordar el idioma que utiliza, el nombre de usuario y contrase\u00f1a\u2026)<\/p>\n\n\n\n<h2 class=\"wp-block-heading h3\">Aceptaci\u00f3n de las cookies de este sitio web<\/h2>\n\n\n\n<p>A trav\u00e9s del men\u00fa desplegable que aparece la primera vez que entras en nuestro sitio web, o siguiendo las indicaciones de este aviso puedes modificar y gestionar la configuraci\u00f3n de nuestras cookies. Si continuas sin modificar su configuraci\u00f3n entenderemos que est\u00e1s de acuerdo con ellas.<\/p>\n\n\n\n<h2 class=\"wp-block-heading h3\">\u00bfQu\u00e9 tipo de cookies hay?<\/h2>\n\n\n\n<p>Hay diversos tipos de cookies:<\/p>\n\n\n\n<h3 class=\"wp-block-heading h4\">Seg\u00fan qui\u00e9n las gestione, se diferencian:<\/h3>\n\n\n\n<div class=\"wp-block-group\"><div class=\"wp-block-group__inner-container is-layout-constrained wp-block-group-is-layout-constrained\">\n<ul class=\"wp-block-list\">\n<li>Cookies de terceros:\u00a0aquellas enviadas desde un servidor o dominio web no gestionado directamente por nosotros, sino por una tercera entidad (p.ej.:\u00a0 servicios de Google).<\/li>\n\n\n\n<li>Cookies propias:\u00a0son aquellas que se env\u00edan a tu navegador desde nuestros servidores o dominios web.<\/li>\n<\/ul>\n\n\n\n<h3 class=\"wp-block-heading h4\">Seg\u00fan del tiempo que est\u00e1n activas:<\/h3>\n\n\n\n<ul class=\"wp-block-list\">\n<li>Cookies de sesi\u00f3n:\u00a0 permiten identificar al usuario durante la sesi\u00f3n en directo, lo que significa que son memorizadas y \u00fanicamente tienen validez el tiempo que dure una sesi\u00f3n activa, esto es, durante su visita \u00a0la web, sin que quede ninguna en tu dispositivo.<\/li>\n\n\n\n<li>Cookies persistentes:\u00a0 permanecen en tu dispositivo y nuestra web las lee cada vez que realizas una nueva visita. Estas cookies dejan de funcionar pasada una fecha concreta.<\/li>\n<\/ul>\n\n\n\n<h3 class=\"wp-block-heading h4\">Seg\u00fan su finalidad:<\/h3>\n\n\n\n<ul class=\"wp-block-list\">\n<li>Cookies t\u00e9cnicas:\u00a0mejoran la navegaci\u00f3n y el buen funcionamiento de la web.<\/li>\n\n\n\n<li>Cookies de personalizaci\u00f3n:\u00a0permiten acceder al servicio con unas caracter\u00edsticas predefinidas en funci\u00f3n de una serie de criterios.<\/li>\n\n\n\n<li>Cookies de an\u00e1lisis: permiten medir y analizar estad\u00edsticamente el uso que se hace del servicio prestado.<\/li>\n<\/ul>\n\n\n\n<p><\/p>\n\n\n\n<p><\/p>\n<\/div><\/div>\n\n\n\n<h2 class=\"wp-block-heading h3\">\u00bfC\u00f3mo puedes modificar las cookies?<\/h2>\n\n\n\n<p>La persona usuaria siempre podr\u00e1 personalizar el uso de \u201ccookies\u201d, as\u00ed como impedir la recopilaci\u00f3n de estas modificando las opciones del navegador. Dependiendo del navegador, la configuraci\u00f3n de las cookies estar\u00e1 en un lugar u otro. Podr\u00e1s localizarla si usas la funci\u00f3n \u201cAyuda\u201d de tu navegador. Puedes tambi\u00e9n configurar su navegador para aceptar o rechazar por defecto todas las cookies o para recibir un aviso en pantalla de la recepci\u00f3n de cada cookie y decidir en ese momento su implantaci\u00f3n o no en su disco duro.<\/p>\n\n\n\n<p>Entre los navegadores m\u00e1s comunes:<\/p>\n\n\n\n<p><strong>Firefox<\/strong>:\u00a0Opciones\\Privacidad\\Rastreo\\decir a los sitios web que no deseo ser rastreado<\/p>\n\n\n\n<p><strong>Chrome<\/strong>:\u00a0Men\u00fa de Chrome\\Configuraci\u00f3n\\Mostrar opciones avanzadas\\Privacidad\\Configuraci\u00f3n del contenido\\Cookies\\bloquear cookies de forma predeterminada<\/p>\n\n\n\n<p><strong>Safari<\/strong>:\u00a0Preferencias\\ Privacidad\\Bloquear Cookies<\/p>\n\n\n\n<p><strong>Explorer<\/strong>:\u00a0Herramientas\\Opciones de Internet\\Privacidad\\Configuraci\u00f3n\\ mueva el control deslizante totalmente hacia arriba para bloquear todas las cookies o totalmente hacia abajo para permitir todas las cookies y, a continuaci\u00f3n, haga clic en Aceptar.<\/p>\n\n\n\n<p>Al bloquear completamente las \u201ccookies\u201d, puede impedir que ciertos sitios web se muestren correctamente. Ten en cuenta qu\u00e9 si no aceptas nuestras cookies, no podr\u00e1s usar el acceso para clientes, ni la extranet de clientes, ni la personalizaci\u00f3n del tama\u00f1o de fuente.<\/p>\n\n\n\n<h2 class=\"wp-block-heading h3\">\u00bfQu\u00e9 tipo de cookies utilizamos en esta web?<\/h2>\n\n\n\n<p>Concretamente en nuestra web utilizamos los siguientes tipos de cookies:<\/p>\n\n\n\n<figure class=\"wp-block-table\"><table class=\"has-fixed-layout\"><tbody><tr><td>NOMBRE<\/td><td>PROPIETARIO<\/td><td>DURACION<\/td><td>+ INFO<\/td><\/tr><tr><td>ASPSESSIONIDAASSSDTDASPSESSIONIDQAQTRBRAASPSESSIONIDSSCSQDCTASPSESSIONIDSWCSQDCT<\/td><td>Propias<\/td><td>Sesi\u00f3n<\/td><td>Almacenamiento de datos de navegaci\u00f3n y personalizaci\u00f3n del usuario<\/td><\/tr><\/tbody><\/table><\/figure>\n","protected":false},"excerpt":{"rendered":"<p>Cookies Uso de cookies: \u00bfqu\u00e9 es una cookie y para qu\u00e9 sirve? Informamos que esta p\u00e1gina web utiliza cookies. Una [&hellip;]<\/p>\n","protected":false},"author":2,"featured_media":0,"parent":0,"menu_order":0,"comment_status":"closed","ping_status":"closed","template":"","meta":{"footnotes":""},"class_list":["post-241","page","type-page","status-publish","hentry"],"_links":{"self":[{"href":"https:\/\/www.arabat.eus\/es\/wp-json\/wp\/v2\/pages\/241","targetHints":{"allow":["GET"]}}],"collection":[{"href":"https:\/\/www.arabat.eus\/es\/wp-json\/wp\/v2\/pages"}],"about":[{"href":"https:\/\/www.arabat.eus\/es\/wp-json\/wp\/v2\/types\/page"}],"author":[{"embeddable":true,"href":"https:\/\/www.arabat.eus\/es\/wp-json\/wp\/v2\/users\/2"}],"replies":[{"embeddable":true,"href":"https:\/\/www.arabat.eus\/es\/wp-json\/wp\/v2\/comments?post=241"}],"version-history":[{"count":5,"href":"https:\/\/www.arabat.eus\/es\/wp-json\/wp\/v2\/pages\/241\/revisions"}],"predecessor-version":[{"id":2002,"href":"https:\/\/www.arabat.eus\/es\/wp-json\/wp\/v2\/pages\/241\/revisions\/2002"}],"wp:attachment":[{"href":"https:\/\/www.arabat.eus\/es\/wp-json\/wp\/v2\/media?parent=241"}],"curies":[{"name":"wp","href":"https:\/\/api.w.org\/{rel}","templated":true}]}}