{"id":490,"date":"2025-01-30T15:46:44","date_gmt":"2025-01-30T14:46:44","guid":{"rendered":"https:\/\/www.arabat.eus\/?page_id=490"},"modified":"2025-07-08T12:01:14","modified_gmt":"2025-07-08T10:01:14","slug":"arabat","status":"publish","type":"page","link":"https:\/\/www.arabat.eus\/es\/arabat\/","title":{"rendered":"Arabat"},"content":{"rendered":"\n<div class=\"wp-block-cover is-light full-width inner-header\" style=\"min-height:30rem;aspect-ratio:unset;aspect-ratio:unset;\"><span aria-hidden=\"true\" class=\"wp-block-cover__background has-background-dim-0 has-background-dim has-background-gradient\" style=\"background:linear-gradient(135deg,rgba(242,245,247,0) 32%,rgba(243,245,247,0.5) 47%,rgba(242,245,247,0) 100%)\"><\/span><img loading=\"lazy\" decoding=\"async\" width=\"1024\" height=\"314\" class=\"wp-block-cover__image-background wp-image-1640\" alt=\"Arabat\" src=\"https:\/\/www.arabat.eus\/wp-content\/uploads\/2025\/06\/arabat-inner-header-bg-10-1024x314.jpg\" data-object-fit=\"cover\" srcset=\"https:\/\/www.arabat.eus\/wp-content\/uploads\/2025\/06\/arabat-inner-header-bg-10-1024x314.jpg 1024w, https:\/\/www.arabat.eus\/wp-content\/uploads\/2025\/06\/arabat-inner-header-bg-10-300x92.jpg 300w, https:\/\/www.arabat.eus\/wp-content\/uploads\/2025\/06\/arabat-inner-header-bg-10-768x236.jpg 768w, https:\/\/www.arabat.eus\/wp-content\/uploads\/2025\/06\/arabat-inner-header-bg-10-1536x471.jpg 1536w, https:\/\/www.arabat.eus\/wp-content\/uploads\/2025\/06\/arabat-inner-header-bg-10-2048x629.jpg 2048w\" sizes=\"auto, (max-width: 1024px) 100vw, 1024px\" \/><div class=\"wp-block-cover__inner-container is-layout-flow wp-block-cover-is-layout-flow\">\n<h1 class=\"wp-block-heading has-text-align-center display-5\">Acerca de Arabat<\/h1>\n\n\n\n<p class=\"has-text-align-center mw-45 mx-auto lead\">Gestionamos la AP-1 en \u00c1lava, las subvenciones para residentes en esta y la AP-68, y publicamos nuestras licitaciones en el Perfil del Contratante.<\/p>\n\n\n\n<div class=\"wp-block-group mt-4 is-content-justification-center is-nowrap is-layout-flex wp-container-core-group-is-layout-1 wp-block-group-is-layout-flex\">\n<div class=\"wp-block-buttons is-layout-flex wp-block-buttons-is-layout-flex\">\n<div class=\"wp-block-button has-custom-font-size has-medium-font-size\"><a class=\"wp-block-button__link has-black-background-color has-background wp-element-button\" href=\"https:\/\/www.contratacion.euskadi.eus\/webkpe00-kpeperfi\/es\/ac70cPublicidadWar\/busquedaAnuncios?locale=es\" style=\"border-radius:8px\" target=\"_blank\" rel=\"noreferrer noopener\">Perfil del contratante<\/a><\/div>\n\n\n\n<div class=\"wp-block-button has-custom-font-size is-style-fill pe-0 has-medium-font-size\"><a class=\"wp-block-button__link has-primary-dark-background-color has-background wp-element-button\" href=\"https:\/\/www.arabat.eus\/contactar\/\" style=\"border-radius:8px\">Contactar<i class=\"bi bi-envelope-arrow-up ms-2\"><\/i><\/a><\/div>\n<\/div>\n<\/div>\n<\/div><\/div>\n\n\n\n<div id=\"transportes_especiales\" class=\"wp-block-group mt-4 flex-column flex-md-row is-nowrap is-layout-flex wp-container-core-group-is-layout-4 wp-block-group-is-layout-flex\">\n<div class=\"wp-block-group p-md-5 wp-container-content-1\"><div class=\"wp-block-group__inner-container is-layout-constrained wp-block-group-is-layout-constrained\">\n<h2 class=\"wp-block-heading h3 small-border\">Tu Movilidad en \u00c1lava<\/h2>\n\n\n\n<p class=\"d-block d-mg-flex lead\">Somos Arabat (Arabako Bideak-V\u00edas de \u00c1lava, S.A.), la sociedad p\u00fablica de la Diputaci\u00f3n Foral de \u00c1lava dedicada a planificar, construir, conservar y gestionar las v\u00edas de alta capacidad y otras infraestructuras clave en el territorio.<\/p>\n\n\n\n<p>Nuestra andadura comenz\u00f3 en 2003 con el gran proyecto de la autopista AP-1 (tramo Vitoria-Gasteiz-Eibar), que se abri\u00f3 al tr\u00e1fico en 2009. Desde entonces, nuestro compromiso ha sido ofrecerte el mejor servicio, garantizar tu seguridad, potenciar la conectividad de \u00c1lava y facilitar las ayudas para quienes us\u00e1is frecuentemente nuestras v\u00edas.<br><br><\/p>\n<\/div><\/div>\n\n\n\n<div class=\"wp-block-group wp-container-content-2\"><div class=\"wp-block-group__inner-container is-layout-constrained wp-block-group-is-layout-constrained\">\n<figure class=\"wp-block-image size-full\"><img loading=\"lazy\" decoding=\"async\" width=\"933\" height=\"622\" src=\"https:\/\/www.arabat.eus\/wp-content\/uploads\/2025\/06\/sobre-arabat-01-02-2x.jpg\" alt=\"\" class=\"wp-image-1524\" srcset=\"https:\/\/www.arabat.eus\/wp-content\/uploads\/2025\/06\/sobre-arabat-01-02-2x.jpg 933w, https:\/\/www.arabat.eus\/wp-content\/uploads\/2025\/06\/sobre-arabat-01-02-2x-300x200.jpg 300w, https:\/\/www.arabat.eus\/wp-content\/uploads\/2025\/06\/sobre-arabat-01-02-2x-768x512.jpg 768w\" sizes=\"auto, (max-width: 933px) 100vw, 933px\" \/><\/figure>\n<\/div><\/div>\n<\/div>\n\n\n\n<div id=\"transportes_especiales\" class=\"wp-block-group mt-4 flex-column flex-md-row is-nowrap is-layout-flex wp-container-core-group-is-layout-7 wp-block-group-is-layout-flex\">\n<div class=\"wp-block-group wp-container-content-3\"><div class=\"wp-block-group__inner-container is-layout-constrained wp-block-group-is-layout-constrained\">\n<figure class=\"wp-block-image size-full\"><img loading=\"lazy\" decoding=\"async\" width=\"933\" height=\"622\" src=\"https:\/\/www.arabat.eus\/wp-content\/uploads\/2025\/06\/sobre-arabat-02-02-2x.jpg\" alt=\"\" class=\"wp-image-1527\" srcset=\"https:\/\/www.arabat.eus\/wp-content\/uploads\/2025\/06\/sobre-arabat-02-02-2x.jpg 933w, https:\/\/www.arabat.eus\/wp-content\/uploads\/2025\/06\/sobre-arabat-02-02-2x-300x200.jpg 300w, https:\/\/www.arabat.eus\/wp-content\/uploads\/2025\/06\/sobre-arabat-02-02-2x-768x512.jpg 768w\" sizes=\"auto, (max-width: 933px) 100vw, 933px\" \/><\/figure>\n<\/div><\/div>\n\n\n\n<div class=\"wp-block-group p-md-5 wp-container-content-4\"><div class=\"wp-block-group__inner-container is-layout-constrained wp-block-group-is-layout-constrained\">\n<h2 class=\"wp-block-heading h3 small-border\">Nuevos Retos, Mismo Compromiso<\/h2>\n\n\n\n<p class=\"d-block d-mg-flex\">Con 20 a\u00f1os de experiencia en la AP-1, miramos hacia el futuro. Hoy, nuestro foco se ampl\u00eda para afrontar los retos de la sostenibilidad econ\u00f3mica, social y medioambiental de las carreteras en \u00c1lava. Esto significa que expandiremos nuestras responsabilidades para seguir mejorando la movilidad en nuestro territorio.<\/p>\n\n\n\n<ul class=\"wp-block-list lista-con-icono lista-check\">\n<li><a href=\"https:\/\/www.contratacion.euskadi.eus\/webkpe00-kpeperfi\/es\/ac70cPublicidadWar\/busquedaAnuncios?locale=es\" target=\"_blank\" rel=\"noreferrer noopener\">Licitaciones y contrataciones vigentes \u201cPerfil del Contratante\u201d<\/a><\/li>\n\n\n\n<li><a href=\"https:\/\/www.euskadi.eus\/registro-contratos-arabat-vias-alava-s-del-2022\/web01-sede\/es\/\" data-type=\"link\" data-id=\"https:\/\/www.euskadi.eus\/registro-contratos-arabat-vias-alava-s-del-2022\/web01-sede\/es\/\" target=\"_blank\" rel=\"noreferrer noopener\">Informaci\u00f3n P\u00fablica de Arabat \u201cPortal de Transparencia\u201d<\/a><\/li>\n\n\n\n<li><a href=\"https:\/\/www.arabat.eus\/wp-content\/uploads\/2025\/04\/declaracion-dominio-del-set.pdf\" data-type=\"link\" data-id=\"https:\/\/www.arabat.eus\/wp-content\/uploads\/2025\/04\/declaracion-dominio-del-set.pdf\" target=\"_blank\" rel=\"noreferrer noopener\">Declaraci\u00f3n de dominio del Sistema Europeo de Telepeaje \u201cDeclaraci\u00f3n SET\u201d<\/a><\/li>\n\n\n\n<li><a href=\"https:\/\/www.arabat.eus\/tramites\/\" data-type=\"page\" data-id=\"801\">Tr\u00e1mites online \u201cTr\u00e1mites\u201d<\/a><\/li>\n<\/ul>\n<\/div><\/div>\n<\/div>\n\n\n\n<div style=\"height:100px\" aria-hidden=\"true\" class=\"wp-block-spacer\"><\/div>\n\n\n\n<h2 class=\"wp-block-heading has-text-align-center h4\">Empresas colaboradoras:<\/h2>\n\n\n\n<div class=\"wp-block-columns mt-4 mw-50 mx-auto align-items-strech is-layout-flex wp-container-core-columns-is-layout-1 wp-block-columns-is-layout-flex\">\n<div class=\"wp-block-column is-vertically-aligned-stretch bg-light is-layout-flow wp-block-column-is-layout-flow\"><div class=\"wp-block-image d-flex justify-content-center align-items-center h-100\">\n<figure class=\"aligncenter size-full\"><img loading=\"lazy\" decoding=\"async\" width=\"152\" height=\"100\" src=\"https:\/\/www.arabat.eus\/wp-content\/uploads\/2025\/06\/logo-bidegi.png\" alt=\"\" class=\"wp-image-1722\" srcset=\"https:\/\/www.arabat.eus\/wp-content\/uploads\/2025\/06\/logo-bidegi.png 152w, https:\/\/www.arabat.eus\/wp-content\/uploads\/2025\/06\/logo-bidegi-150x100.png 150w\" sizes=\"auto, (max-width: 152px) 100vw, 152px\" \/><\/figure><\/div><\/div>\n\n\n\n<div class=\"wp-block-column is-vertically-aligned-stretch bg-light is-layout-flow wp-block-column-is-layout-flow\"><div class=\"wp-block-image is-style-default d-flex justify-content-center align-items-center h-100\">\n<figure class=\"aligncenter size-full is-resized\"><img loading=\"lazy\" decoding=\"async\" width=\"306\" height=\"232\" src=\"https:\/\/www.arabat.eus\/wp-content\/uploads\/2025\/06\/logo-interbiak.png\" alt=\"\" class=\"wp-image-1724\" style=\"width:200px\" srcset=\"https:\/\/www.arabat.eus\/wp-content\/uploads\/2025\/06\/logo-interbiak.png 306w, https:\/\/www.arabat.eus\/wp-content\/uploads\/2025\/06\/logo-interbiak-300x227.png 300w\" sizes=\"auto, (max-width: 306px) 100vw, 306px\" \/><\/figure><\/div><\/div>\n\n\n\n<div class=\"wp-block-column is-vertically-aligned-stretch bg-light is-layout-flow wp-block-column-is-layout-flow\"><div class=\"wp-block-image d-flex justify-content-center align-items-center h-100\">\n<figure class=\"aligncenter size-full is-resized\"><img loading=\"lazy\" decoding=\"async\" width=\"170\" height=\"67\" src=\"https:\/\/www.arabat.eus\/wp-content\/uploads\/2025\/01\/Logo.svg\" alt=\"Arabat\" class=\"wp-image-32\" style=\"width:138px\"\/><\/figure><\/div><\/div>\n<\/div>\n\n\n\n<p><\/p>\n","protected":false},"excerpt":{"rendered":"<p>Tu Movilidad en \u00c1lava Somos Arabat (Arabako Bideak-V\u00edas de \u00c1lava, S.A.), la sociedad p\u00fablica de la Diputaci\u00f3n Foral de \u00c1lava [&hellip;]<\/p>\n","protected":false},"author":2,"featured_media":0,"parent":0,"menu_order":0,"comment_status":"closed","ping_status":"closed","template":"","meta":{"footnotes":""},"class_list":["post-490","page","type-page","status-publish","hentry"],"_links":{"self":[{"href":"https:\/\/www.arabat.eus\/es\/wp-json\/wp\/v2\/pages\/490","targetHints":{"allow":["GET"]}}],"collection":[{"href":"https:\/\/www.arabat.eus\/es\/wp-json\/wp\/v2\/pages"}],"about":[{"href":"https:\/\/www.arabat.eus\/es\/wp-json\/wp\/v2\/types\/page"}],"author":[{"embeddable":true,"href":"https:\/\/www.arabat.eus\/es\/wp-json\/wp\/v2\/users\/2"}],"replies":[{"embeddable":true,"href":"https:\/\/www.arabat.eus\/es\/wp-json\/wp\/v2\/comments?post=490"}],"version-history":[{"count":154,"href":"https:\/\/www.arabat.eus\/es\/wp-json\/wp\/v2\/pages\/490\/revisions"}],"predecessor-version":[{"id":2129,"href":"https:\/\/www.arabat.eus\/es\/wp-json\/wp\/v2\/pages\/490\/revisions\/2129"}],"wp:attachment":[{"href":"https:\/\/www.arabat.eus\/es\/wp-json\/wp\/v2\/media?parent=490"}],"curies":[{"name":"wp","href":"https:\/\/api.w.org\/{rel}","templated":true}]}}