{"id":613,"date":"2025-02-03T08:24:03","date_gmt":"2025-02-03T07:24:03","guid":{"rendered":"https:\/\/www.arabat.eus\/?page_id=613"},"modified":"2026-02-13T10:13:37","modified_gmt":"2026-02-13T09:13:37","slug":"preguntas","status":"publish","type":"page","link":"https:\/\/www.arabat.eus\/es\/preguntas\/","title":{"rendered":"Preguntas"},"content":{"rendered":"\n<div class=\"wp-block-cover full-width inner-header\" style=\"min-height:16vh;aspect-ratio:unset;aspect-ratio:unset;\"><img loading=\"lazy\" decoding=\"async\" width=\"2160\" height=\"663\" class=\"wp-block-cover__image-background wp-image-1640\" alt=\"Arabat\" src=\"https:\/\/www.arabat.eus\/wp-content\/uploads\/2025\/06\/arabat-inner-header-bg-10.jpg\" data-object-fit=\"cover\" srcset=\"https:\/\/www.arabat.eus\/wp-content\/uploads\/2025\/06\/arabat-inner-header-bg-10.jpg 2160w, https:\/\/www.arabat.eus\/wp-content\/uploads\/2025\/06\/arabat-inner-header-bg-10-300x92.jpg 300w, https:\/\/www.arabat.eus\/wp-content\/uploads\/2025\/06\/arabat-inner-header-bg-10-1024x314.jpg 1024w, https:\/\/www.arabat.eus\/wp-content\/uploads\/2025\/06\/arabat-inner-header-bg-10-768x236.jpg 768w, https:\/\/www.arabat.eus\/wp-content\/uploads\/2025\/06\/arabat-inner-header-bg-10-1536x471.jpg 1536w, https:\/\/www.arabat.eus\/wp-content\/uploads\/2025\/06\/arabat-inner-header-bg-10-2048x629.jpg 2048w\" sizes=\"auto, (max-width: 2160px) 100vw, 2160px\" \/><span aria-hidden=\"true\" class=\"wp-block-cover__background has-background-dim-40 has-background-dim wp-block-cover__gradient-background has-background-gradient\" style=\"background:linear-gradient(135deg,rgba(242,245,247,0) 32%,rgba(243,245,247,0.5) 47%,rgba(242,245,247,0) 100%)\"><\/span><div class=\"wp-block-cover__inner-container is-layout-flow wp-block-cover-is-layout-flow\">\n<h1 class=\"wp-block-heading has-text-align-center display-5 my-5 text-text-color\">Preguntas<\/h1>\n\n\n\n<p class=\"has-text-align-center mw-45 mx-auto lead\"><\/p>\n\n\n\n<div class=\"wp-block-group is-content-justification-center is-nowrap is-layout-flex wp-container-core-group-is-layout-1 wp-block-group-is-layout-flex\"><\/div>\n<\/div><\/div>\n\n\n\n<p class=\"has-text-align-center mt-5 mb-5\">Aqu\u00ed encontrar\u00e1s respuestas a las preguntas m\u00e1s frecuentes sobre nuestras\n    autopistas y tr\u00e1mites online.<\/p>\n\n\n<div id=\"accordionFlushExample\" class=\"accordion accordion-flush mb-5 row \"><div class=\"col-lg-6\"><div class=\"accordion-item\"><h2 class=\"accordion-header\"><button class=\"accordion-button collapsed\" type=\"button\" data-bs-toggle=\"collapse\" data-bs-target=\"#flush-collapse1\" aria-expanded=\"false\" aria-controls=\"flush-collapse1\">\u00bfExiste alguna subvenci\u00f3n por parte de la DFA para el tr\u00e1nsito en autopistas?<\/button><\/h2><div id=\"flush-collapse1\" class=\"accordion-collapse collapse\" data-bs-parent=\"#accordionFlushExample\"><div class=\"accordion-body\">S\u00ed, para el tr\u00e1nsito de determinados tramos de las autopistas AP-1 y AP-68.<br>Los tramos en cuesti\u00f3n son:<br>AP-1: Hay dos tramos diferenciados:<ol><li>Tramo 1: Entre Etxabarri-Ibi\u00f1a y Eskoriatza<\/li><li>Tramo 2: Entre Eskoriatza y Maltzaga.<\/li><\/ol><p>AP-68: Los pasos de peaje comprendidos entre Bilbao y Zambrana.<\/p><\/div><\/div><\/div><\/div><div class=\"col-lg-6\"><div class=\"accordion-item\"><h2 class=\"accordion-header\"><button class=\"accordion-button collapsed\" type=\"button\" data-bs-toggle=\"collapse\" data-bs-target=\"#flush-collapse2\" aria-expanded=\"false\" aria-controls=\"flush-collapse2\">\u00bfSe pueden solicitar ambas subvenciones?<\/button><\/h2><div id=\"flush-collapse2\" class=\"accordion-collapse collapse\" data-bs-parent=\"#accordionFlushExample\"><div class=\"accordion-body\">S\u00ed. Se puede solicitar solamente una o ambas, indic\u00e1ndolo en las casillas que aparecen en el impreso de solicitud.<\/div><\/div><\/div><\/div><div class=\"col-lg-6\"><div class=\"accordion-item\"><h2 class=\"accordion-header\"><button class=\"accordion-button collapsed\" type=\"button\" data-bs-toggle=\"collapse\" data-bs-target=\"#flush-collapse3\" aria-expanded=\"false\" aria-controls=\"flush-collapse3\">\u00bfQui\u00e9n puede solicitar las subvenciones?<\/button><\/h2><div id=\"flush-collapse3\" class=\"accordion-collapse collapse\" data-bs-parent=\"#accordionFlushExample\"><div class=\"accordion-body\">Las personas f\u00edsicas que cumplan con los siguientes requisitos:<ol><li>Tener la residencia habitual en el Territorio Hist\u00f3rico de \u00c1lava<\/li><li>Disponer de la titularidad de un dispositivo telem\u00e1tico de telepeaje y abonar a trav\u00e9s de \u00e9l los<br>trayectos comprendidos en la subvenci\u00f3n.<\/li><li>Encontrarse al corriente de las obligaciones tributarias con la Hacienda Foral de \u00c1lava.<\/li><li>Utilizar los veh\u00edculos adscritos en la solicitud de la subvenci\u00f3n. Los veh\u00edculos deben ser de uso<br>particular, no afecto a actividad profesional, empresarial o econ\u00f3mica.<\/li><li>Que no se encuentre incursas en ninguna de las circunstancias que establece el art\u00edculo 12 de la<br>Norma Foral de Subvenciones, cuya acreditaci\u00f3n se realizar\u00e1 mediante declaraci\u00f3n responsable<br>contenida en la solicitud.<\/li><li>No haber sido sancionado o sancionada, administrativa o penalmente por incurrir en discriminaci\u00f3n por raz\u00f3n de sexo, seg\u00fan lo previsto en La Ley 4\/2005 de 18 de febrero, para la Igualdad de Mujeres y Hombres.<\/li><\/ol><\/div><\/div><\/div><\/div><div class=\"col-lg-6\"><div class=\"accordion-item\"><h2 class=\"accordion-header\"><button class=\"accordion-button collapsed\" type=\"button\" data-bs-toggle=\"collapse\" data-bs-target=\"#flush-collapse4\" aria-expanded=\"false\" aria-controls=\"flush-collapse4\">\u00bfQu\u00e9 debo hacer para solicitar la subvenci\u00f3n o subvenciones?<\/button><\/h2><div id=\"flush-collapse4\" class=\"accordion-collapse collapse\" data-bs-parent=\"#accordionFlushExample\"><div class=\"accordion-body\">Se Puede tramitar online en este <a href=\"https:\/\/peajesocial.arabat.org\/docs\/modelo_solicitud2021.pdf\" target=\"_blank\">enlace.<\/a><br>Adem\u00e1s, tambi\u00e9n se puede entregar la solicitud, junto a la documentaci\u00f3n requerida o enviarla por email a <a href=\"mailto:subvenciones@arabat.org\">subvenciones@arabat.org<\/a><\/div><\/div><\/div><\/div><div class=\"col-lg-6\"><div class=\"accordion-item\"><h2 class=\"accordion-header\"><button class=\"accordion-button collapsed\" type=\"button\" data-bs-toggle=\"collapse\" data-bs-target=\"#flush-collapse5\" aria-expanded=\"false\" aria-controls=\"flush-collapse5\">\u00bfQu\u00e9 documentaci\u00f3n es necesario presentar adem\u00e1s de la solicitud cumplimentada?<\/button><\/h2><div id=\"flush-collapse5\" class=\"accordion-collapse collapse\" data-bs-parent=\"#accordionFlushExample\"><div class=\"accordion-body\"><ol><li>Fotocopia del DNI.<\/li><li>Certificado de empadronamiento en alg\u00fan municipio de \u00c1lava.<\/li><li>Certificado de estar al corriente en las obligaciones tributarias en la Hacienda Foral Alavesa.<\/li><li>Documento acreditativo, expedido por la entidad financiera de titularidad de la cuenta bancaria de la persona solicitante donde se vincular\u00e1n los peajes telem\u00e1ticos y de la disponibilidad y titularidad del dispositivo de telepeaje y la numeraci\u00f3n completa.<\/li><li>Fotocopia del permiso de circulaci\u00f3n del veh\u00edculo (no el permiso de conducci\u00f3n).<\/li><\/ol><\/div><\/div><\/div><\/div><div class=\"col-lg-6\"><div class=\"accordion-item\"><h2 class=\"accordion-header\"><button class=\"accordion-button collapsed\" type=\"button\" data-bs-toggle=\"collapse\" data-bs-target=\"#flush-collapse6\" aria-expanded=\"false\" aria-controls=\"flush-collapse6\">\u00bfD\u00f3nde se ha de realizar la entrega de la documentaci\u00f3n?<\/button><\/h2><div id=\"flush-collapse6\" class=\"accordion-collapse collapse\" data-bs-parent=\"#accordionFlushExample\"><div class=\"accordion-body\">La documentaci\u00f3n puede presentarse bien de forma presencial o bien telem\u00e1ticamente.<br>1. Presencialmente en nuestras oficinas cuya direcci\u00f3n es:<div>ARABAKO BIDEAK \u2013 V\u00cdAS DE \u00c1LAVA S.A. (ARABAT)<br>VIAS DE \u00c1LAVA S.A. (ARABAT) <br>C\/ Vicente Goikoetxea n\u00ba1 \u2013 1\u00ba Oficina 4 <br>01008 Vitoria \u2013 Gasteiz <br>Horario de atenci\u00f3n: 8:30 \u2013 13:30 <br>2. Tramitaci\u00f3n online: Desde <a href=\"https:\/\/www.arabat.eus\/es\/tramites\/bonificaciones\/solicitud-de-bonificacion\/\">aqu\u00ed<\/a><\/div><\/div><\/div><\/div><\/div><div class=\"col-lg-6\"><div class=\"accordion-item\"><h2 class=\"accordion-header\"><button class=\"accordion-button collapsed\" type=\"button\" data-bs-toggle=\"collapse\" data-bs-target=\"#flush-collapse7\" aria-expanded=\"false\" aria-controls=\"flush-collapse7\">\u00bfD\u00f3nde puedo solicitar el Certificado de estar al corriente de las obligaciones tributarias?<\/button><\/h2><div id=\"flush-collapse7\" class=\"accordion-collapse collapse\" data-bs-parent=\"#accordionFlushExample\"><div class=\"accordion-body\">En la Hacienda Foral de \u00c1lava o a trav\u00e9s de su sede electr\u00f3nica.<\/div><\/div><\/div><\/div><div class=\"col-lg-6\"><div class=\"accordion-item\"><h2 class=\"accordion-header\"><button class=\"accordion-button collapsed\" type=\"button\" data-bs-toggle=\"collapse\" data-bs-target=\"#flush-collapse8\" aria-expanded=\"false\" aria-controls=\"flush-collapse8\">\u00bfSi resido en \u00c1lava pero no soy contribuyente qu\u00e9 debo hacer?<\/button><\/h2><div id=\"flush-collapse8\" class=\"accordion-collapse collapse\" data-bs-parent=\"#accordionFlushExample\"><div class=\"accordion-body\">Es necesario que primero se d\u00e9 de alta como contribuyente en la Hacienda Foral de \u00c1lava y seguidamente solicite o tramite el Certificado de estar al corriente de las obligaciones tributarias.<\/div><\/div><\/div><\/div><div class=\"col-lg-6\"><div class=\"accordion-item\"><h2 class=\"accordion-header\"><button class=\"accordion-button collapsed\" type=\"button\" data-bs-toggle=\"collapse\" data-bs-target=\"#flush-collapse9\" aria-expanded=\"false\" aria-controls=\"flush-collapse9\">\u00bfCu\u00e1ntos veh\u00edculos puedo adscribir a la subvenci\u00f3n?<\/button><\/h2><div id=\"flush-collapse9\" class=\"accordion-collapse collapse\" data-bs-parent=\"#accordionFlushExample\"><div class=\"accordion-body\">Un m\u00e1ximo de dos veh\u00edculos.<\/div><\/div><\/div><\/div><div class=\"col-lg-6\"><div class=\"accordion-item\"><h2 class=\"accordion-header\"><button class=\"accordion-button collapsed\" type=\"button\" data-bs-toggle=\"collapse\" data-bs-target=\"#flush-collapse10\" aria-expanded=\"false\" aria-controls=\"flush-collapse10\">\u00bfPuedo adscribir cualquier veh\u00edculo?<\/button><\/h2><div id=\"flush-collapse10\" class=\"accordion-collapse collapse\" data-bs-parent=\"#accordionFlushExample\"><div class=\"accordion-body\">S\u00ed, siempre que no est\u00e9 afecto a actividad profesional, empresarial o econ\u00f3mica.<\/div><\/div><\/div><\/div><div class=\"col-lg-6\"><div class=\"accordion-item\"><h2 class=\"accordion-header\"><button class=\"accordion-button collapsed\" type=\"button\" data-bs-toggle=\"collapse\" data-bs-target=\"#flush-collapse11\" aria-expanded=\"false\" aria-controls=\"flush-collapse11\">Si dispongo un veh\u00edculo de renting o leasing \u00bfpuedo solicitar la subvenci\u00f3n?<\/button><\/h2><div id=\"flush-collapse11\" class=\"accordion-collapse collapse\" data-bs-parent=\"#accordionFlushExample\"><div class=\"accordion-body\">S\u00ed, pero para ello deber\u00e1 adjuntar el justificante de pago de las cuotas del leasing\/renting, a efectos de poder acreditar la titularidad del mismo. Las cuotas de pago deben abonarse por una persona f\u00edsica.<\/div><\/div><\/div><\/div><div class=\"col-lg-6\"><div class=\"accordion-item\"><h2 class=\"accordion-header\"><button class=\"accordion-button collapsed\" type=\"button\" data-bs-toggle=\"collapse\" data-bs-target=\"#flush-collapse12\" aria-expanded=\"false\" aria-controls=\"flush-collapse12\">\u00bfD\u00f3nde puedo solicitar el dispositivo de telepeaje?<\/button><\/h2><div id=\"flush-collapse12\" class=\"accordion-collapse collapse\" data-bs-parent=\"#accordionFlushExample\"><div class=\"accordion-body\">En cualquier entidad bancaria as\u00ed como en empresas especializadas que ofrecen este servicio, tales como Bip&amp;Drive o Pagatelia.<\/div><\/div><\/div><\/div><div class=\"col-lg-6\"><div class=\"accordion-item\"><h2 class=\"accordion-header\"><button class=\"accordion-button collapsed\" type=\"button\" data-bs-toggle=\"collapse\" data-bs-target=\"#flush-collapse13\" aria-expanded=\"false\" aria-controls=\"flush-collapse13\">\u00bfQu\u00e9 debo hacer si mis datos cambian despu\u00e9s de la solicitud?<\/button><\/h2><div id=\"flush-collapse13\" class=\"accordion-collapse collapse\" data-bs-parent=\"#accordionFlushExample\"><div class=\"accordion-body\">Adem\u00e1s de cumplimentar el impreso de modificaci\u00f3n de datos que puede encontrar en el siguiente \n<a href=\"https:\/\/www.arabat.eus\/wp-content\/uploads\/2025\/06\/modelo_modif-bonif.pdf\">enlace<\/a>, debe remitirnos el documento que acredite\ndicho cambio.<br>Por ejemplo, si se da de <a href=\"https:\/\/www.arabat.eus\/wp-content\/uploads\/2025\/06\/modelo_solicitud-bonif.pdf\">alta<\/a> un nuevo veh\u00edculo es necesario que se aporte la fotocopia del\npermiso<br>de circulaci\u00f3n de este nuevo veh\u00edculo; si se cambia de domicilio debe aportarse el nuevo certificado de\nempadronamiento.<\/div><\/div><\/div><\/div><div class=\"col-lg-6\"><div class=\"accordion-item\"><h2 class=\"accordion-header\"><button class=\"accordion-button collapsed\" type=\"button\" data-bs-toggle=\"collapse\" data-bs-target=\"#flush-collapse14\" aria-expanded=\"false\" aria-controls=\"flush-collapse14\">\u00bfEn qu\u00e9 consiste la subvenci\u00f3n?<\/button><\/h2><div id=\"flush-collapse14\" class=\"accordion-collapse collapse\" data-bs-parent=\"#accordionFlushExample\"><div class=\"accordion-body\">Esta var\u00eda en funci\u00f3n de la autopista.<\/div><\/div><\/div><\/div><div class=\"col-lg-6\"><div class=\"accordion-item\"><h2 class=\"accordion-header\"><button class=\"accordion-button collapsed\" type=\"button\" data-bs-toggle=\"collapse\" data-bs-target=\"#flush-collapse15\" aria-expanded=\"false\" aria-controls=\"flush-collapse15\">\u00bfCu\u00e1l ser\u00eda la subvenci\u00f3n para la Autopista AP-1?<\/button><\/h2><div id=\"flush-collapse15\" class=\"accordion-collapse collapse\" data-bs-parent=\"#accordionFlushExample\"><div class=\"accordion-body\">En la AP-1: Hay dos tramos diferenciados:<ol><li>Tramo 1: Entre Etxabarri-Ibi\u00f1a y Eskoriatza: Para poder beneficiarse de la subvenci\u00f3n de este tramo, el usuario debe incurrir en un gasto mensual superior a 15 Euros IVA incluido. Este importe ser\u00e1 a cargo del usuario y el resto ser\u00e1 subvencionado en un 100% con un l\u00edmite de 50 trayectos mensuales.<\/li><li>Tramo 2: Entre Eskoriatza y Maltzaga. Para poder beneficiarse de la subvenci\u00f3n de este tramo el<br>usuario debe incurrir en un gasto mensual superior a 60 Euros IVA incluido. Este importe ser\u00e1 a cargo del usuario y el resto ser\u00e1 subvencionado en un 100% con un l\u00edmite de 50 trayectos mensuales.<\/li><\/ol><\/div><\/div><\/div><\/div><div class=\"col-lg-6\"><div class=\"accordion-item\"><h2 class=\"accordion-header\"><button class=\"accordion-button collapsed\" type=\"button\" data-bs-toggle=\"collapse\" data-bs-target=\"#flush-collapse16\" aria-expanded=\"false\" aria-controls=\"flush-collapse16\">\u00bfCu\u00e1l ser\u00eda la subvenci\u00f3n para la Autopista AP-68?<\/button><\/h2><div id=\"flush-collapse16\" class=\"accordion-collapse collapse\" data-bs-parent=\"#accordionFlushExample\"><div class=\"accordion-body\">Para el c\u00e1lculo de la subvenci\u00f3n computar\u00e1n aquellos recorridos en los que los pasos por peaje del trayecto se realicen por las estaciones de peaje de la autopista AP-68 comprendidas entre Bilbao y Zambrana (esta \u00faltima incluida).<br>La cuant\u00eda de la subvenci\u00f3n se determinar\u00e1 aplicando un descuento del 60 por ciento al importe total<br>IVA incluido de los viajes realizados, siempre que se efect\u00faen 15 o m\u00e1s viajes al mes.<br>Nota importante: Para el c\u00e1lculo de la subvenci\u00f3n se tendr\u00e1 en cuenta aquellos recorridos que<br>comprendan todo o parte de los tramos se\u00f1alados.<br>Ej\u2026 Si se realiza el trayecto Areta \u2013 Haro, para que este trayecto pueda ser subvencionado la salida<br>debe realizarse en Zambrana.<\/div><\/div><\/div><\/div><div class=\"col-lg-6\"><div class=\"accordion-item\"><h2 class=\"accordion-header\"><button class=\"accordion-button collapsed\" type=\"button\" data-bs-toggle=\"collapse\" data-bs-target=\"#flush-collapse17\" aria-expanded=\"false\" aria-controls=\"flush-collapse17\">\u00bfCu\u00e1ndo sabr\u00e9 si se me ha concedido la subvenci\u00f3n?<\/button><\/h2><div id=\"flush-collapse17\" class=\"accordion-collapse collapse\" data-bs-parent=\"#accordionFlushExample\"><div class=\"accordion-body\">La persona titular del Departamento de Movilidad Sostenible e Infraestructuras Viarias, tras la comprobaci\u00f3n de las solicitudes presentadas cada mes de acuerdo con los criterios fijados en la convocatoria, dictar\u00e1 la resoluci\u00f3n que proceda, incluyendo aquellas personas solicitantes que han adquirido la condici\u00f3n de personas beneficiarias, as\u00ed como las solicitudes desestimadas, indicando el motivo de la desestimaci\u00f3n. La resoluci\u00f3n de concesi\u00f3n o denegaci\u00f3n ser\u00e1 notificada a las personas solicitantes por Arabako Bideak-V\u00edas de \u00c1lava, SA en el plazo m\u00e1ximo de un mes, seg\u00fan las formas previstas en el art\u00edculo 40 de la Ley 39\/2015, de 1 de octubre, del Procedimiento Administrativo Com\u00fan de las Administraciones P\u00fablicas.<\/div><\/div><\/div><\/div><div class=\"col-lg-6\"><div class=\"accordion-item\"><h2 class=\"accordion-header\"><button class=\"accordion-button collapsed\" type=\"button\" data-bs-toggle=\"collapse\" data-bs-target=\"#flush-collapse18\" aria-expanded=\"false\" aria-controls=\"flush-collapse18\">\u00bfDesde cu\u00e1ndo se aplicar\u00e1n las subvenciones?<\/button><\/h2><div id=\"flush-collapse18\" class=\"accordion-collapse collapse\" data-bs-parent=\"#accordionFlushExample\"><div class=\"accordion-body\">Desde la fecha de presentaci\u00f3n de la solicitud.<\/div><\/div><\/div><\/div><div class=\"col-lg-6\"><div class=\"accordion-item\"><h2 class=\"accordion-header\"><button class=\"accordion-button collapsed\" type=\"button\" data-bs-toggle=\"collapse\" data-bs-target=\"#flush-collapse19\" aria-expanded=\"false\" aria-controls=\"flush-collapse19\">\u00bfCu\u00e1ndo se realiza el abono de la subvenci\u00f3n?<\/button><\/h2><div id=\"flush-collapse19\" class=\"accordion-collapse collapse\" data-bs-parent=\"#accordionFlushExample\"><div class=\"accordion-body\">Dentro del mes siguiente a la finalizaci\u00f3n del trimestre natural al que tengan lugar los desplazamientos subvencionados.<br>Es decir, por ejemplo el abono de los trayectos realizados durante el primer trimestre del a\u00f1o<br>(enero, febrero y marzo) se realizar\u00e1n a finales del mes de abril.<\/div><\/div><\/div><\/div><div class=\"col-lg-6\"><div class=\"accordion-item\"><h2 class=\"accordion-header\"><button class=\"accordion-button collapsed\" type=\"button\" data-bs-toggle=\"collapse\" data-bs-target=\"#flush-collapse20\" aria-expanded=\"false\" aria-controls=\"flush-collapse20\">\u00bfPuedo ver los trayectos realizados durante el trimestre?<\/button><\/h2><div id=\"flush-collapse20\" class=\"accordion-collapse collapse\" data-bs-parent=\"#accordionFlushExample\"><div class=\"accordion-body\">S\u00ed, en el momento en el que se realicen los abonos del trimestre, se pondr\u00e1 tambi\u00e9n a su disposici\u00f3n en su \u00e1rea privada la informaci\u00f3n correspondiente a los trayectos realizados durante esos meses.<\/div><\/div><\/div><\/div><div class=\"col-lg-6\"><div class=\"accordion-item\"><h2 class=\"accordion-header\"><button class=\"accordion-button collapsed\" type=\"button\" data-bs-toggle=\"collapse\" data-bs-target=\"#flush-collapse21\" aria-expanded=\"false\" aria-controls=\"flush-collapse21\">\u00bfCu\u00e1l ser\u00eda la tarifa de los peajes?<\/button><\/h2><div id=\"flush-collapse21\" class=\"accordion-collapse collapse\" data-bs-parent=\"#accordionFlushExample\"><div class=\"accordion-body\">Se pueden consultar las tarifas <a href=\"https:\/\/www.arabat.eus\/es\/ap-1\/tarifas-ap-1\/\">aqu\u00ed<\/a> <\/div><\/div><\/div><\/div><\/div>\n\n\n<div style=\"height:80px\" aria-hidden=\"true\" class=\"wp-block-spacer\"><\/div>\n","protected":false},"excerpt":{"rendered":"<p>Aqu\u00ed encontrar\u00e1s respuestas a las preguntas m\u00e1s frecuentes sobre nuestras autopistas y tr\u00e1mites online.<\/p>\n","protected":false},"author":2,"featured_media":0,"parent":0,"menu_order":0,"comment_status":"closed","ping_status":"closed","template":"","meta":{"footnotes":""},"class_list":["post-613","page","type-page","status-publish","hentry"],"_links":{"self":[{"href":"https:\/\/www.arabat.eus\/es\/wp-json\/wp\/v2\/pages\/613","targetHints":{"allow":["GET"]}}],"collection":[{"href":"https:\/\/www.arabat.eus\/es\/wp-json\/wp\/v2\/pages"}],"about":[{"href":"https:\/\/www.arabat.eus\/es\/wp-json\/wp\/v2\/types\/page"}],"author":[{"embeddable":true,"href":"https:\/\/www.arabat.eus\/es\/wp-json\/wp\/v2\/users\/2"}],"replies":[{"embeddable":true,"href":"https:\/\/www.arabat.eus\/es\/wp-json\/wp\/v2\/comments?post=613"}],"version-history":[{"count":55,"href":"https:\/\/www.arabat.eus\/es\/wp-json\/wp\/v2\/pages\/613\/revisions"}],"predecessor-version":[{"id":3028,"href":"https:\/\/www.arabat.eus\/es\/wp-json\/wp\/v2\/pages\/613\/revisions\/3028"}],"wp:attachment":[{"href":"https:\/\/www.arabat.eus\/es\/wp-json\/wp\/v2\/media?parent=613"}],"curies":[{"name":"wp","href":"https:\/\/api.w.org\/{rel}","templated":true}]}}