{"id":638,"date":"2025-02-03T09:59:58","date_gmt":"2025-02-03T08:59:58","guid":{"rendered":"https:\/\/www.arabat.eus\/?page_id=638"},"modified":"2025-07-18T08:42:56","modified_gmt":"2025-07-18T06:42:56","slug":"ap-1","status":"publish","type":"page","link":"https:\/\/www.arabat.eus\/es\/ap-1\/","title":{"rendered":"AP-1"},"content":{"rendered":"\n<div class=\"wp-block-cover full-width inner-header\" style=\"min-height:16vh;aspect-ratio:unset;aspect-ratio:unset;\"><span aria-hidden=\"true\" class=\"wp-block-cover__background has-background-dim-40 has-background-dim wp-block-cover__gradient-background has-background-gradient\" style=\"background:linear-gradient(135deg,rgba(242,245,247,0) 32%,rgba(243,245,247,0.5) 47%,rgba(242,245,247,0) 100%)\"><\/span><img loading=\"lazy\" decoding=\"async\" width=\"2160\" height=\"663\" class=\"wp-block-cover__image-background wp-image-1640\" alt=\"Arabat\" src=\"https:\/\/www.arabat.eus\/wp-content\/uploads\/2025\/06\/arabat-inner-header-bg-10.jpg\" data-object-fit=\"cover\" srcset=\"https:\/\/www.arabat.eus\/wp-content\/uploads\/2025\/06\/arabat-inner-header-bg-10.jpg 2160w, https:\/\/www.arabat.eus\/wp-content\/uploads\/2025\/06\/arabat-inner-header-bg-10-300x92.jpg 300w, https:\/\/www.arabat.eus\/wp-content\/uploads\/2025\/06\/arabat-inner-header-bg-10-1024x314.jpg 1024w, https:\/\/www.arabat.eus\/wp-content\/uploads\/2025\/06\/arabat-inner-header-bg-10-768x236.jpg 768w, https:\/\/www.arabat.eus\/wp-content\/uploads\/2025\/06\/arabat-inner-header-bg-10-1536x471.jpg 1536w, https:\/\/www.arabat.eus\/wp-content\/uploads\/2025\/06\/arabat-inner-header-bg-10-2048x629.jpg 2048w\" sizes=\"auto, (max-width: 2160px) 100vw, 2160px\" \/><div class=\"wp-block-cover__inner-container is-layout-flow wp-block-cover-is-layout-flow\">\n<h1 class=\"wp-block-heading has-text-align-center display-5 my-5 text-text-color\">AP-1<\/h1>\n\n\n\n<p class=\"has-text-align-center mw-45 mx-auto lead\"><\/p>\n\n\n\n<div class=\"wp-block-group is-content-justification-center is-nowrap is-layout-flex wp-container-core-group-is-layout-1 wp-block-group-is-layout-flex\"><\/div>\n<\/div><\/div>\n\n\n\n<div class=\"wp-block-group pt-0 pt-lg-4 pb-5  mx-auto flex-column flex-lg-row section is-nowrap is-layout-flex wp-container-core-group-is-layout-2 wp-block-group-is-layout-flex\">\n<div class=\"wp-block-columns are-vertically-aligned-center mt-5 is-layout-flex wp-container-core-columns-is-layout-1 wp-block-columns-is-layout-flex\">\n<div class=\"wp-block-column is-vertically-aligned-center p-md-5 aos-fade-right is-layout-flow wp-block-column-is-layout-flow\" style=\"flex-basis:100%\">\n<h2 class=\"wp-block-heading has-text-align-left h3 mb-4 small-border\">Autopista del Norte<\/h2>\n\n\n\n<p class=\"has-text-align-left lead wp-container-content-1\">Te damos la bienvenida a la AP-1, la Autopista del Norte a su paso por \u00c1lava. Gestionamos sus 14,2 km, desde Etxabarri-Ibi\u00f1a (Vitoria-Gasteiz) hasta el l\u00edmite con Gipuzkoa, aplicando las t\u00e9cnicas m\u00e1s avanzadas para garantizar tu comodidad y seguridad en cada viaje.<\/p>\n<\/div>\n\n\n\n<div class=\"wp-block-column is-vertically-aligned-center aos-fade-left is-layout-flow wp-block-column-is-layout-flow\" style=\"flex-basis:100%\">\n<figure class=\"wp-block-embed is-type-video is-provider-youtube wp-block-embed-youtube wp-embed-aspect-16-9 wp-has-aspect-ratio mb-0\"><div class=\"wp-block-embed__wrapper\">\n<div class=\"ratio ratio-16x9\"><iframe loading=\"lazy\" title=\"AP1 Arabat 2025  V0\" width=\"800\" height=\"450\" src=\"https:\/\/www.youtube.com\/embed\/n5WyFWUNQuo?feature=oembed\" frameborder=\"0\" allow=\"accelerometer; autoplay; clipboard-write; encrypted-media; gyroscope; picture-in-picture; web-share\" referrerpolicy=\"strict-origin-when-cross-origin\" allowfullscreen><\/iframe><\/div>\n<\/div><\/figure>\n<\/div>\n<\/div>\n\n\n\n<p class=\"text-center text-lg-start wp-container-content-2\"><\/p>\n<\/div>\n\n\n\n<div id=\"peajes\" class=\"wp-block-group flex-column flex-lg-row py-5 is-nowrap is-layout-flex wp-container-core-group-is-layout-5 wp-block-group-is-layout-flex\">\n<div class=\"wp-block-group p-md-5 aos-fade-right wp-container-content-3\"><div class=\"wp-block-group__inner-container is-layout-constrained wp-block-group-is-layout-constrained\">\n<h2 class=\"wp-block-heading h3 small-border\">Peajes y Tarifas <\/h2>\n\n\n\n<p>El uso de la AP-1 conlleva el pago de un peaje destinado al mantenimiento y la financiaci\u00f3n de esta v\u00eda de alta capacidad. En los accesos de Etxabarri-Ibi\u00f1a y Luko puedes usar el telepeaje VIA-T para pagar c\u00f3modamente, sin detenerte y acceder a las bonificaciones del programa de subvenciones.<\/p>\n\n\n\n<div class=\"wp-block-buttons is-layout-flex wp-block-buttons-is-layout-flex\">\n<div class=\"wp-block-button\"><a class=\"wp-block-button__link has-primary-background-color has-background wp-element-button\" href=\"https:\/\/www.arabat.eus\/ap-1\/tarifas-ap-1\/\" style=\"border-radius:8px\">Calcular Tarifas<\/a><\/div>\n<\/div>\n<\/div><\/div>\n\n\n\n<div class=\"wp-block-group order-last order-md-first aos-zoom-in wp-container-content-4\"><div class=\"wp-block-group__inner-container is-layout-constrained wp-block-group-is-layout-constrained\">\n<figure class=\"wp-block-image size-large mb-0\"><img loading=\"lazy\" decoding=\"async\" width=\"1024\" height=\"427\" src=\"https:\/\/www.arabat.eus\/wp-content\/uploads\/2025\/05\/peajes-y-tarifas-02-1024x427.jpg\" alt=\"\" class=\"wp-image-1147\" srcset=\"https:\/\/www.arabat.eus\/wp-content\/uploads\/2025\/05\/peajes-y-tarifas-02-1024x427.jpg 1024w, https:\/\/www.arabat.eus\/wp-content\/uploads\/2025\/05\/peajes-y-tarifas-02-300x125.jpg 300w, https:\/\/www.arabat.eus\/wp-content\/uploads\/2025\/05\/peajes-y-tarifas-02-768x321.jpg 768w, https:\/\/www.arabat.eus\/wp-content\/uploads\/2025\/05\/peajes-y-tarifas-02.jpg 1119w\" sizes=\"auto, (max-width: 1024px) 100vw, 1024px\" \/><\/figure>\n<\/div><\/div>\n<\/div>\n\n\n\n<div id=\"recorrido\" class=\"wp-block-group flex-column flex-md-row py-5 is-nowrap is-layout-flex wp-container-core-group-is-layout-9 wp-block-group-is-layout-flex\">\n<div class=\"wp-block-group p-md-5 aos-fade-right wp-container-content-5\"><div class=\"wp-block-group__inner-container is-layout-constrained wp-block-group-is-layout-constrained\">\n<h2 class=\"wp-block-heading h3 small-border\">Recorrido <\/h2>\n\n\n\n<p>Conecta Burgos con Ir\u00fan. En \u00c1lava, la autopista tiene un tramo de 14,2 kil\u00f3metros que incluye dos t\u00faneles: el t\u00fanel de Luko (620 metros) y el t\u00fanel de Isuskitza (3,4 kil\u00f3metros, el m\u00e1s largo de Euskadi).<\/p>\n<\/div><\/div>\n\n\n\n<div class=\"wp-block-group aos-zoom-in wp-container-content-6\"><div class=\"wp-block-group__inner-container is-layout-constrained wp-block-group-is-layout-constrained\">\n<figure class=\"wp-block-image size-full img-fluid mb-0\"><img loading=\"lazy\" decoding=\"async\" width=\"1024\" height=\"427\" src=\"https:\/\/www.arabat.eus\/wp-content\/uploads\/2025\/02\/plano-recorrido-ap1-1.png\" alt=\"\" class=\"wp-image-679\" srcset=\"https:\/\/www.arabat.eus\/wp-content\/uploads\/2025\/02\/plano-recorrido-ap1-1.png 1024w, https:\/\/www.arabat.eus\/wp-content\/uploads\/2025\/02\/plano-recorrido-ap1-1-300x125.png 300w, https:\/\/www.arabat.eus\/wp-content\/uploads\/2025\/02\/plano-recorrido-ap1-1-768x320.png 768w\" sizes=\"auto, (max-width: 1024px) 100vw, 1024px\" \/><\/figure>\n\n\n\n<div class=\"wp-block-group\"><div class=\"wp-block-group__inner-container is-layout-constrained wp-block-group-is-layout-constrained\">\n<iframe class=\"d-none\"\n    src=\"https:\/\/www.google.es\/maps\/dir\/42.9114,-2.70196\/43.191661,-2.431927\/@43.064875,-2.433472,9z\/data=!4m5!4m4!1m1!4e1!1m1!4e1?hl=es&#038;entry=ttu&#038;g_ep=EgoyMDI1MDEyOS4xIKXMDSoASAFQAw%3D%3D\"\n    width=\"600\" height=\"450\" style=\"border:0;\" allowfullscreen=\"\" loading=\"lazy\"\n    referrerpolicy=\"no-referrer-when-downgrade\">\n<\/iframe>\n<\/div><\/div>\n<\/div><\/div>\n<\/div>\n\n\n\n<div id=\"transportes_especiales\" class=\"wp-block-group flex-column flex-md-row py-5 is-nowrap is-layout-flex wp-container-core-group-is-layout-12 wp-block-group-is-layout-flex\">\n<div class=\"wp-block-group aos-zoom-in wp-container-content-7\"><div class=\"wp-block-group__inner-container is-layout-constrained wp-block-group-is-layout-constrained\">\n<figure class=\"wp-block-image size-full img-fluid mb-0\"><img loading=\"lazy\" decoding=\"async\" width=\"1280\" height=\"850\" src=\"https:\/\/www.arabat.eus\/wp-content\/uploads\/2025\/06\/camion-de-gran-tamano-con-multiples-ruedas-y-tanque.jpg\" alt=\"camion-de-gran-tamano-con-multiples-ruedas-y-tanque\" class=\"wp-image-1513\" srcset=\"https:\/\/www.arabat.eus\/wp-content\/uploads\/2025\/06\/camion-de-gran-tamano-con-multiples-ruedas-y-tanque.jpg 1280w, https:\/\/www.arabat.eus\/wp-content\/uploads\/2025\/06\/camion-de-gran-tamano-con-multiples-ruedas-y-tanque-300x199.jpg 300w, https:\/\/www.arabat.eus\/wp-content\/uploads\/2025\/06\/camion-de-gran-tamano-con-multiples-ruedas-y-tanque-1024x680.jpg 1024w, https:\/\/www.arabat.eus\/wp-content\/uploads\/2025\/06\/camion-de-gran-tamano-con-multiples-ruedas-y-tanque-768x510.jpg 768w\" sizes=\"auto, (max-width: 1280px) 100vw, 1280px\" \/><\/figure>\n<\/div><\/div>\n\n\n\n<div class=\"wp-block-group p-md-5 aos-fade-left wp-container-content-8\"><div class=\"wp-block-group__inner-container is-layout-constrained wp-block-group-is-layout-constrained\">\n<h2 class=\"wp-block-heading h3 small-border\">Transportes especiales<\/h2>\n\n\n\n<p class=\"d-block d-mg-flex\">Si necesitas circular con un transporte especial por la AP-1 (por sus dimensiones, peso, etc.), debes solicitar una autorizaci\u00f3n espec\u00edfica. Nosotros nos encargamos de gestionar estos permisos para garantizar la seguridad de todos los veh\u00edculos.<\/p>\n\n\n\n<div class=\"wp-block-buttons is-layout-flex wp-block-buttons-is-layout-flex\">\n<div class=\"wp-block-button mt-4\"><a class=\"wp-block-button__link has-primary-background-color has-background wp-element-button\" href=\"https:\/\/www.arabat.eus\/tramites\/transporte-especial\/\" style=\"border-radius:8px\">Solicitar permiso<\/a><\/div>\n<\/div>\n<\/div><\/div>\n<\/div>\n\n\n\n<div id=\"obras\" class=\"wp-block-group mt-4 flex-column flex-lg-row d-none is-nowrap is-layout-flex wp-container-core-group-is-layout-14 wp-block-group-is-layout-flex\"><div class=\"wp-block-image order-last order-md-first\">\n<figure class=\"aligncenter size-full\"><img loading=\"lazy\" decoding=\"async\" width=\"1024\" height=\"427\" src=\"https:\/\/www.arabat.eus\/wp-content\/uploads\/2025\/02\/obras.jpg\" alt=\"Obras\" class=\"wp-image-687\" srcset=\"https:\/\/www.arabat.eus\/wp-content\/uploads\/2025\/02\/obras.jpg 1024w, https:\/\/www.arabat.eus\/wp-content\/uploads\/2025\/02\/obras-300x125.jpg 300w, https:\/\/www.arabat.eus\/wp-content\/uploads\/2025\/02\/obras-768x320.jpg 768w\" sizes=\"auto, (max-width: 1024px) 100vw, 1024px\" \/><\/figure><\/div>\n\n\n<div class=\"wp-block-group p-md-5 wp-container-content-9\"><div class=\"wp-block-group__inner-container is-layout-constrained wp-block-group-is-layout-constrained\">\n<h2 class=\"wp-block-heading h3 small-border\">Obras en curso<\/h2>\n\n\n\n<p>Actualmente, se est\u00e1n llevando a cabo obras en el nudo de Armi\u00f1\u00f3n para mejorar la conexi\u00f3n entre la AP-1 y la A-1. Estas obras incluyen la ampliaci\u00f3n de uno a dos carriles en la conexi\u00f3n en sentido Burgos-Madrid, con el objetivo de reducir las retenciones en picos de circulaci\u00f3n.<\/p>\n\n\n\n<p>Se espera que estas mejoras entren en servicio a principios de 2025.<\/p>\n<\/div><\/div>\n<\/div>\n\n\n\n<div id=\"una-via-segura\" class=\"wp-block-group mt-4 flex-column flex-lg-row mx-auto mw-60 is-nowrap is-layout-flex wp-container-core-group-is-layout-16 wp-block-group-is-layout-flex\">\n<div class=\"wp-block-group p-md-5 aos-fade-up wp-container-content-10\"><div class=\"wp-block-group__inner-container is-layout-constrained wp-block-group-is-layout-constrained\">\n<h2 class=\"wp-block-heading has-text-align-center h3 small-border center\">Una V\u00eda Segura, los 365 d\u00edas del a\u00f1o<\/h2>\n\n\n\n<p class=\"has-text-align-center\">Tu tranquilidad es nuestra prioridad. Por eso, contamos con un completo equipamiento t\u00e9cnico y humano para garantizar que la autopista est\u00e9 siempre en las mejores condiciones.<\/p>\n<\/div><\/div>\n<\/div>\n\n\n\n<div id=\"peajes\" class=\"wp-block-group flex-column flex-lg-row gap-0 is-nowrap is-layout-flex wp-container-core-group-is-layout-19 wp-block-group-is-layout-flex\">\n<div class=\"wp-block-group p-md-5 aos-fade-right wp-container-content-11\"><div class=\"wp-block-group__inner-container is-layout-constrained wp-block-group-is-layout-constrained\">\n<h3 class=\"wp-block-heading h4 small-border\">Vigilancia 24h<\/h3>\n\n\n\n<p class=\"d-none\">Desde nuestro centro de control, un equipo vigila el estado de la autopista las 24 horas del d\u00eda para dar una respuesta inmediata ante cualquier incidencia.<\/p>\n\n\n\n<p>Desde nuestro centro de control, un equipo especializado supervisa en tiempo real el estado de la autopista, las 24 horas del d\u00eda, los 365 d\u00edas del a\u00f1o. Gracias a tecnolog\u00eda avanzada y protocolos de actuaci\u00f3n inmediata, estamos preparados para detectar cualquier incidencia y actuar con rapidez, garantizando as\u00ed tu seguridad y la fluidez del tr\u00e1fico en todo momento..<\/p>\n<\/div><\/div>\n\n\n\n<div class=\"wp-block-group order-last order-md-first aos-zoom-in wp-container-content-12\"><div class=\"wp-block-group__inner-container is-layout-constrained wp-block-group-is-layout-constrained\">\n<figure class=\"wp-block-image size-large img-fluid mb-0\"><img loading=\"lazy\" decoding=\"async\" width=\"1024\" height=\"670\" src=\"https:\/\/www.arabat.eus\/wp-content\/uploads\/2025\/06\/AP1-Arabat-0M3A0241-QUINTAS-Luko-1024x670.jpg\" alt=\"Centro de control de Luko\" class=\"wp-image-1672\" srcset=\"https:\/\/www.arabat.eus\/wp-content\/uploads\/2025\/06\/AP1-Arabat-0M3A0241-QUINTAS-Luko-1024x670.jpg 1024w, https:\/\/www.arabat.eus\/wp-content\/uploads\/2025\/06\/AP1-Arabat-0M3A0241-QUINTAS-Luko-300x196.jpg 300w, https:\/\/www.arabat.eus\/wp-content\/uploads\/2025\/06\/AP1-Arabat-0M3A0241-QUINTAS-Luko-768x503.jpg 768w, https:\/\/www.arabat.eus\/wp-content\/uploads\/2025\/06\/AP1-Arabat-0M3A0241-QUINTAS-Luko.jpg 1280w\" sizes=\"auto, (max-width: 1024px) 100vw, 1024px\" \/><\/figure>\n<\/div><\/div>\n<\/div>\n\n\n\n<div id=\"recorrido\" class=\"wp-block-group flex-column flex-md-row gap-0 is-nowrap is-layout-flex wp-container-core-group-is-layout-23 wp-block-group-is-layout-flex\">\n<div class=\"wp-block-group p-md-5 aos-fade-right wp-container-content-13\"><div class=\"wp-block-group__inner-container is-layout-constrained wp-block-group-is-layout-constrained\">\n<h3 class=\"wp-block-heading h4 small-border\">Seguridad Invernal<\/h3>\n\n\n\n<p>Estamos preparados para actuar antes, durante y despu\u00e9s de las nevadas, evitando la formaci\u00f3n de hielo y asegurando la movilidad.<\/p>\n\n\n\n<p><strong>Recursos:<\/strong> Disponemos de m\u00e1quinas quitanieves con esparcidores de salmuera y dep\u00f3sitos de sal y salmuera ubicados estrat\u00e9gicamente para una actuaci\u00f3n r\u00e1pida y eficaz.<\/p>\n<\/div><\/div>\n\n\n\n<div class=\"wp-block-group aos-fade-left aos-zoom-in wp-container-content-14\"><div class=\"wp-block-group__inner-container is-layout-constrained wp-block-group-is-layout-constrained\">\n<figure class=\"wp-block-image size-full img-fluid mb-0\"><img loading=\"lazy\" decoding=\"async\" width=\"1280\" height=\"838\" src=\"https:\/\/www.arabat.eus\/wp-content\/uploads\/2025\/06\/quitanieves-arabat.jpg\" alt=\"Quitanieves Arabat AP-1\" class=\"wp-image-1902\" srcset=\"https:\/\/www.arabat.eus\/wp-content\/uploads\/2025\/06\/quitanieves-arabat.jpg 1280w, https:\/\/www.arabat.eus\/wp-content\/uploads\/2025\/06\/quitanieves-arabat-300x196.jpg 300w, https:\/\/www.arabat.eus\/wp-content\/uploads\/2025\/06\/quitanieves-arabat-1024x670.jpg 1024w, https:\/\/www.arabat.eus\/wp-content\/uploads\/2025\/06\/quitanieves-arabat-768x503.jpg 768w\" sizes=\"auto, (max-width: 1280px) 100vw, 1280px\" \/><\/figure>\n\n\n\n<div class=\"wp-block-group\"><div class=\"wp-block-group__inner-container is-layout-constrained wp-block-group-is-layout-constrained\">\n<iframe class=\"d-none\"\n    src=\"https:\/\/www.google.es\/maps\/dir\/42.9114,-2.70196\/43.191661,-2.431927\/@43.064875,-2.433472,9z\/data=!4m5!4m4!1m1!4e1!1m1!4e1?hl=es&#038;entry=ttu&#038;g_ep=EgoyMDI1MDEyOS4xIKXMDSoASAFQAw%3D%3D\"\n    width=\"600\" height=\"450\" style=\"border:0;\" allowfullscreen=\"\" loading=\"lazy\"\n    referrerpolicy=\"no-referrer-when-downgrade\">\n<\/iframe>\n<\/div><\/div>\n<\/div><\/div>\n<\/div>\n","protected":false},"excerpt":{"rendered":"<p>Autopista del Norte Te damos la bienvenida a la AP-1, la Autopista del Norte a su paso por \u00c1lava. Gestionamos [&hellip;]<\/p>\n","protected":false},"author":2,"featured_media":0,"parent":0,"menu_order":0,"comment_status":"closed","ping_status":"closed","template":"","meta":{"footnotes":""},"class_list":["post-638","page","type-page","status-publish","hentry"],"_links":{"self":[{"href":"https:\/\/www.arabat.eus\/es\/wp-json\/wp\/v2\/pages\/638","targetHints":{"allow":["GET"]}}],"collection":[{"href":"https:\/\/www.arabat.eus\/es\/wp-json\/wp\/v2\/pages"}],"about":[{"href":"https:\/\/www.arabat.eus\/es\/wp-json\/wp\/v2\/types\/page"}],"author":[{"embeddable":true,"href":"https:\/\/www.arabat.eus\/es\/wp-json\/wp\/v2\/users\/2"}],"replies":[{"embeddable":true,"href":"https:\/\/www.arabat.eus\/es\/wp-json\/wp\/v2\/comments?post=638"}],"version-history":[{"count":137,"href":"https:\/\/www.arabat.eus\/es\/wp-json\/wp\/v2\/pages\/638\/revisions"}],"predecessor-version":[{"id":2142,"href":"https:\/\/www.arabat.eus\/es\/wp-json\/wp\/v2\/pages\/638\/revisions\/2142"}],"wp:attachment":[{"href":"https:\/\/www.arabat.eus\/es\/wp-json\/wp\/v2\/media?parent=638"}],"curies":[{"name":"wp","href":"https:\/\/api.w.org\/{rel}","templated":true}]}}