{"id":642,"date":"2025-02-03T10:02:03","date_gmt":"2025-02-03T09:02:03","guid":{"rendered":"https:\/\/www.arabat.eus\/?page_id=642"},"modified":"2026-02-13T10:41:19","modified_gmt":"2026-02-13T09:41:19","slug":"ap-68","status":"publish","type":"page","link":"https:\/\/www.arabat.eus\/es\/ap-68\/","title":{"rendered":"AP-68"},"content":{"rendered":"\n<div class=\"wp-block-cover is-light full-width inner-header\" style=\"min-height:226px;aspect-ratio:unset;aspect-ratio:unset;\"><img loading=\"lazy\" decoding=\"async\" width=\"2160\" height=\"663\" class=\"wp-block-cover__image-background wp-image-603 size-full\" alt=\"\" src=\"https:\/\/www.arabat.eus\/wp-content\/uploads\/2025\/01\/arabat-inner-header-bg-04.jpg\" data-object-fit=\"cover\" srcset=\"https:\/\/www.arabat.eus\/wp-content\/uploads\/2025\/01\/arabat-inner-header-bg-04.jpg 2160w, https:\/\/www.arabat.eus\/wp-content\/uploads\/2025\/01\/arabat-inner-header-bg-04-300x92.jpg 300w, https:\/\/www.arabat.eus\/wp-content\/uploads\/2025\/01\/arabat-inner-header-bg-04-1024x314.jpg 1024w, https:\/\/www.arabat.eus\/wp-content\/uploads\/2025\/01\/arabat-inner-header-bg-04-768x236.jpg 768w, https:\/\/www.arabat.eus\/wp-content\/uploads\/2025\/01\/arabat-inner-header-bg-04-1536x471.jpg 1536w, https:\/\/www.arabat.eus\/wp-content\/uploads\/2025\/01\/arabat-inner-header-bg-04-2048x629.jpg 2048w\" sizes=\"auto, (max-width: 2160px) 100vw, 2160px\" \/><span aria-hidden=\"true\" class=\"wp-block-cover__background has-background-dim-40 has-background-dim wp-block-cover__gradient-background has-background-gradient\" style=\"background:linear-gradient(135deg,rgba(242,245,247,0) 32%,rgba(243,245,247,0.5) 47%,rgba(242,245,247,0) 100%)\"><\/span><div class=\"wp-block-cover__inner-container is-layout-flow wp-block-cover-is-layout-flow\">\n<h1 class=\"wp-block-heading has-text-align-center display-5\">AP-68<\/h1>\n\n\n\n<p class=\"has-text-align-center mw-45 mx-auto lead\"><\/p>\n\n\n\n<div class=\"wp-block-group is-content-justification-center is-nowrap is-layout-flex wp-container-core-group-is-layout-1 wp-block-group-is-layout-flex\"><\/div>\n<\/div><\/div>\n\n\n\n<div class=\"wp-block-group section mx-auto flex-column flex-md-row is-nowrap is-layout-flex wp-container-core-group-is-layout-3 wp-block-group-is-layout-flex\">\n<figure class=\"wp-block-image size-full is-resized text-center mb-5 wp-container-content-1\"><img loading=\"lazy\" decoding=\"async\" width=\"1024\" height=\"806\" src=\"https:\/\/www.arabat.eus\/wp-content\/uploads\/2025\/01\/arabat-pruebas-logo-foto-1024.png\" alt=\"\" class=\"wp-image-541\" style=\"width:640px\" srcset=\"https:\/\/www.arabat.eus\/wp-content\/uploads\/2025\/01\/arabat-pruebas-logo-foto-1024.png 1024w, https:\/\/www.arabat.eus\/wp-content\/uploads\/2025\/01\/arabat-pruebas-logo-foto-1024-300x236.png 300w, https:\/\/www.arabat.eus\/wp-content\/uploads\/2025\/01\/arabat-pruebas-logo-foto-1024-768x605.png 768w\" sizes=\"auto, (max-width: 1024px) 100vw, 1024px\" \/><\/figure>\n\n\n\n<div class=\"wp-block-group p-md-5 wp-container-content-2\"><div class=\"wp-block-group__inner-container is-layout-constrained wp-block-group-is-layout-constrained\">\n<p class=\"lead\">La AP-68, tambi\u00e9n conocida como la Autopista Vasco-Aragonesa o Autopista del Ebro, es una autopista de peaje que conecta Bilbao con Zaragoza.<\/p>\n\n\n\n<p>A su paso por \u00c1lava, la AP-68 es una v\u00eda crucial para el transporte de mercanc\u00edas y pasajeros.<\/p>\n\n\n\n<p>En \u00c1lava, la AP-68 atraviesa municipios como Llodio y Amurrio, y cuenta con \u00e1reas de servicio y peajes que aseguran una conducci\u00f3n c\u00f3moda y segura.<\/p>\n\n\n\n<p>Esta autopista es fundamental para el desarrollo econ\u00f3mico y social de la regi\u00f3n, ya que mejora la accesibilidad y reduce los tiempos de viaje.<\/p>\n\n\n\n<p><strong>Actualmente Arabat<\/strong>&nbsp;(Arabako Bideak-V\u00edas de \u00c1lava, S.A.) no tiene la funci\u00f3n de gesti\u00f3n de la AP-68. Sin embargo, Arabat s\u00ed que tiene encomendada la gesti\u00f3n de la subvenci\u00f3n de la Diputaci\u00f3n Foral de \u00c1lava destinada a las personas f\u00edsicas residentes en \u00c1lava.<\/p>\n\n\n\n<p><strong>Arabat <\/strong>colabora con otras entidades para mejorar la infraestructura vial en la provincia, asegurando que las carreteras sean seguras y eficientes para todos los usuarios.<\/p>\n\n\n\n<p><strong><a href=\"https:\/\/www.arabat.eus\/wp-content\/uploads\/2026\/02\/26_003-Avasa-AP68-Bilbao_Zaragoza-T26.pdf\" target=\"_blank\" rel=\"noreferrer noopener\">Se pueden consultar las tarifas en AVASA<\/a><\/strong><\/p>\n<\/div><\/div>\n<\/div>\n\n\n\n<p><\/p>\n","protected":false},"excerpt":{"rendered":"<p>La AP-68, tambi\u00e9n conocida como la Autopista Vasco-Aragonesa o Autopista del Ebro, es una autopista de peaje que conecta Bilbao [&hellip;]<\/p>\n","protected":false},"author":2,"featured_media":0,"parent":0,"menu_order":0,"comment_status":"closed","ping_status":"closed","template":"","meta":{"footnotes":""},"class_list":["post-642","page","type-page","status-publish","hentry"],"_links":{"self":[{"href":"https:\/\/www.arabat.eus\/es\/wp-json\/wp\/v2\/pages\/642","targetHints":{"allow":["GET"]}}],"collection":[{"href":"https:\/\/www.arabat.eus\/es\/wp-json\/wp\/v2\/pages"}],"about":[{"href":"https:\/\/www.arabat.eus\/es\/wp-json\/wp\/v2\/types\/page"}],"author":[{"embeddable":true,"href":"https:\/\/www.arabat.eus\/es\/wp-json\/wp\/v2\/users\/2"}],"replies":[{"embeddable":true,"href":"https:\/\/www.arabat.eus\/es\/wp-json\/wp\/v2\/comments?post=642"}],"version-history":[{"count":6,"href":"https:\/\/www.arabat.eus\/es\/wp-json\/wp\/v2\/pages\/642\/revisions"}],"predecessor-version":[{"id":3038,"href":"https:\/\/www.arabat.eus\/es\/wp-json\/wp\/v2\/pages\/642\/revisions\/3038"}],"wp:attachment":[{"href":"https:\/\/www.arabat.eus\/es\/wp-json\/wp\/v2\/media?parent=642"}],"curies":[{"name":"wp","href":"https:\/\/api.w.org\/{rel}","templated":true}]}}