{"id":913,"date":"2025-03-03T12:22:43","date_gmt":"2025-03-03T11:22:43","guid":{"rendered":"https:\/\/www.arabat.eus\/?page_id=913"},"modified":"2025-09-24T10:29:56","modified_gmt":"2025-09-24T08:29:56","slug":"abono-viajes","status":"publish","type":"page","link":"https:\/\/www.arabat.eus\/es\/tramites\/abono-viajes\/","title":{"rendered":"Abono de pagos pendientes en la Autopista AP-1"},"content":{"rendered":"\n<div class=\"wp-block-group container-fluid pt-5\"><div class=\"wp-block-group__inner-container is-layout-flow wp-block-group-is-layout-flow\">\n<div class=\"wp-block-columns row g-4 mb-4 align-items-strecht is-layout-flex wp-container-core-columns-is-layout-2 wp-block-columns-is-layout-flex\">\n<div class=\"wp-block-column col-md-6 is-layout-flow wp-block-column-is-layout-flow\">\n<div class=\"wp-block-group card border-0 h-100 bg-white p-4 rounded\"><div class=\"wp-block-group__inner-container is-layout-flow wp-block-group-is-layout-flow\">\n<h3 class=\"wp-block-heading mb-0 d-flex align-items-center\">\n    <i class=\"bi bi-bank me-3 text-primary\"><\/i>\n    Realizar Transferencia Bancaria\n<\/h3>\n\n\n\n<p class=\"lead\">Realiza una transferencia a la siguiente cuenta bancaria:<\/p>\n\n\n\n<div class=\"wp-block-group bg-light p-4 rounded mt-4\"><div class=\"wp-block-group__inner-container is-layout-flow wp-block-group-is-layout-flow\">\n<h5 class=\"wp-block-heading text-primary fw-bold\">\n    <i class=\"bi bi-credit-card me-2\"><\/i>\n    IBAN\n<\/h5>\n\n\n\n<div class=\"input-group mb-3\">\n    <input type=\"text\" class=\"form-control font-monospace\" \n           value=\"ES53 0081 5565 9300 0160 8364\" readonly \n           id=\"ibanInput\">\n    <button class=\"btn btn-primary\" type=\"button\" \n            onclick=\"copyToClipboard('ibanInput')\">\n        <i class=\"bi bi-copy\"><\/i>\n    <\/button>\n<\/div>\n\n\n\n<h5 class=\"wp-block-heading text-primary fw-bold\">\n    <i class=\"bi bi-globe me-2\"><\/i>\n    SWIFT\/BIC\n<\/h5>\n\n\n\n<div class=\"input-group mb-3\">\n    <input type=\"text\" class=\"form-control font-monospace\" \n           value=\"BSABESBB\" readonly \n           id=\"swiftInput\">\n    <button class=\"btn btn-primary\" type=\"button\" \n            onclick=\"copyToClipboard('swiftInput')\">\n        <i class=\"bi bi-copy\"><\/i>\n    <\/button>\n<\/div>\n\n\n\n<p class=\"text-muted small\">Solo para pagos desde cuentas extranjeras<\/p>\n<\/div><\/div>\n<\/div><\/div>\n<\/div>\n\n\n\n<div class=\"wp-block-column col-md-6 is-layout-flow wp-block-column-is-layout-flow\">\n<div class=\"wp-block-group card border-0 h-100 bg-white p-4 rounded\"><div class=\"wp-block-group__inner-container is-layout-flow wp-block-group-is-layout-flow\">\n<h3 class=\"wp-block-heading mb-0 d-flex align-items-center\">\n    <i class=\"bi bi-exclamation-triangle me-3 text-warning\"><\/i>\n    Informaci\u00f3n Importante\n<\/h3>\n\n\n\n<div class=\"wp-block-group alert alert-warning d-flex align-items-start mt-4 p-1\"><div class=\"wp-block-group__inner-container is-layout-flow wp-block-group-is-layout-flow\">\n<div class=\"wp-block-columns are-vertically-aligned-top p-5 is-layout-flex wp-container-core-columns-is-layout-1 wp-block-columns-is-layout-flex\">\n<div class=\"wp-block-column is-vertically-aligned-top is-layout-flow wp-block-column-is-layout-flow\">\n<h5 class=\"wp-block-heading alert-heading\">\u00a1Importante!<\/h5>\n\n\n\n<p>No olvides indicar en la descripci\u00f3n del concepto:<\/p>\n\n\n\n<ul class=\"wp-block-list mb-0\">\n<li>El <strong>n\u00famero de tr\u00e1nsito<\/strong><\/li>\n\n\n\n<li>La <strong>matr\u00edcula del veh\u00edculo<\/strong><\/li>\n<\/ul>\n\n\n\n<p class=\"mb-0 mt-2\">Esto nos permitir\u00e1 identificar y anular tu reconocimiento de deuda correctamente.<\/p>\n<\/div>\n<\/div>\n<\/div><\/div>\n<\/div><\/div>\n<\/div>\n<\/div>\n\n\n\n<div class=\"wp-block-group card mb-4 border-0 bg-white p-4 rounded\"><div class=\"wp-block-group__inner-container is-layout-flow wp-block-group-is-layout-flow\">\n<h3 class=\"wp-block-heading mb-0 d-flex align-items-center\">\n    <i class=\"bi bi-send me-3 text-success\"><\/i>\n    Enviar Comprobantes\n<\/h3>\n\n\n\n<p class=\"lead\">Env\u00eda los siguientes documentos por email:<\/p>\n\n\n\n<div class=\"wp-block-columns row g-3 my-4 is-layout-flex wp-container-core-columns-is-layout-3 wp-block-columns-is-layout-flex\">\n<div class=\"wp-block-column col-md-6 is-layout-flow wp-block-column-is-layout-flow\">\n<div class=\"wp-block-group w-100  p-4 bg-light rounded gap-3 is-nowrap is-layout-flex wp-container-core-group-is-layout-7 wp-block-group-is-layout-flex\">\n<div class=\"wp-block-group bg-success text-white rounded-circle d-flex align-items-center justify-content-center flex-shrink-0 wp-container-content-1\" style=\"min-height:50px;padding-top:0;padding-right:0;padding-bottom:0;padding-left:0\"><div class=\"wp-block-group__inner-container is-layout-flow wp-block-group-is-layout-flow\">\n<p class=\"has-text-align-center mb-0\">\ud83d\udcc4<\/p>\n<\/div><\/div>\n\n\n\n<div class=\"wp-block-group w-100 flex-grow-1 is-vertical is-layout-flex wp-container-core-group-is-layout-6 wp-block-group-is-layout-flex\">\n<h6 class=\"wp-block-heading mb-0 fw-bold\">Comprobante de transferencia<\/h6>\n\n\n\n<p class=\"text-muted mb-0 has-small-font-size\">Justificante bancario de la operaci\u00f3n<\/p>\n<\/div>\n<\/div>\n<\/div>\n\n\n\n<div class=\"wp-block-column col-md-6 is-layout-flow wp-block-column-is-layout-flow\">\n<div class=\"wp-block-group w-100  p-4 bg-light rounded gap-3 is-nowrap is-layout-flex wp-container-core-group-is-layout-10 wp-block-group-is-layout-flex\">\n<div class=\"wp-block-group bg-success text-white rounded-circle d-flex align-items-center justify-content-center flex-shrink-0 wp-container-content-2\" style=\"min-height:50px;padding-top:0;padding-right:0;padding-bottom:0;padding-left:0\"><div class=\"wp-block-group__inner-container is-layout-flow wp-block-group-is-layout-flow\">\n<p class=\"has-text-align-center mb-0\">\ud83e\uddfe<\/p>\n<\/div><\/div>\n\n\n\n<div class=\"wp-block-group w-100 flex-grow-1 is-vertical is-layout-flex wp-container-core-group-is-layout-9 wp-block-group-is-layout-flex\">\n<h6 class=\"wp-block-heading mb-0 fw-bold\">Ticket \u00abReconocimiento de deuda\u00bb<\/h6>\n\n\n\n<p class=\"text-muted mb-0 has-small-font-size\">Foto del ticket que has abonado<\/p>\n<\/div>\n<\/div>\n<\/div>\n<\/div>\n\n\n\n<div class=\"wp-block-group text-center\"><div class=\"wp-block-group__inner-container is-layout-flow wp-block-group-is-layout-flow\">\n<a href=\"mailto:arabat@arabat.org?subject=Abono AP-1 - Comprobantes&#038;body=Estimados se\u00f1ores,%0D%0A%0D%0AAdjunto los comprobantes del abono realizado:%0D%0A- Comprobante de transferencia bancaria%0D%0A- Foto del ticket 'Reconocimiento de deuda'%0D%0A%0D%0AN\u00famero de tr\u00e1nsito: [Indicar aqu\u00ed]%0D%0AMatr\u00edcula: [Indicar aqu\u00ed]%0D%0A%0D%0AUn saludo\" \n   class=\"btn btn-primary btn-lg mt-4\">\n    <i class=\"bi bi-envelope me-2\"><\/i>\n    Enviar por Email\n<\/a>\n\n\n\n<p class=\"text-muted mt-3 mb-0\">\n    <i class=\"bi bi-envelope me-1\"><\/i>\n    arabat@arabat.org\n<\/p>\n<\/div><\/div>\n<\/div><\/div>\n<\/div><\/div>\n\n\n\n<script>\nfunction copyToClipboard(inputId) {\n    const input = document.getElementById(inputId);\n    input.select();\n    input.setSelectionRange(0, 99999); \/\/ Para m\u00f3viles\n    \n    try {\n        document.execCommand('copy');\n        \/\/ Opcional: mostrar mensaje de confirmaci\u00f3n\n        const button = input.nextElementSibling;\n        const originalText = button.innerHTML;\n        button.innerHTML = '<i class=\"bi bi-check\"><\/i>';\n        setTimeout(() => {\n            button.innerHTML = originalText;\n        }, 2000);\n    } catch (err) {\n        console.error('Error al copiar: ', err);\n    }\n}\n<\/script>\n","protected":false},"excerpt":{"rendered":"<p>Realizar Transferencia Bancaria Realiza una transferencia a la siguiente cuenta bancaria: IBAN SWIFT\/BIC Solo para pagos desde cuentas extranjeras Informaci\u00f3n [&hellip;]<\/p>\n","protected":false},"author":2,"featured_media":0,"parent":801,"menu_order":0,"comment_status":"closed","ping_status":"closed","template":"page-abono-viajes.php","meta":{"footnotes":""},"class_list":["post-913","page","type-page","status-publish","hentry"],"_links":{"self":[{"href":"https:\/\/www.arabat.eus\/es\/wp-json\/wp\/v2\/pages\/913","targetHints":{"allow":["GET"]}}],"collection":[{"href":"https:\/\/www.arabat.eus\/es\/wp-json\/wp\/v2\/pages"}],"about":[{"href":"https:\/\/www.arabat.eus\/es\/wp-json\/wp\/v2\/types\/page"}],"author":[{"embeddable":true,"href":"https:\/\/www.arabat.eus\/es\/wp-json\/wp\/v2\/users\/2"}],"replies":[{"embeddable":true,"href":"https:\/\/www.arabat.eus\/es\/wp-json\/wp\/v2\/comments?post=913"}],"version-history":[{"count":79,"href":"https:\/\/www.arabat.eus\/es\/wp-json\/wp\/v2\/pages\/913\/revisions"}],"predecessor-version":[{"id":2874,"href":"https:\/\/www.arabat.eus\/es\/wp-json\/wp\/v2\/pages\/913\/revisions\/2874"}],"up":[{"embeddable":true,"href":"https:\/\/www.arabat.eus\/es\/wp-json\/wp\/v2\/pages\/801"}],"wp:attachment":[{"href":"https:\/\/www.arabat.eus\/es\/wp-json\/wp\/v2\/media?parent=913"}],"curies":[{"name":"wp","href":"https:\/\/api.w.org\/{rel}","templated":true}]}}