{"id":1240,"date":"2025-01-31T13:32:57","date_gmt":"2025-01-31T12:32:57","guid":{"rendered":"https:\/\/www.arabat.eus\/kontaktua\/"},"modified":"2026-03-18T12:20:13","modified_gmt":"2026-03-18T11:20:13","slug":"kontaktua","status":"publish","type":"page","link":"https:\/\/www.arabat.eus\/eu\/kontaktua\/","title":{"rendered":"Kontaktua"},"content":{"rendered":"\n<div class=\"wp-block-cover full-width inner-header\" style=\"min-height:16vh;aspect-ratio:unset;aspect-ratio:unset;\"><span aria-hidden=\"true\" class=\"wp-block-cover__background has-background-dim-40 has-background-dim wp-block-cover__gradient-background has-background-gradient\" style=\"background:linear-gradient(135deg,rgba(242,245,247,0) 32%,rgba(243,245,247,0.5) 47%,rgba(242,245,247,0) 100%)\"><\/span><img loading=\"lazy\" decoding=\"async\" width=\"2160\" height=\"663\" class=\"wp-block-cover__image-background wp-image-1640\" alt=\"Arabat\" src=\"https:\/\/www.arabat.eus\/wp-content\/uploads\/2025\/06\/arabat-inner-header-bg-10.jpg\" data-object-fit=\"cover\" srcset=\"https:\/\/www.arabat.eus\/wp-content\/uploads\/2025\/06\/arabat-inner-header-bg-10.jpg 2160w, https:\/\/www.arabat.eus\/wp-content\/uploads\/2025\/06\/arabat-inner-header-bg-10-300x92.jpg 300w, https:\/\/www.arabat.eus\/wp-content\/uploads\/2025\/06\/arabat-inner-header-bg-10-1024x314.jpg 1024w, https:\/\/www.arabat.eus\/wp-content\/uploads\/2025\/06\/arabat-inner-header-bg-10-768x236.jpg 768w, https:\/\/www.arabat.eus\/wp-content\/uploads\/2025\/06\/arabat-inner-header-bg-10-1536x471.jpg 1536w, https:\/\/www.arabat.eus\/wp-content\/uploads\/2025\/06\/arabat-inner-header-bg-10-2048x629.jpg 2048w\" sizes=\"auto, (max-width: 2160px) 100vw, 2160px\" \/><div class=\"wp-block-cover__inner-container is-layout-flow wp-block-cover-is-layout-flow\">\n<h1 class=\"wp-block-heading has-text-align-center display-5 my-5 text-text-color\">Kontaktua<\/h1>\n\n\n\n<p class=\"has-text-align-center mw-45 mx-auto lead\"><\/p>\n\n\n\n<div class=\"wp-block-group is-content-justification-center is-nowrap is-layout-flex wp-container-core-group-is-layout-1 wp-block-group-is-layout-flex\"><\/div>\n<\/div><\/div>\n\n\n\n<div class=\"wp-block-group section mx-auto flex-column flex-lg-row is-nowrap is-layout-flex wp-container-core-group-is-layout-6 wp-block-group-is-layout-flex\">\n<div class=\"wp-block-group wp-container-content-1\"><div class=\"wp-block-group__inner-container is-layout-constrained wp-block-group-is-layout-constrained\">\n<iframe src=\"https:\/\/www.google.com\/maps\/embed?pb=!1m18!1m12!1m3!1d93613.28807922419!2d-2.7210029252104833!3d42.84296432534743!2m3!1f0!2f0!3f0!3m2!1i1024!2i768!4f13.1!3m3!1m2!1s0xd4fc26c93b25593%3A0x7621e4f582d373be!2sARABAT%20-%20V%C3%ADas%20De%20%C3%81lava%20S%20A!5e0!3m2!1ses!2ses!4v1738328897031!5m2!1ses!2ses\" width=\"100%\" height=\"450\" style=\"border:0;\" allowfullscreen=\"\" loading=\"lazy\" referrerpolicy=\"no-referrer-when-downgrade\"><\/iframe>\n\n\n\n<h3 class=\"wp-block-heading mt-4\">Arabako Bideak-V\u00edas de \u00c1lava, S.A<\/h3>\n\n\n\n<div class=\"wp-block-group chip\"><div class=\"wp-block-group__inner-container is-layout-constrained wp-block-group-is-layout-constrained\">\n<div class=\"wp-block-group gap-2 mt-3 is-layout-flex wp-container-core-group-is-layout-2 wp-block-group-is-layout-flex\">\n<p class=\"con-ico-phone\">945 13 46 90<\/p>\n\n\n\n<p class=\"con-ico-mail\"><a href=\"mailto:subvenciones@arabat.org\" data-type=\"mailto\" data-id=\"mailto:subvenciones@arabat.org\">subvenciones@arabat.org<\/a><\/p>\n\n\n\n<p class=\"con-ico-location\">Vicente Goicoechea Kalea, 1, 01008 Vitoria-Gasteiz, Araba<\/p>\n<\/div>\n\n\n\n<h4 class=\"wp-block-heading mt-4  h5\"><strong>Jendaurreko arreta:<\/strong><\/h4>\n\n\n\n<p>Astelehenetik ostiralera 9:30etik 13:30etara<\/p>\n\n\n\n<p><strong>Bezeroarentzako<\/strong> arreta <strong>aurrez aurrekoa hitzordu<\/strong> bidezkoa da, deitu <strong>945134690<\/strong> telefonora.<\/p>\n\n\n\n<h4 class=\"wp-block-heading mt-4  h5\"><strong>Fakturak:<\/strong><\/h4>\n\n\n\n<p>Fakturei buruzko kontsultak egiteko, deitu<strong> 945 980 006 <\/strong>telefonora.<\/p>\n\n\n\n<p>Email: <a href=\"mailto:factura@arabat.eus\">factura@arabat.eus<\/a><\/p>\n\n\n\n<h4 class=\"wp-block-heading h5 mt-4\"><strong>Erreklamazioak<\/strong>:<\/h4>\n\n\n\n<p>AP-1 eta AP-68 autobideei buruzko kexak aurkezteko:<br> <strong><a href=\"https:\/\/www.arabat.eus\/eu\/erreklamazioak\/\">Prozesatu online<\/a><\/strong> edo deskargatu <a href=\"https:\/\/www.arabat.eus\/wp-content\/uploads\/2025\/06\/HOJA-DE-RECLAMACIONES.pdf\">erreklamazio-orria<\/a> ohiko prozesamendurako.<\/p>\n<\/div><\/div>\n<\/div><\/div>\n\n\n\n<div class=\"wp-block-group px-lg-5 wp-container-content-2\"><div class=\"wp-block-group__inner-container is-layout-constrained wp-block-group-is-layout-constrained\">\n<h2 class=\"wp-block-heading has-text-align-left small-border mt-5 mt-lg-0\">Galderarik?<\/h2>\n\n\n\n<p>Mesedez, bete beheko formularioa zure galderak egiteko edo zure iradokizunak bidaltzeko.<\/p>\n\n\n\n    <form id=\"arabat-contact-form\" method=\"post\" class=\"needs-validation\" novalidate>\n                <div class=\"mb-3\">\n            <label for=\"tipoConsulta\" class=\"form-label\"> Kontsulta mota  *<\/label>\n            <select id=\"tipoConsulta\" name=\"tipoConsulta\" class=\"form-select\" required>\n            <option value=\"\" disabled selected>Aukeratu ...<\/option>\n            <option value=\"AP-1 Diru-laguntza \">AP-1 Diru-laguntza <\/option>\n            <option value=\"Faktura\">Faktura<\/option>\n            <option value=\"Beste batzuk\">Beste batzuk<\/option>\n            <\/select>\n        <\/div>\n        <div class=\"mb-3\">\n            <label for=\"nombre\" class=\"form-label\">Izena *<\/label>\n            <input type=\"text\" class=\"form-control\" id=\"nombre\" name=\"nombre\" required>\n            <div class=\"invalid-feedback\">Izena derrigorrezko eremua da<\/div>\n        <\/div>\n        \n        <div class=\"mb-3\">\n            <label for=\"email\" class=\"form-label\">Posta elektronikoa *<\/label>\n            <input type=\"email\" class=\"form-control\" id=\"email\" name=\"email\" required>\n            <div class=\"invalid-feedback\">Posta elektronikoa ez du formatu baliozkorik<\/div>\n        <\/div>\n        \n        <div class=\"mb-3\">\n            <label for=\"telefono\" class=\"form-label\">Telefonoa *<\/label>\n            <input type=\"tel\" class=\"form-control\" id=\"telefono\" name=\"telefono\" required>\n            <div class=\"invalid-feedback\">Telefonoa derrigorrezko eremua da<\/div>\n        <\/div>\n        \n        <div class=\"mb-3\">\n            <label for=\"consulta\" class=\"form-label\">Kontsulta *<\/label>\n            <textarea class=\"form-control\" id=\"consulta\" name=\"consulta\" rows=\"5\" required><\/textarea>\n            <div class=\"invalid-feedback\">Kontsulta derrigorrezko eremua da<\/div>\n        <\/div>\n        \n        <div class=\"mb-3 form-check\">\n            <input type=\"checkbox\" class=\"form-check-input\" id=\"privacidad\" name=\"privacidad\" required>\n            <label class=\"form-check-label\" for=\"privacidad\">Pribatutasun politika irakurri eta onartzen dut *<\/label>\n            <div class=\"invalid-feedback\">Pribatutasun politika irakurri eta onartzen dut derrigorrezko eremua da<\/div>\n        <\/div>\n        \n            <div style=\"position: absolute; left: -9999px; top: -9999px;\" aria-hidden=\"true\">\n        <label for=\"website_url\">Website<\/label>\n        <input type=\"text\" name=\"website_url\" id=\"website_url\" value=\"\" tabindex=\"-1\" autocomplete=\"off\">\n    <\/div>\n    <input type=\"hidden\" name=\"_form_token\" value=\"eyJ0aW1lIjoxNzc2NjEwNDkyLCJub25jZSI6IjdiYzQ0ODgwMmYifQ==\">\n    <div class=\"form-group\"><div class=\"g-recaptcha\" data-sitekey=\"6LeRJGUrAAAAAGvUtFEs8gHDMyaL_fTIdu9n_RLv\" data-callback=\"onRecaptchaSuccess\" data-expired-callback=\"onRecaptchaExpired\"><\/div><\/div>        <button type=\"submit\" name=\"arabat_contact_submit\" id=\"arabat-submit-btn\" class=\"btn btn-lg btn-primary-dark w-100 mt-3\" disabled>Bidali<\/button>\n    <\/form>\n    \n    <script>\n    document.addEventListener('DOMContentLoaded', function() {\n        let recaptchaCompleted = false;\n\n        window.onRecaptchaSuccess = function() {\n            recaptchaCompleted = true;\n            validateForm(); \/\/ Revalida el formulario al completar el reCAPTCHA\n        };\n\n        window.onRecaptchaExpired = function() {\n            recaptchaCompleted = false;\n            validateForm(); \/\/ Revalida cuando el token expira\n\n            setTimeout(() => {\n                grecaptcha.reset();\n            }, 500);\n        };\n\n        const form = document.getElementById('arabat-contact-form');\n        const submitBtn = document.getElementById('arabat-submit-btn');\n        const inputs = form.querySelectorAll('input[required], textarea[required], select[required]');\n        \n        \/\/ Objeto para rastrear si un campo ha sido tocado\n        const touchedFields = {};\n        \n        \/\/ Funci\u00f3n para validar el formulario y activar\/desactivar el bot\u00f3n\n        function validateForm() {\n            let isValid = true;\n            \n            \/\/ Verificar cada campo requerido\n            inputs.forEach(input => {\n                if (input.type === 'checkbox') {\n                    if (!input.checked) {\n                        isValid = false;\n                    }\n                    \n                    \/\/ Solo mostrar error si el campo ha sido tocado\n                    if (touchedFields[input.id]) {\n                        if (!input.checked) {\n                            input.classList.add('is-invalid');\n                        } else {\n                            input.classList.remove('is-invalid');\n                        }\n                    }\n                } else {\n                    if (!input.value.trim()) {\n                        isValid = false;\n                    }\n                    \n                    \/\/ Solo mostrar error si el campo ha sido tocado\n                    if (touchedFields[input.id]) {\n                        if (!input.value.trim()) {\n                            input.classList.add('is-invalid');\n                        } else {\n                            input.classList.remove('is-invalid');\n                            \n                            \/\/ Validaci\u00f3n espec\u00edfica para email\n                            if (input.type === 'email') {\n                                const emailPattern = \/^[^\\s@]+@[^\\s@]+\\.[^\\s@]+$\/;\n                                if (!emailPattern.test(input.value)) {\n                                    input.classList.add('is-invalid');\n                                    isValid = false;\n                                }\n                            }\n                        }\n                    }\n                }\n            });\n            \n            \/\/ Desactivar el bot\u00f3n si el reCAPTCHA no se ha completado\n            if (!recaptchaCompleted) {\n                isValid = false;\n            }\n            \/\/ Activar o desactivar el bot\u00f3n seg\u00fan la validaci\u00f3n\n            submitBtn.disabled = !isValid;\n        }\n        \n        \/\/ Marcar un campo como tocado cuando pierde el foco\n        inputs.forEach(input => {\n            \/\/ Al hacer focus, no mostrar errores todav\u00eda\n            input.addEventListener('focus', function() {\n                \/\/ No hacemos nada al hacer focus\n            });\n            \n            \/\/ Al perder el foco, marcar como tocado y validar\n            input.addEventListener('blur', function() {\n                touchedFields[input.id] = true;\n                validateForm();\n            });\n            \n            \/\/ Validar en cada cambio para actualizar el estado del bot\u00f3n\n            input.addEventListener('input', validateForm);\n            input.addEventListener('change', validateForm);\n        });\n        \n        \/\/ Validaci\u00f3n de Bootstrap al enviar\n        form.addEventListener('submit', function(event) {\n            \/\/ Marcar todos los campos como tocados\n            inputs.forEach(input => {\n                touchedFields[input.id] = true;\n            });\n            \n            validateForm();\n            \n            if (!form.checkValidity()) {\n                event.preventDefault();\n                event.stopPropagation();\n            }\n            \n            form.classList.add('was-validated');\n        }, false);\n        \n        \/\/ Validaci\u00f3n inicial para el estado del bot\u00f3n\n        validateForm();\n    });\n    <\/script>\n    \n<\/div><\/div>\n<\/div>\n","protected":false},"excerpt":{"rendered":"<p>Arabako Bideak-V\u00edas de \u00c1lava, S.A 945 13 46 90 subvenciones@arabat.org Vicente Goicoechea Kalea, 1, 01008 Vitoria-Gasteiz, Araba Jendaurreko arreta: Astelehenetik [&hellip;]<\/p>\n","protected":false},"author":2,"featured_media":0,"parent":0,"menu_order":0,"comment_status":"closed","ping_status":"closed","template":"","meta":{"footnotes":""},"class_list":["post-1240","page","type-page","status-publish","hentry"],"_links":{"self":[{"href":"https:\/\/www.arabat.eus\/eu\/wp-json\/wp\/v2\/pages\/1240","targetHints":{"allow":["GET"]}}],"collection":[{"href":"https:\/\/www.arabat.eus\/eu\/wp-json\/wp\/v2\/pages"}],"about":[{"href":"https:\/\/www.arabat.eus\/eu\/wp-json\/wp\/v2\/types\/page"}],"author":[{"embeddable":true,"href":"https:\/\/www.arabat.eus\/eu\/wp-json\/wp\/v2\/users\/2"}],"replies":[{"embeddable":true,"href":"https:\/\/www.arabat.eus\/eu\/wp-json\/wp\/v2\/comments?post=1240"}],"version-history":[{"count":18,"href":"https:\/\/www.arabat.eus\/eu\/wp-json\/wp\/v2\/pages\/1240\/revisions"}],"predecessor-version":[{"id":3120,"href":"https:\/\/www.arabat.eus\/eu\/wp-json\/wp\/v2\/pages\/1240\/revisions\/3120"}],"wp:attachment":[{"href":"https:\/\/www.arabat.eus\/eu\/wp-json\/wp\/v2\/media?parent=1240"}],"curies":[{"name":"wp","href":"https:\/\/api.w.org\/{rel}","templated":true}]}}