{"id":1246,"date":"2025-02-03T08:24:03","date_gmt":"2025-02-03T07:24:03","guid":{"rendered":"https:\/\/www.arabat.eus\/galderak\/"},"modified":"2026-02-13T10:21:53","modified_gmt":"2026-02-13T09:21:53","slug":"galderak","status":"publish","type":"page","link":"https:\/\/www.arabat.eus\/eu\/galderak\/","title":{"rendered":"Galderak"},"content":{"rendered":"\n<div class=\"wp-block-cover full-width inner-header\" style=\"min-height:16vh;aspect-ratio:unset;aspect-ratio:unset;\"><img loading=\"lazy\" decoding=\"async\" width=\"2160\" height=\"663\" class=\"wp-block-cover__image-background wp-image-1640\" alt=\"Arabat\" src=\"https:\/\/www.arabat.eus\/wp-content\/uploads\/2025\/06\/arabat-inner-header-bg-10.jpg\" data-object-fit=\"cover\" srcset=\"https:\/\/www.arabat.eus\/wp-content\/uploads\/2025\/06\/arabat-inner-header-bg-10.jpg 2160w, https:\/\/www.arabat.eus\/wp-content\/uploads\/2025\/06\/arabat-inner-header-bg-10-300x92.jpg 300w, https:\/\/www.arabat.eus\/wp-content\/uploads\/2025\/06\/arabat-inner-header-bg-10-1024x314.jpg 1024w, https:\/\/www.arabat.eus\/wp-content\/uploads\/2025\/06\/arabat-inner-header-bg-10-768x236.jpg 768w, https:\/\/www.arabat.eus\/wp-content\/uploads\/2025\/06\/arabat-inner-header-bg-10-1536x471.jpg 1536w, https:\/\/www.arabat.eus\/wp-content\/uploads\/2025\/06\/arabat-inner-header-bg-10-2048x629.jpg 2048w\" sizes=\"auto, (max-width: 2160px) 100vw, 2160px\" \/><span aria-hidden=\"true\" class=\"wp-block-cover__background has-background-dim-40 has-background-dim wp-block-cover__gradient-background has-background-gradient\" style=\"background:linear-gradient(135deg,rgba(242,245,247,0) 32%,rgba(243,245,247,0.5) 47%,rgba(242,245,247,0) 100%)\"><\/span><div class=\"wp-block-cover__inner-container is-layout-flow wp-block-cover-is-layout-flow\">\n<h1 class=\"wp-block-heading has-text-align-center display-5 my-5 text-text-color\">Galderak<\/h1>\n\n\n\n<p class=\"has-text-align-center mw-45 mx-auto lead\"><\/p>\n\n\n\n<div class=\"wp-block-group is-content-justification-center is-nowrap is-layout-flex wp-container-core-group-is-layout-1 wp-block-group-is-layout-flex\"><\/div>\n<\/div><\/div>\n\n\n\n<p class=\"has-text-align-center mt-5 mb-5\">Hemen aurkituko dituzu gure inguruko galdera ohikoenen erantzunak\n autobideak eta lineako prozedurak.<\/p>\n\n\n<div id=\"accordionFlushExample\" class=\"accordion accordion-flush mb-5 row \"><div class=\"col-lg-6\"><div class=\"accordion-item\"><h2 class=\"accordion-header\"><button class=\"accordion-button collapsed\" type=\"button\" data-bs-toggle=\"collapse\" data-bs-target=\"#flush-collapse1\" aria-expanded=\"false\" aria-controls=\"flush-collapse1\"> Ba al du AFAk dirulaguntzarik autobideetan ibiltzeko? <\/button><\/h2><div id=\"flush-collapse1\" class=\"accordion-collapse collapse\" data-bs-parent=\"#accordionFlushExample\"><div class=\"accordion-body\">Bai, AP-1 eta AP-68 autobideetako zati jakin batzuetan. <br>\n     Hauek dira tarte horiek: <br>\n    AP-1: Bi tarte daude: \n    <ol>\n        <li> 1. tartea: Etxabarri-Ibi\u00f1a eta Eskoriatza artean <\/li>\n        <li> 2. tartea: Entre Eskoriatza eta Maltzaga artean.<\/li>\n    <\/ol>\n    <p> AP-68: Bilbo eta Zanbrana arteko ordainlekuak. <\/p><\/div><\/div><\/div><\/div><div class=\"col-lg-6\"><div class=\"accordion-item\"><h2 class=\"accordion-header\"><button class=\"accordion-button collapsed\" type=\"button\" data-bs-toggle=\"collapse\" data-bs-target=\"#flush-collapse2\" aria-expanded=\"false\" aria-controls=\"flush-collapse2\"> Bi dirulaguntzak eska daitezke? <\/button><\/h2><div id=\"flush-collapse2\" class=\"accordion-collapse collapse\" data-bs-parent=\"#accordionFlushExample\"><div class=\"accordion-body\"> Bai. Bakarra edo biak eska daitezke, eskaera-inprimakian agertzen diren laukitxoetan adierazita. <\/div><\/div><\/div><\/div><div class=\"col-lg-6\"><div class=\"accordion-item\"><h2 class=\"accordion-header\"><button class=\"accordion-button collapsed\" type=\"button\" data-bs-toggle=\"collapse\" data-bs-target=\"#flush-collapse3\" aria-expanded=\"false\" aria-controls=\"flush-collapse3\"> Nork eska ditzake dirulaguntzak? <\/button><\/h2><div id=\"flush-collapse3\" class=\"accordion-collapse collapse\" data-bs-parent=\"#accordionFlushExample\"><div class=\"accordion-body\">Baldintza hauek betetzen dituzten pertsona fisikoak: :\n    <ol>\n        <li> Ohiko bizilekua Arabako Lurralde Historikoan izatea.<\/li>\n        <li>Teleordainketako gailu telematiko baten titulartasuna izatea eta haren bidez ordaintzea Dirulaguntzan sartzen diren joan-etorriak.<\/li>\n        <li> Arabako Foru Ogasunarekiko zerga-betebeharrak egunean izatea. <\/li>\n        <li>Dirulaguntzaren eskaeran atxikitako ibilgailuak erabiltzea. Ibilgailuek\nerabilera partikularra, lanbide-, enpresa- edo ekonomia-jarduerari lotuta ez dagoena. <\/li>\n        <li> Dirulaguntzei buruzko Foru Arauaren 12. artikuluan ezarritako egoeretako batean ere ez egotea. Egoera hori eskabidean jasotako erantzukizunpeko adierazpenaren bidez egiaztatuko da. <\/li>\n        <li>Eskuagatik diskriminazioa egiteagatik zigor administratibo edo penalik jaso ez izana.\nEmakumeen eta Gizonen Berdintasunerako otsailaren 18ko 4\/2005 Legean aurreikusitakoaren arabera. <\/li>\n    <\/ol>\n<\/div><\/div><\/div><\/div><div class=\"col-lg-6\"><div class=\"accordion-item\"><h2 class=\"accordion-header\"><button class=\"accordion-button collapsed\" type=\"button\" data-bs-toggle=\"collapse\" data-bs-target=\"#flush-collapse4\" aria-expanded=\"false\" aria-controls=\"flush-collapse4\">Zer egin behar dut dirulaguntza eskatzeko? <\/button><\/h2><div id=\"flush-collapse4\" class=\"accordion-collapse collapse\" data-bs-parent=\"#accordionFlushExample\"><div class=\"accordion-body\"> Eskabidea behar bezala beteta aurkeztu behar duzu. Esteka honetan aurki dezakezu: https:\/\/www.arabat.eus\/wp-content\/uploads\/2025\/06\/modelo_solicitud-bonif.pdf <br>Eskatutako dokumentazioarekin batera. <\/div><\/div><\/div><\/div><div class=\"col-lg-6\"><div class=\"accordion-item\"><h2 class=\"accordion-header\"><button class=\"accordion-button collapsed\" type=\"button\" data-bs-toggle=\"collapse\" data-bs-target=\"#flush-collapse5\" aria-expanded=\"false\" aria-controls=\"flush-collapse5\"> Zer dokumentazio aurkeztu behar da betetako eskabideaz gain? <\/button><\/h2><div id=\"flush-collapse5\" class=\"accordion-collapse collapse\" data-bs-parent=\"#accordionFlushExample\"><div class=\"accordion-body\">    <ol>\n        <li>NANaren fotokopia.<\/li>\n        <li>Arabako udalerriren batean erroldatuta egotearen ziurtagiria.<\/li>\n        <li>Arabako Foru Ogasunean zerga-betebeharrak egunean dituela egiaztatzen duen ziurtagiria.<\/li>\n        <li>Eskatzailearen banku-kontuaren titulartasuneko finantza-erakundeak emandako egiaztagiria. Bertan, bidesari telematikoak, teleordainketako gailuaren erabilgarritasuna eta titulartasuna eta zenbaketa osoa lotuko dira. <\/li>\n        <li> Ibilgailuaren zirkulazio-baimenaren fotokopia (ez gidabaimena). <\/li>\n    <\/ol><\/div><\/div><\/div><\/div><div class=\"col-lg-6\"><div class=\"accordion-item\"><h2 class=\"accordion-header\"><button class=\"accordion-button collapsed\" type=\"button\" data-bs-toggle=\"collapse\" data-bs-target=\"#flush-collapse6\" aria-expanded=\"false\" aria-controls=\"flush-collapse6\"> Non entregatu behar da dokumentazioa? <\/button><\/h2><div id=\"flush-collapse6\" class=\"accordion-collapse collapse\" data-bs-parent=\"#accordionFlushExample\"><div class=\"accordion-body\"> Dokumentazioa aurrez aurre edo telematikoki aurkez daiteke. <br>\n     1. Aurrez aurre gure bulegoetan, helbide honetan: \n    <div>ARABAKO BIDEAK \u2013 V\u00cdAS DE \u00c1LAVA S.A. (ARABAT)<br> VIAS DE \u00c1LAVA S.A. (ARABAT)\n        <br>\n       Vicente Goikoetxea kalea, 1 \u2013 1\u00ba 4. bulegoa <br>\n01008 Vitoria-Gasteiz <br>\nArreta ordutegia: 8:30 \u2013 13:30 \n        <br>\n       2. <strong>Online<\/strong>: <a href=\"https:\/\/www.arabat.eus\/eu\/formaltasunak\/bonuak\/bonus-eskaera\/\">hemen<\/a><\/div><\/div><\/div><\/div><\/div><div class=\"col-lg-6\"><div class=\"accordion-item\"><h2 class=\"accordion-header\"><button class=\"accordion-button collapsed\" type=\"button\" data-bs-toggle=\"collapse\" data-bs-target=\"#flush-collapse7\" aria-expanded=\"false\" aria-controls=\"flush-collapse7\"> Non eska dezaket zerga-betebeharrak egunean izatearen ziurtagiria? <\/button><\/h2><div id=\"flush-collapse7\" class=\"accordion-collapse collapse\" data-bs-parent=\"#accordionFlushExample\"><div class=\"accordion-body\">Arabako Foru Ogasunean edo haren egoitza elektronikoaren bidez. <\/div><\/div><\/div><\/div><div class=\"col-lg-6\"><div class=\"accordion-item\"><h2 class=\"accordion-header\"><button class=\"accordion-button collapsed\" type=\"button\" data-bs-toggle=\"collapse\" data-bs-target=\"#flush-collapse8\" aria-expanded=\"false\" aria-controls=\"flush-collapse8\"> Araban bizi banaiz baina zergaduna ez banaiz, zer egin behar dut? <\/button><\/h2><div id=\"flush-collapse8\" class=\"accordion-collapse collapse\" data-bs-parent=\"#accordionFlushExample\"><div class=\"accordion-body\"> Beharrezkoa da, lehenik, zergadun gisa alta ematea Arabako Foru Ogasunean, eta, ondoren, zerga-betebeharrak egunean dituela egiaztatzen duen ziurtagiria eskatzea edo izapidetzea. <\/div><\/div><\/div><\/div><div class=\"col-lg-6\"><div class=\"accordion-item\"><h2 class=\"accordion-header\"><button class=\"accordion-button collapsed\" type=\"button\" data-bs-toggle=\"collapse\" data-bs-target=\"#flush-collapse9\" aria-expanded=\"false\" aria-controls=\"flush-collapse9\"> Zenbat ibilgailu atxiki ditzaket dirulaguntzara? <\/button><\/h2><div id=\"flush-collapse9\" class=\"accordion-collapse collapse\" data-bs-parent=\"#accordionFlushExample\"><div class=\"accordion-body\">Gehienez bi ibilgailu. <\/div><\/div><\/div><\/div><div class=\"col-lg-6\"><div class=\"accordion-item\"><h2 class=\"accordion-header\"><button class=\"accordion-button collapsed\" type=\"button\" data-bs-toggle=\"collapse\" data-bs-target=\"#flush-collapse10\" aria-expanded=\"false\" aria-controls=\"flush-collapse10\"> Edozein ibilgailu atxiki dezaket? <\/button><\/h2><div id=\"flush-collapse10\" class=\"accordion-collapse collapse\" data-bs-parent=\"#accordionFlushExample\"><div class=\"accordion-body\">Bai, baldin eta jarduera profesional, enpresarial edo ekonomikoari lotuta ez badago. <\/div><\/div><\/div><\/div><div class=\"col-lg-6\"><div class=\"accordion-item\"><h2 class=\"accordion-header\"><button class=\"accordion-button collapsed\" type=\"button\" data-bs-toggle=\"collapse\" data-bs-target=\"#flush-collapse11\" aria-expanded=\"false\" aria-controls=\"flush-collapse11\"> Renting edo leasing ibilgailu bat badut, eska al dezaket dirulaguntza? <\/button><\/h2><div id=\"flush-collapse11\" class=\"accordion-collapse collapse\" data-bs-parent=\"#accordionFlushExample\"><div class=\"accordion-body\"> Bai, baina horretarako leasing\/renting kuoten ordainagiria erantsi beharko du, horren titulartasuna egiaztatu ahal izateko. Ordainketa-kuotak pertsona fisiko batek ordaindu behar ditu. <\/div><\/div><\/div><\/div><div class=\"col-lg-6\"><div class=\"accordion-item\"><h2 class=\"accordion-header\"><button class=\"accordion-button collapsed\" type=\"button\" data-bs-toggle=\"collapse\" data-bs-target=\"#flush-collapse12\" aria-expanded=\"false\" aria-controls=\"flush-collapse12\"> Non eska dezaket teleordainketako gailua? <\/button><\/h2><div id=\"flush-collapse12\" class=\"accordion-collapse collapse\" data-bs-parent=\"#accordionFlushExample\"><div class=\"accordion-body\"> Edozein banketxetan eta zerbitzu hori eskaintzen duten enpresa espezializatuetan, hala nola Bip &amp; Driven edo Pagatelian. <\/div><\/div><\/div><\/div><div class=\"col-lg-6\"><div class=\"accordion-item\"><h2 class=\"accordion-header\"><button class=\"accordion-button collapsed\" type=\"button\" data-bs-toggle=\"collapse\" data-bs-target=\"#flush-collapse13\" aria-expanded=\"false\" aria-controls=\"flush-collapse13\"> Zer egin behar dut nire datuak eskaera egin ondoren aldatzen badira? <\/button><\/h2><div id=\"flush-collapse13\" class=\"accordion-collapse collapse\" data-bs-parent=\"#accordionFlushExample\"><div class=\"accordion-body\">\nDatuak aldatzeko inprimakia betetzeaz gain (esteka honetan aurki daiteke: https:\/\/www.arabat.eus\/wp-content\/uploads\/2025\/06\/modelo_modif-bonif.pdf), aldaketa hori egiaztatzen duen dokumentua bidali behar diguzu. Adibidez, ibilgailu berri bati alta ematen bazaio, ibilgailu berri horren zirkulazio-baimenaren fotokopia aurkeztu behar da; helbidea aldatzen bada, errolda-ziurtagiri berria aurkeztu behar da&#8230;<\/div><\/div><\/div><\/div><div class=\"col-lg-6\"><div class=\"accordion-item\"><h2 class=\"accordion-header\"><button class=\"accordion-button collapsed\" type=\"button\" data-bs-toggle=\"collapse\" data-bs-target=\"#flush-collapse14\" aria-expanded=\"false\" aria-controls=\"flush-collapse14\"> Zertan datza dirulaguntza? <\/button><\/h2><div id=\"flush-collapse14\" class=\"accordion-collapse collapse\" data-bs-parent=\"#accordionFlushExample\"><div class=\"accordion-body\"> Autobidearen arabera aldatzen da. <\/div><\/div><\/div><\/div><div class=\"col-lg-6\"><div class=\"accordion-item\"><h2 class=\"accordion-header\"><button class=\"accordion-button collapsed\" type=\"button\" data-bs-toggle=\"collapse\" data-bs-target=\"#flush-collapse15\" aria-expanded=\"false\" aria-controls=\"flush-collapse15\"> Zein izango litzateke AP-1 autobiderako dirulaguntza? <\/button><\/h2><div id=\"flush-collapse15\" class=\"accordion-collapse collapse\" data-bs-parent=\"#accordionFlushExample\"><div class=\"accordion-body\">    AP-1ean: bi tarte daude:<ol>\n        <li>1. tartea: Etxabarri-Ibi\u00f1a eta Eskoriatza artean: Zati horretako dirulaguntza jaso ahal izateko,\nerabiltzaileak 15 eurotik gorako gastua egin behar du hilean, BEZa barne. Zenbateko hori\nerabiltzaileari eta gainerakoei % 100eko dirulaguntza emango zaie, hilean 50 ibilbide gehienez. <\/li>\n        <li>\n2. tartea: Eskoriatza eta Maltzaga artean. Tarte horretako dirulaguntza jaso ahal izateko, hilean 60 eurotik gorako gastua egin behar du erabiltzaileak, BEZa barne.<br> Zenbateko hori erabiltzailearen kontura izango da, eta gainerakoari % 100eko dirulaguntza emango zaio, hileko 50 ibilaldiko mugarekin. <\/li>\n    <\/ol><\/div><\/div><\/div><\/div><div class=\"col-lg-6\"><div class=\"accordion-item\"><h2 class=\"accordion-header\"><button class=\"accordion-button collapsed\" type=\"button\" data-bs-toggle=\"collapse\" data-bs-target=\"#flush-collapse16\" aria-expanded=\"false\" aria-controls=\"flush-collapse16\"> Zein izango litzateke AP-68 autobiderako dirulaguntza? <\/button><\/h2><div id=\"flush-collapse16\" class=\"accordion-collapse collapse\" data-bs-parent=\"#accordionFlushExample\"><div class=\"accordion-body\">Dirulaguntza kalkulatzeko, Bilbo eta Zanbrana arteko AP-68 autobideko ordainlekuetan bidesari bidez egiten diren ibilbideak hartuko dira kontuan (azken hori barne). Dirulaguntzaren zenbatekoa kalkulatzeko, egindako bidaien guztizko zenbatekoari (BEZa barne) ehuneko 60ko deskontua aplikatuko zaio, betiere hilean 15 bidaia edo gehiago egiten badira. Ohar garrantzitsua: dirulaguntza kalkulatzeko, adierazitako tarte guztiak edo zati bat hartzen duten ibilbideak hartuko dira kontuan. Adib.: Areta \u2013 Haro ibilbidea egiten bada, ibilbide hori diruz lagundu ahal izateko, irteera Zanbranan egin behar da.<\/div><\/div><\/div><\/div><div class=\"col-lg-6\"><div class=\"accordion-item\"><h2 class=\"accordion-header\"><button class=\"accordion-button collapsed\" type=\"button\" data-bs-toggle=\"collapse\" data-bs-target=\"#flush-collapse17\" aria-expanded=\"false\" aria-controls=\"flush-collapse17\"> Noiz jakingo dut dirulaguntza eman didaten? <\/button><\/h2><div id=\"flush-collapse17\" class=\"accordion-collapse collapse\" data-bs-parent=\"#accordionFlushExample\"><div class=\"accordion-body\"> Arabako Foru Aldundiko Bide Azpiegitura eta Mugikortasun Saileko titularrak, hilero deialdian ezarritako irizpideen arabera aurkeztutako eskabideak egiaztatu ondoren, dagokion ebazpena emango du, onuradun izan diren eskatzaileak barne, bai eta ezetsitako eskabideak ere, ezesteko arrazoia adierazita. Emakidaren edo ukapenaren ebazpena Arabako Bideak-V\u00edas de \u00c1lava, SAk jakinaraziko die eskatzaileei, gehienez ere hilabeteko epean, Administrazio Publikoen Administrazio Prozedura Erkidearen urriaren 1eko 39\/2015 Legearen 40. artikuluan aurreikusitako moduetan. <\/div><\/div><\/div><\/div><div class=\"col-lg-6\"><div class=\"accordion-item\"><h2 class=\"accordion-header\"><button class=\"accordion-button collapsed\" type=\"button\" data-bs-toggle=\"collapse\" data-bs-target=\"#flush-collapse18\" aria-expanded=\"false\" aria-controls=\"flush-collapse18\"> Noiz jakingo dut dirulaguntza eman didaten? <\/button><\/h2><div id=\"flush-collapse18\" class=\"accordion-collapse collapse\" data-bs-parent=\"#accordionFlushExample\"><div class=\"accordion-body\"> Eskabidea aurkezten den egunetik. <\/div><\/div><\/div><\/div><div class=\"col-lg-6\"><div class=\"accordion-item\"><h2 class=\"accordion-header\"><button class=\"accordion-button collapsed\" type=\"button\" data-bs-toggle=\"collapse\" data-bs-target=\"#flush-collapse19\" aria-expanded=\"false\" aria-controls=\"flush-collapse19\"> Noiz ordaintzen da dirulaguntza? <\/button><\/h2><div id=\"flush-collapse19\" class=\"accordion-collapse collapse\" data-bs-parent=\"#accordionFlushExample\"><div class=\"accordion-body\">Diruz lagundutako joan-etorrien hiruhileko naturala amaitu eta hurrengo hilabetearen barruan, hau da, urteko lehen hiruhilekoan (urtarrila, otsaila eta martxoa) egindako ibilbideen ordainketa apirilaren amaieran egingo da.<\/div><\/div><\/div><\/div><div class=\"col-lg-6\"><div class=\"accordion-item\"><h2 class=\"accordion-header\"><button class=\"accordion-button collapsed\" type=\"button\" data-bs-toggle=\"collapse\" data-bs-target=\"#flush-collapse20\" aria-expanded=\"false\" aria-controls=\"flush-collapse20\"> Ikus al ditzaket hiruhilekoan egindako ibilbideak? <\/button><\/h2><div id=\"flush-collapse20\" class=\"accordion-collapse collapse\" data-bs-parent=\"#accordionFlushExample\"><div class=\"accordion-body\"> Bai, hiruhilekoko abonuak egiten diren unean, hilabete horietan egindako ibilbideei buruzko informazioa zure eremu pribatuan ere jarriko da. <\/div><\/div><\/div><\/div><div class=\"col-lg-6\"><div class=\"accordion-item\"><h2 class=\"accordion-header\"><button class=\"accordion-button collapsed\" type=\"button\" data-bs-toggle=\"collapse\" data-bs-target=\"#flush-collapse21\" aria-expanded=\"false\" aria-controls=\"flush-collapse21\"> Zein izango litzateke bidesarien tarifa? <\/button><\/h2><div id=\"flush-collapse21\" class=\"accordion-collapse collapse\" data-bs-parent=\"#accordionFlushExample\"><div class=\"accordion-body\"> Jarraian, honekin batera doakizu egungo tarifak jasotzen dituen koadroa. <\/div><\/div><\/div><\/div><\/div>\n\n\n<div style=\"height:80px\" aria-hidden=\"true\" class=\"wp-block-spacer\"><\/div>\n","protected":false},"excerpt":{"rendered":"<p>Hemen aurkituko dituzu gure inguruko galdera ohikoenen erantzunak autobideak eta lineako prozedurak.<\/p>\n","protected":false},"author":2,"featured_media":0,"parent":0,"menu_order":0,"comment_status":"closed","ping_status":"closed","template":"","meta":{"footnotes":""},"class_list":["post-1246","page","type-page","status-publish","hentry"],"_links":{"self":[{"href":"https:\/\/www.arabat.eus\/eu\/wp-json\/wp\/v2\/pages\/1246","targetHints":{"allow":["GET"]}}],"collection":[{"href":"https:\/\/www.arabat.eus\/eu\/wp-json\/wp\/v2\/pages"}],"about":[{"href":"https:\/\/www.arabat.eus\/eu\/wp-json\/wp\/v2\/types\/page"}],"author":[{"embeddable":true,"href":"https:\/\/www.arabat.eus\/eu\/wp-json\/wp\/v2\/users\/2"}],"replies":[{"embeddable":true,"href":"https:\/\/www.arabat.eus\/eu\/wp-json\/wp\/v2\/comments?post=1246"}],"version-history":[{"count":20,"href":"https:\/\/www.arabat.eus\/eu\/wp-json\/wp\/v2\/pages\/1246\/revisions"}],"predecessor-version":[{"id":3032,"href":"https:\/\/www.arabat.eus\/eu\/wp-json\/wp\/v2\/pages\/1246\/revisions\/3032"}],"wp:attachment":[{"href":"https:\/\/www.arabat.eus\/eu\/wp-json\/wp\/v2\/media?parent=1246"}],"curies":[{"name":"wp","href":"https:\/\/api.w.org\/{rel}","templated":true}]}}